{"id":6675,"date":"2024-05-27T19:04:58","date_gmt":"2024-05-27T19:04:58","guid":{"rendered":"https:\/\/cider.ufpso.edu.co\/?page_id=6675"},"modified":"2025-02-12T19:32:57","modified_gmt":"2025-02-12T19:32:57","slug":"investigadores","status":"publish","type":"page","link":"https:\/\/cider.ufpso.edu.co\/?page_id=6675","title":{"rendered":"Investigadores GICAE"},"content":{"rendered":"\n<div class=\"wp-block-columns is-layout-flex wp-container-core-columns-is-layout-4 wp-block-columns-is-layout-flex\">\n<div class=\"wp-block-column is-layout-flow wp-block-column-is-layout-flow\"><div class=\"wp-block-image\">\n<figure class=\"aligncenter size-full is-resized\"><img loading=\"lazy\" decoding=\"async\" width=\"331\" height=\"510\" src=\"https:\/\/cider.ufpso.edu.co\/wp-content\/uploads\/2024\/05\/Imagen1-1.png\" alt=\"\" class=\"wp-image-6701\" style=\"width:299px;height:auto\" srcset=\"https:\/\/cider.ufpso.edu.co\/wp-content\/uploads\/2024\/05\/Imagen1-1.png 331w, https:\/\/cider.ufpso.edu.co\/wp-content\/uploads\/2024\/05\/Imagen1-1-195x300.png 195w\" sizes=\"auto, (max-width: 331px) 100vw, 331px\" \/><\/figure><\/div>\n\n\n<hr class=\"wp-block-separator has-alpha-channel-opacity\"\/>\n\n\n\n<p class=\"has-text-align-center has-small-font-size\"><strong>Jos\u00e9 Andr\u00e9s Bayona Soto<\/strong><br><\/p>\n\n\n\n<div class=\"wp-block-columns are-vertically-aligned-top is-layout-flex wp-container-core-columns-is-layout-1 wp-block-columns-is-layout-flex\">\n<div class=\"wp-block-column is-vertically-aligned-top is-layout-flow wp-block-column-is-layout-flow\"><div class=\"wp-block-image\">\n<figure class=\"aligncenter size-full is-resized\"><a href=\"https:\/\/scienti.minciencias.gov.co\/cvlac\/visualizador\/generarCurriculoCv.do?cod_rh=0001409068\"><img loading=\"lazy\" decoding=\"async\" width=\"500\" height=\"501\" src=\"https:\/\/cider.ufpso.edu.co\/wp-content\/uploads\/2024\/05\/icono_1.png\" alt=\"\" class=\"wp-image-6666\" style=\"width:66px;height:auto\" srcset=\"https:\/\/cider.ufpso.edu.co\/wp-content\/uploads\/2024\/05\/icono_1.png 500w, https:\/\/cider.ufpso.edu.co\/wp-content\/uploads\/2024\/05\/icono_1-300x300.png 300w, https:\/\/cider.ufpso.edu.co\/wp-content\/uploads\/2024\/05\/icono_1-150x150.png 150w\" sizes=\"auto, (max-width: 500px) 100vw, 500px\" \/><\/a><\/figure><\/div><\/div>\n\n\n\n<div class=\"wp-block-column is-vertically-aligned-top is-layout-flow wp-block-column-is-layout-flow\">\n<figure class=\"wp-block-image size-large\"><img loading=\"lazy\" decoding=\"async\" width=\"1024\" height=\"703\" src=\"https:\/\/cider.ufpso.edu.co\/wp-content\/uploads\/2024\/05\/Linkedin-i-1-1024x703.png\" alt=\"\" class=\"wp-image-6667\" srcset=\"https:\/\/cider.ufpso.edu.co\/wp-content\/uploads\/2024\/05\/Linkedin-i-1-1024x703.png 1024w, https:\/\/cider.ufpso.edu.co\/wp-content\/uploads\/2024\/05\/Linkedin-i-1-300x206.png 300w, https:\/\/cider.ufpso.edu.co\/wp-content\/uploads\/2024\/05\/Linkedin-i-1-768x527.png 768w, https:\/\/cider.ufpso.edu.co\/wp-content\/uploads\/2024\/05\/Linkedin-i-1-1536x1055.png 1536w, https:\/\/cider.ufpso.edu.co\/wp-content\/uploads\/2024\/05\/Linkedin-i-1-2048x1406.png 2048w\" sizes=\"auto, (max-width: 1024px) 100vw, 1024px\" \/><\/figure>\n<\/div>\n\n\n\n<div class=\"wp-block-column is-vertically-aligned-top is-layout-flow wp-block-column-is-layout-flow\">\n<figure class=\"wp-block-image size-large\"><a href=\"https:\/\/scholar.google.es\/citations?hl=es&amp;user=vhQyeG0AAAAJ\"><img loading=\"lazy\" decoding=\"async\" width=\"1024\" height=\"405\" src=\"https:\/\/cider.ufpso.edu.co\/wp-content\/uploads\/2024\/05\/kisspng-google-search-google-analytics-marketing-business-google-scholar-logo-5b4c8647e1f404.7173265615317417679255-1024x405.png\" alt=\"\" class=\"wp-image-6668\" srcset=\"https:\/\/cider.ufpso.edu.co\/wp-content\/uploads\/2024\/05\/kisspng-google-search-google-analytics-marketing-business-google-scholar-logo-5b4c8647e1f404.7173265615317417679255-1024x405.png 1024w, https:\/\/cider.ufpso.edu.co\/wp-content\/uploads\/2024\/05\/kisspng-google-search-google-analytics-marketing-business-google-scholar-logo-5b4c8647e1f404.7173265615317417679255-300x119.png 300w, https:\/\/cider.ufpso.edu.co\/wp-content\/uploads\/2024\/05\/kisspng-google-search-google-analytics-marketing-business-google-scholar-logo-5b4c8647e1f404.7173265615317417679255-768x304.png 768w, https:\/\/cider.ufpso.edu.co\/wp-content\/uploads\/2024\/05\/kisspng-google-search-google-analytics-marketing-business-google-scholar-logo-5b4c8647e1f404.7173265615317417679255-1536x608.png 1536w, https:\/\/cider.ufpso.edu.co\/wp-content\/uploads\/2024\/05\/kisspng-google-search-google-analytics-marketing-business-google-scholar-logo-5b4c8647e1f404.7173265615317417679255.png 1639w\" sizes=\"auto, (max-width: 1024px) 100vw, 1024px\" \/><\/a><\/figure>\n<\/div>\n<\/div>\n<\/div>\n\n\n\n<div class=\"wp-block-column is-layout-flow wp-block-column-is-layout-flow\"><div class=\"wp-block-image\">\n<figure class=\"aligncenter size-full is-resized\"><img loading=\"lazy\" decoding=\"async\" width=\"331\" height=\"510\" src=\"https:\/\/cider.ufpso.edu.co\/wp-content\/uploads\/2024\/05\/Imagen1-1.png\" alt=\"\" class=\"wp-image-6701\" style=\"width:299px;height:auto\" srcset=\"https:\/\/cider.ufpso.edu.co\/wp-content\/uploads\/2024\/05\/Imagen1-1.png 331w, https:\/\/cider.ufpso.edu.co\/wp-content\/uploads\/2024\/05\/Imagen1-1-195x300.png 195w\" sizes=\"auto, (max-width: 331px) 100vw, 331px\" \/><\/figure><\/div>\n\n\n<hr class=\"wp-block-separator has-alpha-channel-opacity\"\/>\n\n\n\n<p class=\"has-text-align-center has-small-font-size\"><strong>Jos\u00e9 Gregorio Ar\u00e9valo Ascanio <\/strong><\/p>\n\n\n\n<div class=\"wp-block-columns is-layout-flex wp-container-core-columns-is-layout-2 wp-block-columns-is-layout-flex\">\n<div class=\"wp-block-column is-layout-flow wp-block-column-is-layout-flow\"><div class=\"wp-block-image\">\n<figure class=\"aligncenter size-full is-resized\"><a href=\"https:\/\/scienti.minciencias.gov.co\/cvlac\/visualizador\/generarCurriculoCv.do?cod_rh=0001353858\"><img loading=\"lazy\" decoding=\"async\" width=\"500\" height=\"501\" src=\"https:\/\/cider.ufpso.edu.co\/wp-content\/uploads\/2024\/05\/icono_1.png\" alt=\"\" class=\"wp-image-6666\" style=\"width:66px\" srcset=\"https:\/\/cider.ufpso.edu.co\/wp-content\/uploads\/2024\/05\/icono_1.png 500w, https:\/\/cider.ufpso.edu.co\/wp-content\/uploads\/2024\/05\/icono_1-300x300.png 300w, https:\/\/cider.ufpso.edu.co\/wp-content\/uploads\/2024\/05\/icono_1-150x150.png 150w\" sizes=\"auto, (max-width: 500px) 100vw, 500px\" \/><\/a><\/figure><\/div><\/div>\n\n\n\n<div class=\"wp-block-column is-layout-flow wp-block-column-is-layout-flow\">\n<figure class=\"wp-block-image size-large\"><img loading=\"lazy\" decoding=\"async\" width=\"1024\" height=\"703\" src=\"https:\/\/cider.ufpso.edu.co\/wp-content\/uploads\/2024\/05\/Linkedin-i-1-1024x703.png\" alt=\"\" class=\"wp-image-6667\" srcset=\"https:\/\/cider.ufpso.edu.co\/wp-content\/uploads\/2024\/05\/Linkedin-i-1-1024x703.png 1024w, https:\/\/cider.ufpso.edu.co\/wp-content\/uploads\/2024\/05\/Linkedin-i-1-300x206.png 300w, https:\/\/cider.ufpso.edu.co\/wp-content\/uploads\/2024\/05\/Linkedin-i-1-768x527.png 768w, https:\/\/cider.ufpso.edu.co\/wp-content\/uploads\/2024\/05\/Linkedin-i-1-1536x1055.png 1536w, https:\/\/cider.ufpso.edu.co\/wp-content\/uploads\/2024\/05\/Linkedin-i-1-2048x1406.png 2048w\" sizes=\"auto, (max-width: 1024px) 100vw, 1024px\" \/><\/figure>\n<\/div>\n\n\n\n<div class=\"wp-block-column is-layout-flow wp-block-column-is-layout-flow\">\n<figure class=\"wp-block-image size-large\"><a href=\"https:\/\/scholar.google.com\/citations?user=yflam14AAAAJ&amp;hl=es\"><img loading=\"lazy\" decoding=\"async\" width=\"1024\" height=\"405\" src=\"https:\/\/cider.ufpso.edu.co\/wp-content\/uploads\/2024\/05\/kisspng-google-search-google-analytics-marketing-business-google-scholar-logo-5b4c8647e1f404.7173265615317417679255-1024x405.png\" alt=\"\" class=\"wp-image-6668\" srcset=\"https:\/\/cider.ufpso.edu.co\/wp-content\/uploads\/2024\/05\/kisspng-google-search-google-analytics-marketing-business-google-scholar-logo-5b4c8647e1f404.7173265615317417679255-1024x405.png 1024w, https:\/\/cider.ufpso.edu.co\/wp-content\/uploads\/2024\/05\/kisspng-google-search-google-analytics-marketing-business-google-scholar-logo-5b4c8647e1f404.7173265615317417679255-300x119.png 300w, https:\/\/cider.ufpso.edu.co\/wp-content\/uploads\/2024\/05\/kisspng-google-search-google-analytics-marketing-business-google-scholar-logo-5b4c8647e1f404.7173265615317417679255-768x304.png 768w, https:\/\/cider.ufpso.edu.co\/wp-content\/uploads\/2024\/05\/kisspng-google-search-google-analytics-marketing-business-google-scholar-logo-5b4c8647e1f404.7173265615317417679255-1536x608.png 1536w, https:\/\/cider.ufpso.edu.co\/wp-content\/uploads\/2024\/05\/kisspng-google-search-google-analytics-marketing-business-google-scholar-logo-5b4c8647e1f404.7173265615317417679255.png 1639w\" sizes=\"auto, (max-width: 1024px) 100vw, 1024px\" \/><\/a><\/figure>\n<\/div>\n<\/div>\n<\/div>\n\n\n\n<div class=\"wp-block-column is-layout-flow wp-block-column-is-layout-flow\"><div class=\"wp-block-image\">\n<figure class=\"aligncenter size-full is-resized\"><img loading=\"lazy\" decoding=\"async\" width=\"331\" height=\"510\" src=\"https:\/\/cider.ufpso.edu.co\/wp-content\/uploads\/2024\/05\/Imagen1-2.png\" alt=\"\" class=\"wp-image-6702\" style=\"width:299px;height:auto\" srcset=\"https:\/\/cider.ufpso.edu.co\/wp-content\/uploads\/2024\/05\/Imagen1-2.png 331w, https:\/\/cider.ufpso.edu.co\/wp-content\/uploads\/2024\/05\/Imagen1-2-195x300.png 195w\" sizes=\"auto, (max-width: 331px) 100vw, 331px\" \/><\/figure><\/div>\n\n\n<hr class=\"wp-block-separator has-alpha-channel-opacity\"\/>\n\n\n\n<p class=\"has-text-align-center has-small-font-size\"><strong>Carlos Andr\u00e9s S\u00e1nchez Becerra<\/strong><\/p>\n\n\n\n<div class=\"wp-block-columns is-layout-flex wp-container-core-columns-is-layout-3 wp-block-columns-is-layout-flex\">\n<div class=\"wp-block-column is-layout-flow wp-block-column-is-layout-flow\">\n<figure class=\"wp-block-image size-full is-resized\"><a href=\"https:\/\/scienti.minciencias.gov.co\/cvlac\/visualizador\/generarCurriculoCv.do?cod_rh=0001470066\"><img loading=\"lazy\" decoding=\"async\" width=\"500\" height=\"501\" src=\"https:\/\/cider.ufpso.edu.co\/wp-content\/uploads\/2024\/05\/icono_1.png\" alt=\"\" class=\"wp-image-6666\" style=\"width:66px\" srcset=\"https:\/\/cider.ufpso.edu.co\/wp-content\/uploads\/2024\/05\/icono_1.png 500w, https:\/\/cider.ufpso.edu.co\/wp-content\/uploads\/2024\/05\/icono_1-300x300.png 300w, https:\/\/cider.ufpso.edu.co\/wp-content\/uploads\/2024\/05\/icono_1-150x150.png 150w\" sizes=\"auto, (max-width: 500px) 100vw, 500px\" \/><\/a><\/figure>\n<\/div>\n\n\n\n<div class=\"wp-block-column is-layout-flow wp-block-column-is-layout-flow\">\n<figure class=\"wp-block-image size-large\"><img loading=\"lazy\" decoding=\"async\" width=\"1024\" height=\"703\" src=\"https:\/\/cider.ufpso.edu.co\/wp-content\/uploads\/2024\/05\/Linkedin-i-1-1024x703.png\" alt=\"\" class=\"wp-image-6667\" srcset=\"https:\/\/cider.ufpso.edu.co\/wp-content\/uploads\/2024\/05\/Linkedin-i-1-1024x703.png 1024w, https:\/\/cider.ufpso.edu.co\/wp-content\/uploads\/2024\/05\/Linkedin-i-1-300x206.png 300w, https:\/\/cider.ufpso.edu.co\/wp-content\/uploads\/2024\/05\/Linkedin-i-1-768x527.png 768w, https:\/\/cider.ufpso.edu.co\/wp-content\/uploads\/2024\/05\/Linkedin-i-1-1536x1055.png 1536w, https:\/\/cider.ufpso.edu.co\/wp-content\/uploads\/2024\/05\/Linkedin-i-1-2048x1406.png 2048w\" sizes=\"auto, (max-width: 1024px) 100vw, 1024px\" \/><\/figure>\n<\/div>\n\n\n\n<div class=\"wp-block-column is-layout-flow wp-block-column-is-layout-flow\">\n<figure class=\"wp-block-image size-large\"><a href=\"https:\/\/scholar.google.com\/citations?user=8z88wJgAAAAJ&amp;hl=es\"><img loading=\"lazy\" decoding=\"async\" width=\"1024\" height=\"405\" src=\"https:\/\/cider.ufpso.edu.co\/wp-content\/uploads\/2024\/05\/kisspng-google-search-google-analytics-marketing-business-google-scholar-logo-5b4c8647e1f404.7173265615317417679255-1024x405.png\" alt=\"\" class=\"wp-image-6668\" srcset=\"https:\/\/cider.ufpso.edu.co\/wp-content\/uploads\/2024\/05\/kisspng-google-search-google-analytics-marketing-business-google-scholar-logo-5b4c8647e1f404.7173265615317417679255-1024x405.png 1024w, https:\/\/cider.ufpso.edu.co\/wp-content\/uploads\/2024\/05\/kisspng-google-search-google-analytics-marketing-business-google-scholar-logo-5b4c8647e1f404.7173265615317417679255-300x119.png 300w, https:\/\/cider.ufpso.edu.co\/wp-content\/uploads\/2024\/05\/kisspng-google-search-google-analytics-marketing-business-google-scholar-logo-5b4c8647e1f404.7173265615317417679255-768x304.png 768w, https:\/\/cider.ufpso.edu.co\/wp-content\/uploads\/2024\/05\/kisspng-google-search-google-analytics-marketing-business-google-scholar-logo-5b4c8647e1f404.7173265615317417679255-1536x608.png 1536w, https:\/\/cider.ufpso.edu.co\/wp-content\/uploads\/2024\/05\/kisspng-google-search-google-analytics-marketing-business-google-scholar-logo-5b4c8647e1f404.7173265615317417679255.png 1639w\" sizes=\"auto, (max-width: 1024px) 100vw, 1024px\" \/><\/a><\/figure>\n<\/div>\n<\/div>\n<\/div>\n<\/div>\n\n\n\n<div class=\"wp-block-columns is-layout-flex wp-container-core-columns-is-layout-5 wp-block-columns-is-layout-flex\">\n<div class=\"wp-block-column is-layout-flow wp-block-column-is-layout-flow\">\n<figure class=\"wp-block-image size-full\"><img loading=\"lazy\" decoding=\"async\" width=\"331\" height=\"510\" src=\"https:\/\/cider.ufpso.edu.co\/wp-content\/uploads\/2024\/05\/Imagen1-2.png\" alt=\"\" class=\"wp-image-6702\" srcset=\"https:\/\/cider.ufpso.edu.co\/wp-content\/uploads\/2024\/05\/Imagen1-2.png 331w, https:\/\/cider.ufpso.edu.co\/wp-content\/uploads\/2024\/05\/Imagen1-2-195x300.png 195w\" sizes=\"auto, (max-width: 331px) 100vw, 331px\" \/><\/figure>\n\n\n\n<hr class=\"wp-block-separator has-alpha-channel-opacity\"\/>\n\n\n\n<p class=\"has-text-align-center has-small-font-size\"><strong>Damarys Vergel Quintero<\/strong><\/p>\n<\/div>\n\n\n\n<div class=\"wp-block-column is-layout-flow wp-block-column-is-layout-flow\"><\/div>\n\n\n\n<div class=\"wp-block-column is-layout-flow wp-block-column-is-layout-flow\"><\/div>\n<\/div>\n","protected":false},"excerpt":{"rendered":"<p>Jos\u00e9 Andr\u00e9s Bayona Soto Jos\u00e9 Gregorio Ar\u00e9valo Ascanio Carlos Andr\u00e9s S\u00e1nchez Becerra Damarys Vergel Quintero<\/p>\n","protected":false},"author":1,"featured_media":0,"parent":0,"menu_order":0,"comment_status":"closed","ping_status":"closed","template":"","meta":{"neve_meta_sidebar":"","neve_meta_container":"","neve_meta_enable_content_width":"","neve_meta_content_width":0,"neve_meta_title_alignment":"","neve_meta_author_avatar":"","neve_post_elements_order":"","neve_meta_disable_header":"","neve_meta_disable_footer":"","neve_meta_disable_title":"","footnotes":""},"class_list":["post-6675","page","type-page","status-publish","hentry"],"_links":{"self":[{"href":"https:\/\/cider.ufpso.edu.co\/index.php?rest_route=\/wp\/v2\/pages\/6675","targetHints":{"allow":["GET"]}}],"collection":[{"href":"https:\/\/cider.ufpso.edu.co\/index.php?rest_route=\/wp\/v2\/pages"}],"about":[{"href":"https:\/\/cider.ufpso.edu.co\/index.php?rest_route=\/wp\/v2\/types\/page"}],"author":[{"embeddable":true,"href":"https:\/\/cider.ufpso.edu.co\/index.php?rest_route=\/wp\/v2\/users\/1"}],"replies":[{"embeddable":true,"href":"https:\/\/cider.ufpso.edu.co\/index.php?rest_route=%2Fwp%2Fv2%2Fcomments&post=6675"}],"version-history":[{"count":35,"href":"https:\/\/cider.ufpso.edu.co\/index.php?rest_route=\/wp\/v2\/pages\/6675\/revisions"}],"predecessor-version":[{"id":7061,"href":"https:\/\/cider.ufpso.edu.co\/index.php?rest_route=\/wp\/v2\/pages\/6675\/revisions\/7061"}],"wp:attachment":[{"href":"https:\/\/cider.ufpso.edu.co\/index.php?rest_route=%2Fwp%2Fv2%2Fmedia&parent=6675"}],"curies":[{"name":"wp","href":"https:\/\/api.w.org\/{rel}","templated":true}]}}