{"id":6493,"date":"2024-03-16T12:36:25","date_gmt":"2024-03-16T12:36:25","guid":{"rendered":"https:\/\/cider.ufpso.edu.co\/?page_id=6493"},"modified":"2024-08-28T15:49:20","modified_gmt":"2024-08-28T15:49:20","slug":"grupo-de-investigacion-gicae","status":"publish","type":"page","link":"https:\/\/cider.ufpso.edu.co\/?page_id=6493","title":{"rendered":"Grupo de Investigaci\u00f3n GICAE"},"content":{"rendered":"<div class=\"wp-block-image\">\n<figure class=\"aligncenter size-large is-resized\"><img loading=\"lazy\" decoding=\"async\" width=\"1024\" height=\"575\" src=\"https:\/\/cider.ufpso.edu.co\/wp-content\/uploads\/2024\/02\/WhatsApp-Image-2023-10-24-at-11.03.02-AM-1024x575.jpg\" alt=\"\" class=\"wp-image-6464\" style=\"width:442px;height:auto\" srcset=\"https:\/\/cider.ufpso.edu.co\/wp-content\/uploads\/2024\/02\/WhatsApp-Image-2023-10-24-at-11.03.02-AM-1024x575.jpg 1024w, https:\/\/cider.ufpso.edu.co\/wp-content\/uploads\/2024\/02\/WhatsApp-Image-2023-10-24-at-11.03.02-AM-300x169.jpg 300w, https:\/\/cider.ufpso.edu.co\/wp-content\/uploads\/2024\/02\/WhatsApp-Image-2023-10-24-at-11.03.02-AM-768x431.jpg 768w, https:\/\/cider.ufpso.edu.co\/wp-content\/uploads\/2024\/02\/WhatsApp-Image-2023-10-24-at-11.03.02-AM.jpg 1280w\" sizes=\"auto, (max-width: 1024px) 100vw, 1024px\" \/><\/figure><\/div>\n\n\n<hr class=\"wp-block-separator has-alpha-channel-opacity\"\/>\n\n\n\n<p><p style=\"text-align: justify;\">Encauzado en fortalecer el conocimiento en las ciencias administrativas y econ\u00f3micas, mediante el trabajo de docentes y estudiantes que, de manera activa, desarrollan proyectos, propendiendo por el an\u00e1lisis y la puesta en marcha de alternativas de soluci\u00f3n a las problem\u00e1ticas de la regi\u00f3n y del pa\u00eds.<\/p>\n\n\n\n<hr class=\"wp-block-separator has-alpha-channel-opacity\"\/>\n\n\n\n<p class=\"has-text-align-left has-large-font-size\"><strong><em>El Grupo sustenta la investigaci\u00f3n en las siguientes l\u00edneas<\/em><\/strong><\/p>\n\n\n\n<p>\u00b0 Gesti\u00f3n empresarial, Liderazgo y Toma de Decisiones.<br>\u00b0 Entorno contable, Finanzas y Aseguramiento.<\/p>\n\n\n\n<hr class=\"wp-block-separator has-alpha-channel-opacity\"\/>\n\n\n\n<p class=\"has-text-align-center has-large-font-size\"><strong>Semillero de Investigaci\u00f3n<\/strong><\/p>\n\n\n\n<hr class=\"wp-block-separator has-alpha-channel-opacity\"\/>\n\n\n\n<div class=\"wp-block-columns is-layout-flex wp-container-core-columns-is-layout-2 wp-block-columns-is-layout-flex\">\n<div class=\"wp-block-column is-layout-flow wp-block-column-is-layout-flow\">\n<div class=\"wp-block-columns is-layout-flex wp-container-core-columns-is-layout-1 wp-block-columns-is-layout-flex\">\n<div class=\"wp-block-column is-layout-flow wp-block-column-is-layout-flow\">\n<p class=\"has-small-font-size\"><strong>Semillero de Investigaci\u00f3n<\/strong> <strong>\u201cRAZONABLE\u201d<\/strong><\/p>\n\n\n\n<p class=\"has-small-font-size\"><strong>Objetivo General:<\/strong>\u00a0El objetivo del semillero es promover la investigaci\u00f3n y profundizar en el conocimiento te\u00f3rico y pr\u00e1ctico en el \u00e1rea financiera y contable.<\/p>\n<\/div>\n\n\n\n<div class=\"wp-block-column is-layout-flow wp-block-column-is-layout-flow\"><div class=\"wp-block-image\">\n<figure class=\"aligncenter size-full is-resized\"><img loading=\"lazy\" decoding=\"async\" width=\"394\" height=\"304\" src=\"https:\/\/cider.ufpso.edu.co\/wp-content\/uploads\/2022\/03\/RAZONABLE.jpg\" alt=\"\" class=\"wp-image-4625\" style=\"width:255px;height:auto\" srcset=\"https:\/\/cider.ufpso.edu.co\/wp-content\/uploads\/2022\/03\/RAZONABLE.jpg 394w, https:\/\/cider.ufpso.edu.co\/wp-content\/uploads\/2022\/03\/RAZONABLE-300x231.jpg 300w\" sizes=\"auto, (max-width: 394px) 100vw, 394px\" \/><\/figure><\/div><\/div>\n<\/div>\n<\/div>\n\n\n\n<div class=\"wp-block-column is-layout-flow wp-block-column-is-layout-flow\"><\/div>\n<\/div>\n\n\n\n<hr class=\"wp-block-separator has-alpha-channel-opacity\"\/>\n\n\n\n<div class=\"wp-block-buttons is-content-justification-center is-layout-flex wp-container-core-buttons-is-layout-1 wp-block-buttons-is-layout-flex\">\n<div class=\"wp-block-button has-custom-width wp-block-button__width-100 has-custom-font-size has-medium-font-size\"><a class=\"wp-block-button__link has-background wp-element-button\" href=\"https:\/\/docs.google.com\/forms\/d\/13XPxGG73RwnHzx0Q8IY9sglg2TJ3uO5A9ief2mhNG9g\/edit\" style=\"border-radius:11px;background:linear-gradient(135deg,rgb(197,34,34) 0%,rgb(223,27,27) 50%,rgb(177,36,36) 100%)\">I<strong>nscr\u00edbete ahora en nuestros semilleros de investigaci\u00f3n<\/strong><\/a><\/div>\n<\/div>\n\n\n<div class=\"wp-block-image\">\n<figure class=\"aligncenter size-full is-resized\"><img loading=\"lazy\" decoding=\"async\" width=\"920\" height=\"879\" src=\"https:\/\/cider.ufpso.edu.co\/wp-content\/uploads\/2022\/04\/Imagen2-2.png\" alt=\"\" class=\"wp-image-5452\" style=\"width:116px;height:auto\" srcset=\"https:\/\/cider.ufpso.edu.co\/wp-content\/uploads\/2022\/04\/Imagen2-2.png 920w, https:\/\/cider.ufpso.edu.co\/wp-content\/uploads\/2022\/04\/Imagen2-2-300x287.png 300w, https:\/\/cider.ufpso.edu.co\/wp-content\/uploads\/2022\/04\/Imagen2-2-768x734.png 768w\" sizes=\"auto, (max-width: 920px) 100vw, 920px\" \/><\/figure><\/div>\n\n\n<hr class=\"wp-block-separator has-alpha-channel-opacity\"\/>\n\n\n\n\n\n<p class=\"has-text-align-center\"><strong>Jos\u00e9 Gregorio Ar\u00e9valo Ascanio<\/strong><\/p>\n\n\n\n<p class=\"has-text-align-center\">Director del Grupo de Investigaci\u00f3n GICAE<\/p>\n\n\n\n<p class=\"has-text-align-center\"><strong>Correo de la Dependencia:<\/strong> <strong>gicae@ufpso.edu.co<\/strong><\/p>\n\n\n\n<hr class=\"wp-block-separator has-alpha-channel-opacity\"\/>\n\n\n\n<div class=\"wp-block-buttons alignfull is-layout-flex wp-block-buttons-is-layout-flex\">\n<div class=\"wp-block-button\"><a class=\"wp-block-button__link has-background wp-element-button\" href=\"https:\/\/ufpso.edu.co\/fcae\/grupo-GICAE\" style=\"background:linear-gradient(135deg,rgb(82,30,62) 0%,rgb(116,60,154) 53%,rgb(79,61,118) 100%)\">INSTITUCI\u00d3N DE EDUCACI\u00d3N SUPERIOR SUJETA A INSPECCI\u00d3N Y VIGILANCIA POR EL MINISTERIO DE EDUCACI\u00d3N NACIONAL UNIVERSIDAD FRANCISCO DE PAULA SANTANDER OCA\u00d1A \u2013 COLOMBIA V\u00cdA ACOLSURE, SEDE EL ALGODONAL OCA\u00d1A NORTE DE SANTANDER \u2013 C\u00d3DIGO POSTAL: 546552 HORARIO DE ATENCI\u00d3N: LUNES A VIERNES 7:00 A.M. A 12:00 M. Y DE 2:00 P.M A 5:00 P.M. PBX: (+57) (7) 5690088, FUERA DE OCA\u00d1A: 01-8000-12102<\/a><\/div>\n<\/div>\n","protected":false},"excerpt":{"rendered":"<p>Encauzado en fortalecer el conocimiento en las ciencias administrativas y econ\u00f3micas, mediante el trabajo de docentes y estudiantes que, de manera activa, desarrollan proyectos, propendiendo por el an\u00e1lisis y la puesta en marcha de alternativas de soluci\u00f3n a las problem\u00e1ticas de la regi\u00f3n y del pa\u00eds. El Grupo sustenta la investigaci\u00f3n en las siguientes l\u00edneas&hellip;&nbsp;<a href=\"https:\/\/cider.ufpso.edu.co\/?page_id=6493\" class=\"\" rel=\"bookmark\">Leer m\u00e1s &raquo;<span class=\"screen-reader-text\">Grupo de Investigaci\u00f3n GICAE<\/span><\/a><\/p>\n","protected":false},"author":1,"featured_media":0,"parent":0,"menu_order":0,"comment_status":"closed","ping_status":"closed","template":"","meta":{"neve_meta_sidebar":"full-width","neve_meta_container":"","neve_meta_enable_content_width":"on","neve_meta_content_width":100,"neve_meta_title_alignment":"","neve_meta_author_avatar":"","neve_post_elements_order":"","neve_meta_disable_header":"off","neve_meta_disable_footer":"","neve_meta_disable_title":"on","footnotes":""},"class_list":["post-6493","page","type-page","status-publish","hentry"],"_links":{"self":[{"href":"https:\/\/cider.ufpso.edu.co\/index.php?rest_route=\/wp\/v2\/pages\/6493","targetHints":{"allow":["GET"]}}],"collection":[{"href":"https:\/\/cider.ufpso.edu.co\/index.php?rest_route=\/wp\/v2\/pages"}],"about":[{"href":"https:\/\/cider.ufpso.edu.co\/index.php?rest_route=\/wp\/v2\/types\/page"}],"author":[{"embeddable":true,"href":"https:\/\/cider.ufpso.edu.co\/index.php?rest_route=\/wp\/v2\/users\/1"}],"replies":[{"embeddable":true,"href":"https:\/\/cider.ufpso.edu.co\/index.php?rest_route=%2Fwp%2Fv2%2Fcomments&post=6493"}],"version-history":[{"count":12,"href":"https:\/\/cider.ufpso.edu.co\/index.php?rest_route=\/wp\/v2\/pages\/6493\/revisions"}],"predecessor-version":[{"id":6893,"href":"https:\/\/cider.ufpso.edu.co\/index.php?rest_route=\/wp\/v2\/pages\/6493\/revisions\/6893"}],"wp:attachment":[{"href":"https:\/\/cider.ufpso.edu.co\/index.php?rest_route=%2Fwp%2Fv2%2Fmedia&parent=6493"}],"curies":[{"name":"wp","href":"https:\/\/api.w.org\/{rel}","templated":true}]}}