{"id":6475,"date":"2024-03-04T13:03:02","date_gmt":"2024-03-04T13:03:02","guid":{"rendered":"https:\/\/cider.ufpso.edu.co\/?page_id=6475"},"modified":"2024-03-04T13:47:55","modified_gmt":"2024-03-04T13:47:55","slug":"i-coloquio-internacional-de-investigacion","status":"publish","type":"page","link":"https:\/\/cider.ufpso.edu.co\/?page_id=6475","title":{"rendered":"I Coloquio Internacional de Investigaci\u00f3n"},"content":{"rendered":"\n<div class=\"wp-block-columns is-layout-flex wp-container-core-columns-is-layout-2 wp-block-columns-is-layout-flex\">\n<div class=\"wp-block-column is-layout-flow wp-block-column-is-layout-flow\">\n<figure class=\"wp-block-image size-large\"><img loading=\"lazy\" decoding=\"async\" width=\"1024\" height=\"494\" src=\"https:\/\/cider.ufpso.edu.co\/wp-content\/uploads\/2024\/03\/DOSSIER-COLOQUIO-1024x494.jpg\" alt=\"\" class=\"wp-image-6485\" srcset=\"https:\/\/cider.ufpso.edu.co\/wp-content\/uploads\/2024\/03\/DOSSIER-COLOQUIO-1024x494.jpg 1024w, https:\/\/cider.ufpso.edu.co\/wp-content\/uploads\/2024\/03\/DOSSIER-COLOQUIO-300x145.jpg 300w, https:\/\/cider.ufpso.edu.co\/wp-content\/uploads\/2024\/03\/DOSSIER-COLOQUIO-768x370.jpg 768w, https:\/\/cider.ufpso.edu.co\/wp-content\/uploads\/2024\/03\/DOSSIER-COLOQUIO-1536x741.jpg 1536w, https:\/\/cider.ufpso.edu.co\/wp-content\/uploads\/2024\/03\/DOSSIER-COLOQUIO-2048x987.jpg 2048w\" sizes=\"auto, (max-width: 1024px) 100vw, 1024px\" \/><\/figure>\n<\/div>\n\n\n\n<div class=\"wp-block-column is-layout-flow wp-block-column-is-layout-flow\">\n<div class=\"wp-block-group is-nowrap is-layout-flex wp-container-core-group-is-layout-2 wp-block-group-is-layout-flex\">\n<div class=\"wp-block-group\"><div class=\"wp-block-group__inner-container is-layout-constrained wp-block-group-is-layout-constrained\">\n<h6>I Coloquio Internacional de Investigaci\u00f3n 2023<\/h6>\n<p><span style=\"font-size: small;\"><strong><em>CR\u00c9DITOS<\/em><\/strong><br \/><strong>Naydu Judith J\u00e1come Castilla: <\/strong>Decana Facultad de ciencias Administrativa y Econ\u00f3micas UFPSO<\/span><\/p>\n<p><strong><em>Equipo Centro de Investigaci\u00f3n para el Desarrollo Regional [CIDER]<\/em><\/strong><br \/><strong><br \/>Carlos Alberto Pacheco S\u00e1nchez: <\/strong>Coordinador [CIDER]<em>\u201d<\/em><br \/><strong>Cindy Paola Pineda l\u00f3pez: <\/strong>Coordinadora Observatorio Laboral y Econ\u00f3mico<br \/><strong>Bel\u00e9n Torcoroma Quintero Bayona: <\/strong>Coordinadora Observatorio del Sector Solidario<br \/><strong>Leidy Torcoroma Guerrero Prado: <\/strong>Profesional de apoyo grupo de investigaci\u00f3n ROTA<br \/><strong>Estefan\u00eda Angarita Vega: <\/strong>Profesional de apoyo en reconocimiento del [CIDER]<br \/><strong>Edward Fabian Moreno Mendoza: <\/strong>Profesional de apoyo en Divulgaci\u00f3n de Informaci\u00f3n y Estad\u00edstica<br \/><span style=\"font-size: small;\"><strong>Mar\u00eda Fernanda Ort\u00edz Barbosa: <\/strong><em>Pasante de Administraci\u00f3n de Empresas<\/em><br \/><\/span><span style=\"font-size: small;\"><em><strong><br \/>Comit\u00e9 curricular del programa de contadur\u00eda P\u00fablica UFPSO<br \/><\/strong><\/em><strong>Fanny Stella Soto Ar\u00e9valo:<\/strong> Coordinadora estrategia pedag\u00f3gica del programa \u201cDossier Formativo Integrador\u201d<\/span><\/p>\n<p><strong><em>Comit\u00e9 Cient\u00edfico:<\/em><\/strong><br \/>Grupos de investigaci\u00f3n UFPSO GIDSE Y ROTA<br \/><strong>ISSN : <em>En tr\u00e1mite<\/em><\/strong><br \/><strong>Memorias:\u00a0<br \/><\/strong><a href=\"https:\/\/ufpso.edu.co\/ftp\/pdf\/facultades\/fcae\/Memorias%20I%20Coloquio.pdf\">https:\/\/ufpso.edu.co\/ftp\/pdf\/facultades\/fcae\/Memorias%20I%20Coloquio.pdf<\/a><\/p>\n<\/div><\/div>\n<\/div>\n\n\n\n<div class=\"wp-block-columns is-layout-flex wp-container-core-columns-is-layout-1 wp-block-columns-is-layout-flex\">\n<div class=\"wp-block-column is-layout-flow wp-block-column-is-layout-flow\" style=\"flex-basis:100%\"><\/div>\n<\/div>\n<\/div>\n<\/div>\n","protected":false},"excerpt":{"rendered":"<p>I Coloquio Internacional de Investigaci\u00f3n 2023 CR\u00c9DITOSNaydu Judith J\u00e1come Castilla: Decana Facultad de ciencias Administrativa y Econ\u00f3micas UFPSO Equipo Centro de Investigaci\u00f3n para el Desarrollo Regional [CIDER]Carlos Alberto Pacheco S\u00e1nchez: Coordinador [CIDER]\u201dCindy Paola Pineda l\u00f3pez: Coordinadora Observatorio Laboral y Econ\u00f3micoBel\u00e9n Torcoroma Quintero Bayona: Coordinadora Observatorio del Sector SolidarioLeidy Torcoroma Guerrero Prado: Profesional de apoyo grupo&hellip;&nbsp;<a href=\"https:\/\/cider.ufpso.edu.co\/?page_id=6475\" class=\"\" rel=\"bookmark\">Leer m\u00e1s &raquo;<span class=\"screen-reader-text\">I Coloquio Internacional de Investigaci\u00f3n<\/span><\/a><\/p>\n","protected":false},"author":1,"featured_media":0,"parent":0,"menu_order":0,"comment_status":"closed","ping_status":"closed","template":"","meta":{"neve_meta_sidebar":"full-width","neve_meta_container":"","neve_meta_enable_content_width":"on","neve_meta_content_width":100,"neve_meta_title_alignment":"","neve_meta_author_avatar":"","neve_post_elements_order":"","neve_meta_disable_header":"","neve_meta_disable_footer":"","neve_meta_disable_title":"","footnotes":""},"class_list":["post-6475","page","type-page","status-publish","hentry"],"_links":{"self":[{"href":"https:\/\/cider.ufpso.edu.co\/index.php?rest_route=\/wp\/v2\/pages\/6475","targetHints":{"allow":["GET"]}}],"collection":[{"href":"https:\/\/cider.ufpso.edu.co\/index.php?rest_route=\/wp\/v2\/pages"}],"about":[{"href":"https:\/\/cider.ufpso.edu.co\/index.php?rest_route=\/wp\/v2\/types\/page"}],"author":[{"embeddable":true,"href":"https:\/\/cider.ufpso.edu.co\/index.php?rest_route=\/wp\/v2\/users\/1"}],"replies":[{"embeddable":true,"href":"https:\/\/cider.ufpso.edu.co\/index.php?rest_route=%2Fwp%2Fv2%2Fcomments&post=6475"}],"version-history":[{"count":3,"href":"https:\/\/cider.ufpso.edu.co\/index.php?rest_route=\/wp\/v2\/pages\/6475\/revisions"}],"predecessor-version":[{"id":6488,"href":"https:\/\/cider.ufpso.edu.co\/index.php?rest_route=\/wp\/v2\/pages\/6475\/revisions\/6488"}],"wp:attachment":[{"href":"https:\/\/cider.ufpso.edu.co\/index.php?rest_route=%2Fwp%2Fv2%2Fmedia&parent=6475"}],"curies":[{"name":"wp","href":"https:\/\/api.w.org\/{rel}","templated":true}]}}