{"id":6253,"date":"2023-05-26T14:59:37","date_gmt":"2023-05-26T14:59:37","guid":{"rendered":"https:\/\/cider.ufpso.edu.co\/?page_id=6253"},"modified":"2026-03-04T16:28:00","modified_gmt":"2026-03-04T16:28:00","slug":"red-de-investigacion-y-de-aliados-catatumbo","status":"publish","type":"page","link":"https:\/\/cider.ufpso.edu.co\/?page_id=6253","title":{"rendered":"Red de Investigaci\u00f3n y Aliados Catatumbo"},"content":{"rendered":"\n<figure class=\"wp-block-image size-large\"><img loading=\"lazy\" decoding=\"async\" width=\"1024\" height=\"282\" src=\"https:\/\/cider.ufpso.edu.co\/wp-content\/uploads\/2023\/09\/Logo_Redinca_2-1024x282.png\" alt=\"\" class=\"wp-image-6288\" srcset=\"https:\/\/cider.ufpso.edu.co\/wp-content\/uploads\/2023\/09\/Logo_Redinca_2-1024x282.png 1024w, https:\/\/cider.ufpso.edu.co\/wp-content\/uploads\/2023\/09\/Logo_Redinca_2-300x83.png 300w, https:\/\/cider.ufpso.edu.co\/wp-content\/uploads\/2023\/09\/Logo_Redinca_2-768x212.png 768w, https:\/\/cider.ufpso.edu.co\/wp-content\/uploads\/2023\/09\/Logo_Redinca_2-1536x424.png 1536w, https:\/\/cider.ufpso.edu.co\/wp-content\/uploads\/2023\/09\/Logo_Redinca_2-2048x565.png 2048w\" sizes=\"auto, (max-width: 1024px) 100vw, 1024px\" \/><\/figure>\n\n\n\n<p>La <strong>Red de Investigaci\u00f3n y Aliados Catatumbo [REDINCA],<\/strong> es una estrategia que nace desde el proyecto As\u00ed Estamos Oca\u00f1a, liderado por los Observatorios Laboral, Econ\u00f3mico y del Sector Solidario, adscritos al Centro de Investigaci\u00f3n para el Desarrollo Regional [CIDER], de la Facultad de Ciencias Administrativas y Econ\u00f3micas de la Universidad Francisco de Paula Santander Oca\u00f1a, que tiene como prop\u00f3sito crear alianzas interinstitucionales que permitan la gesti\u00f3n, generaci\u00f3n, divulgaci\u00f3n y pertinencia de la investigaci\u00f3n, proyectos, estrategias y programas que fortalezcan el desarrollo sostenible de la regi\u00f3n a trav\u00e9s de los diferentes actores internacionales, nacionales y locales que apoyan desde sus acciones empresariales, acad\u00e9micas, culturales, sociales, ambientales, de proyecci\u00f3n y extensi\u00f3n social, para la dinamizaci\u00f3n del progreso y la sustentabilidad del territorio.&nbsp; <\/p>\n\n\n\n<hr class=\"wp-block-separator has-alpha-channel-opacity\"\/>\n\n\n\n<p><strong>EJES ESTRAT\u00c9GICOS<\/strong><\/p>\n\n\n\n<ul class=\"wp-block-list\">\n<li><strong>Territorio:<\/strong> apropiaci\u00f3n y exploraci\u00f3n de los hechos y acontecimientos que se vivencian en el Catatumbo y su \u00e1rea de influencia.<\/li>\n\n\n\n<li><strong><strong>Gesti\u00f3n y generaci\u00f3n de conocimiento<\/strong>:<\/strong> articulaci\u00f3n del conocimiento del Saber y el Hacer desde la academia, para el territorio.<\/li>\n\n\n\n<li><strong>Desarrollo:<\/strong> alianzas interinstitucionales con el enfoque territorial en el marco de los Objetivos de Desarrollo Sostenible [ODS]. <\/li>\n<\/ul>\n\n\n\n<hr class=\"wp-block-separator has-alpha-channel-opacity\"\/>\n\n\n\n<p class=\"has-text-align-center\"><strong>Luis Fernando Morales Mart\u00ednez<\/strong><br>Coordinadora Red de Investigaci\u00f3n y Aliados Catatumbo [REDINCA]<\/p>\n\n\n\n<p class=\"has-text-align-center\"><\/p>\n\n\n\n<hr class=\"wp-block-separator has-alpha-channel-opacity\"\/>\n","protected":false},"excerpt":{"rendered":"<p>La Red de Investigaci\u00f3n y Aliados Catatumbo [REDINCA], es una estrategia que nace desde el proyecto As\u00ed Estamos Oca\u00f1a, liderado por los Observatorios Laboral, Econ\u00f3mico y del Sector Solidario, adscritos al Centro de Investigaci\u00f3n para el Desarrollo Regional [CIDER], de la Facultad de Ciencias Administrativas y Econ\u00f3micas de la Universidad Francisco de Paula Santander Oca\u00f1a,&hellip;&nbsp;<a href=\"https:\/\/cider.ufpso.edu.co\/?page_id=6253\" class=\"\" rel=\"bookmark\">Leer m\u00e1s &raquo;<span class=\"screen-reader-text\">Red de Investigaci\u00f3n y Aliados Catatumbo<\/span><\/a><\/p>\n","protected":false},"author":1,"featured_media":0,"parent":0,"menu_order":0,"comment_status":"closed","ping_status":"closed","template":"","meta":{"neve_meta_sidebar":"full-width","neve_meta_container":"","neve_meta_enable_content_width":"on","neve_meta_content_width":100,"neve_meta_title_alignment":"","neve_meta_author_avatar":"","neve_post_elements_order":"","neve_meta_disable_header":"","neve_meta_disable_footer":"","neve_meta_disable_title":"","footnotes":""},"class_list":["post-6253","page","type-page","status-publish","hentry"],"_links":{"self":[{"href":"https:\/\/cider.ufpso.edu.co\/index.php?rest_route=\/wp\/v2\/pages\/6253","targetHints":{"allow":["GET"]}}],"collection":[{"href":"https:\/\/cider.ufpso.edu.co\/index.php?rest_route=\/wp\/v2\/pages"}],"about":[{"href":"https:\/\/cider.ufpso.edu.co\/index.php?rest_route=\/wp\/v2\/types\/page"}],"author":[{"embeddable":true,"href":"https:\/\/cider.ufpso.edu.co\/index.php?rest_route=\/wp\/v2\/users\/1"}],"replies":[{"embeddable":true,"href":"https:\/\/cider.ufpso.edu.co\/index.php?rest_route=%2Fwp%2Fv2%2Fcomments&post=6253"}],"version-history":[{"count":26,"href":"https:\/\/cider.ufpso.edu.co\/index.php?rest_route=\/wp\/v2\/pages\/6253\/revisions"}],"predecessor-version":[{"id":7210,"href":"https:\/\/cider.ufpso.edu.co\/index.php?rest_route=\/wp\/v2\/pages\/6253\/revisions\/7210"}],"wp:attachment":[{"href":"https:\/\/cider.ufpso.edu.co\/index.php?rest_route=%2Fwp%2Fv2%2Fmedia&parent=6253"}],"curies":[{"name":"wp","href":"https:\/\/api.w.org\/{rel}","templated":true}]}}