{"id":6159,"date":"2023-04-12T23:03:05","date_gmt":"2023-04-12T23:03:05","guid":{"rendered":"https:\/\/cider.ufpso.edu.co\/?page_id=6159"},"modified":"2025-10-01T14:29:30","modified_gmt":"2025-10-01T14:29:30","slug":"fomento-y-promocion-de-la-economia-solidaria-oss","status":"publish","type":"page","link":"https:\/\/cider.ufpso.edu.co\/?page_id=6159","title":{"rendered":"FOMENTO Y PROMOCI\u00d3N DE LA ECONOM\u00cdA SOLIDARIA OSS"},"content":{"rendered":"<div class=\"wp-block-image\">\n<figure class=\"aligncenter size-large is-resized\"><img loading=\"lazy\" decoding=\"async\" width=\"1024\" height=\"1003\" src=\"https:\/\/cider.ufpso.edu.co\/wp-content\/uploads\/2023\/03\/OBSERVATORIOSS-1024x1003.jpg\" alt=\"\" class=\"wp-image-6013\" style=\"width:250px;height:auto\" srcset=\"https:\/\/cider.ufpso.edu.co\/wp-content\/uploads\/2023\/03\/OBSERVATORIOSS-1024x1003.jpg 1024w, https:\/\/cider.ufpso.edu.co\/wp-content\/uploads\/2023\/03\/OBSERVATORIOSS-300x294.jpg 300w, https:\/\/cider.ufpso.edu.co\/wp-content\/uploads\/2023\/03\/OBSERVATORIOSS-768x752.jpg 768w, https:\/\/cider.ufpso.edu.co\/wp-content\/uploads\/2023\/03\/OBSERVATORIOSS-1536x1504.jpg 1536w, https:\/\/cider.ufpso.edu.co\/wp-content\/uploads\/2023\/03\/OBSERVATORIOSS-2048x2005.jpg 2048w\" sizes=\"auto, (max-width: 1024px) 100vw, 1024px\" \/><\/figure><\/div>\n\n\n<hr class=\"wp-block-separator has-alpha-channel-opacity\"\/>\n\n\n\n<h2 class=\"wp-block-heading has-text-align-center\"><em>Notas informativas <\/em><\/h2>\n\n\n\n<hr class=\"wp-block-separator has-alpha-channel-opacity\"\/>\n\n\n\n<p class=\"has-text-align-center has-x-large-font-size\"><strong><em>2025<\/em><\/strong><\/p>\n\n\n\n<hr class=\"wp-block-separator has-alpha-channel-opacity\"\/>\n\n\n\n<p class=\"has-text-align-center\" style=\"font-size:48px;line-height:1.1\"><sup style=\"\"><sub style=\"\"><em style=\"font-style: italic; font-weight: bold;\">II SEMESTRE <\/em><\/sub><\/sup><sup style=\"font-style: italic; font-weight: bold;\"><sub><em>VOL N\u00ba<\/em><\/sub><\/sup><strong style=\"font-style: italic; font-weight: bold;\"><sup><sub><em>6<\/em><\/sub><\/sup><\/strong><\/p>\n\n\n\n<hr class=\"wp-block-separator has-alpha-channel-opacity\"\/>\n\n\n<div class=\"wp-block-image\">\n<figure class=\"aligncenter size-large\"><img loading=\"lazy\" decoding=\"async\" width=\"819\" height=\"1024\" src=\"https:\/\/cider.ufpso.edu.co\/wp-content\/uploads\/2025\/10\/WhatsApp-Image-2025-09-29-at-11.55.26-AM-819x1024.jpeg\" alt=\"\" class=\"wp-image-7188\" srcset=\"https:\/\/cider.ufpso.edu.co\/wp-content\/uploads\/2025\/10\/WhatsApp-Image-2025-09-29-at-11.55.26-AM-819x1024.jpeg 819w, https:\/\/cider.ufpso.edu.co\/wp-content\/uploads\/2025\/10\/WhatsApp-Image-2025-09-29-at-11.55.26-AM-240x300.jpeg 240w, https:\/\/cider.ufpso.edu.co\/wp-content\/uploads\/2025\/10\/WhatsApp-Image-2025-09-29-at-11.55.26-AM-768x960.jpeg 768w, https:\/\/cider.ufpso.edu.co\/wp-content\/uploads\/2025\/10\/WhatsApp-Image-2025-09-29-at-11.55.26-AM.jpeg 843w\" sizes=\"auto, (max-width: 819px) 100vw, 819px\" \/><\/figure><\/div>\n\n\n<hr class=\"wp-block-separator has-alpha-channel-opacity\"\/>\n\n\n\n<p class=\"has-text-align-center\" style=\"font-size:48px;line-height:1.1\"><strong><em><strong><strong style=\"\"><sup style=\"\"><sub style=\"\"><em>I SEMESTRE <\/em><\/sub><\/sup><sup><sub><em>VOL N\u00ba<\/em><\/sub><\/sup><\/strong><strong><sup><sub><em>5<\/em><\/sub><\/sup><\/strong><\/strong><\/em><\/strong><\/p>\n\n\n\n<hr class=\"wp-block-separator has-alpha-channel-opacity\"\/>\n\n\n\n<div data-wp-interactive=\"core\/file\" class=\"wp-block-file\"><object data-wp-bind--hidden=\"!state.hasPdfPreview\" hidden class=\"wp-block-file__embed\" data=\"https:\/\/cider.ufpso.edu.co\/wp-content\/uploads\/2025\/03\/Boletin-Estadistico-No-5-2025.pdf\" type=\"application\/pdf\" style=\"width:100%;height:600px\" aria-label=\"Embed of Bolet\u00edn Estad\u00edstico No 5 - 2025.\"><\/object><a id=\"wp-block-file--media-647e6c15-2b49-4f00-b512-b1e86a23f2f2\" href=\"https:\/\/cider.ufpso.edu.co\/wp-content\/uploads\/2025\/03\/Boletin-Estadistico-No-5-2025.pdf\">Bolet\u00edn Estad\u00edstico No 5 &#8211; 2025<\/a><a href=\"https:\/\/cider.ufpso.edu.co\/wp-content\/uploads\/2025\/03\/Boletin-Estadistico-No-5-2025.pdf\" class=\"wp-block-file__button wp-element-button\" download aria-describedby=\"wp-block-file--media-647e6c15-2b49-4f00-b512-b1e86a23f2f2\">Download<\/a><\/div>\n\n\n\n<hr class=\"wp-block-separator has-alpha-channel-opacity\"\/>\n\n\n\n<p class=\"has-text-align-center has-x-large-font-size\"><em><strong>2024<\/strong><\/em><\/p>\n\n\n\n<hr class=\"wp-block-separator has-alpha-channel-opacity\"\/>\n\n\n\n<h1 class=\"wp-block-heading alignwide has-text-align-center\" id=\"we-re-a-studio-in-berlin-with-an-international-practice-in-architecture-urban-planning-and-interior-design-we-believe-in-sharing-knowledge-and-promoting-dialogue-to-increase-the-creative-potential-of-collaboration\" style=\"font-size:48px;line-height:1.1\"><strong><strong style=\"\"><sup style=\"\"><sub style=\"\"><em>II SEMESTRE <\/em><\/sub><\/sup><sup><sub><em>VOL N\u00ba<\/em><\/sub><\/sup><\/strong><strong><sup><sub><em>4<\/em><\/sub><\/sup><\/strong><\/strong><\/h1>\n\n\n\n<hr class=\"wp-block-separator has-alpha-channel-opacity\"\/>\n\n\n\n<div data-wp-interactive=\"core\/file\" class=\"wp-block-file\"><object data-wp-bind--hidden=\"!state.hasPdfPreview\" hidden class=\"wp-block-file__embed\" data=\"https:\/\/cider.ufpso.edu.co\/wp-content\/uploads\/2025\/02\/Boletin-estadistico-N\u00b0-4-2024-II-1.pdf\" type=\"application\/pdf\" style=\"width:100%;height:600px\" aria-label=\"Embed of Bolet\u00edn estad\u00edstico N\u00b0 4 - 2024 II.\"><\/object><a id=\"wp-block-file--media-d42368e4-63ed-4bbd-a7af-fcf58a3e1cdb\" href=\"https:\/\/cider.ufpso.edu.co\/wp-content\/uploads\/2025\/02\/Boletin-estadistico-N\u00b0-4-2024-II-1.pdf\">Bolet\u00edn estad\u00edstico N\u00b0 4 &#8211; 2024 II<\/a><a href=\"https:\/\/cider.ufpso.edu.co\/wp-content\/uploads\/2025\/02\/Boletin-estadistico-N\u00b0-4-2024-II-1.pdf\" class=\"wp-block-file__button wp-element-button\" download aria-describedby=\"wp-block-file--media-d42368e4-63ed-4bbd-a7af-fcf58a3e1cdb\">Download<\/a><\/div>\n\n\n\n<hr class=\"wp-block-separator has-alpha-channel-opacity\"\/>\n\n\n\n<h2 class=\"wp-block-heading has-text-align-center\"><strong><strong style=\"\"><sup style=\"\"><sub style=\"\"><em>II SEMESTRE <\/em><\/sub><\/sup><sup><sub><em>VOL N\u00ba<\/em><\/sub><\/sup><\/strong><strong><sup><sub><em>3<\/em><\/sub><\/sup><\/strong><\/strong><\/h2>\n\n\n\n<hr class=\"wp-block-separator has-alpha-channel-opacity\"\/>\n\n\n\n<div data-wp-interactive=\"core\/file\" class=\"wp-block-file\"><object data-wp-bind--hidden=\"!state.hasPdfPreview\" hidden class=\"wp-block-file__embed\" data=\"https:\/\/cider.ufpso.edu.co\/wp-content\/uploads\/2025\/02\/Boletin-estadistico-N\u00b0-3-2024-II-1.pdf\" type=\"application\/pdf\" style=\"width:100%;height:600px\" aria-label=\"Embed of Bolet\u00edn estad\u00edstico N\u00b0 3 - 2024 II.\"><\/object><a id=\"wp-block-file--media-a0627104-bbbe-47ad-b2dd-52202119b4d1\" href=\"https:\/\/cider.ufpso.edu.co\/wp-content\/uploads\/2025\/02\/Boletin-estadistico-N\u00b0-3-2024-II-1.pdf\">Bolet\u00edn estad\u00edstico N\u00b0 3 &#8211; 2024 II<\/a><a href=\"https:\/\/cider.ufpso.edu.co\/wp-content\/uploads\/2025\/02\/Boletin-estadistico-N\u00b0-3-2024-II-1.pdf\" class=\"wp-block-file__button wp-element-button\" download aria-describedby=\"wp-block-file--media-a0627104-bbbe-47ad-b2dd-52202119b4d1\">Download<\/a><\/div>\n\n\n\n<hr class=\"wp-block-separator has-alpha-channel-opacity\"\/>\n\n\n\n<p class=\"has-text-align-center has-large-font-size\"><em><strong>I SEMESTRE <\/strong><\/em><strong><em>VOL N\u00ba<\/em><\/strong><em><strong>2<\/strong><\/em><\/p>\n\n\n\n<hr class=\"wp-block-separator has-alpha-channel-opacity\"\/>\n\n\n\n<div data-wp-interactive=\"core\/file\" class=\"wp-block-file\"><object data-wp-bind--hidden=\"!state.hasPdfPreview\" hidden class=\"wp-block-file__embed\" data=\"https:\/\/cider.ufpso.edu.co\/wp-content\/uploads\/2024\/06\/Boletin-estadistico-Vol-No-2-2024-I.pdf\" type=\"application\/pdf\" style=\"width:100%;height:600px\" aria-label=\"Embed of Boletin-estadistico-Vol-No-2-2024-I.\"><\/object><a id=\"wp-block-file--media-18aeb494-64a9-497f-895f-a57cf5b029cc\" href=\"https:\/\/cider.ufpso.edu.co\/wp-content\/uploads\/2024\/06\/Boletin-estadistico-Vol-No-2-2024-I.pdf\">Boletin-estadistico-Vol-No-2-2024-I<\/a><a href=\"https:\/\/cider.ufpso.edu.co\/wp-content\/uploads\/2024\/06\/Boletin-estadistico-Vol-No-2-2024-I.pdf\" class=\"wp-block-file__button wp-element-button\" download aria-describedby=\"wp-block-file--media-18aeb494-64a9-497f-895f-a57cf5b029cc\">Descarga<\/a><\/div>\n\n\n\n<hr class=\"wp-block-separator has-alpha-channel-opacity\"\/>\n\n\n\n<p class=\"has-text-align-center has-large-font-size\"><em><strong>I SEMETRE <\/strong><\/em><strong><em>VOL N\u00ba1<\/em><\/strong><\/p>\n\n\n\n<hr class=\"wp-block-separator has-alpha-channel-opacity\"\/>\n\n\n\n<div data-wp-interactive=\"core\/file\" class=\"wp-block-file\"><object data-wp-bind--hidden=\"!state.hasPdfPreview\" hidden class=\"wp-block-file__embed\" data=\"https:\/\/cider.ufpso.edu.co\/wp-content\/uploads\/2024\/05\/Boletin-informativo-Vol-No-1-2024-I-1.pdf\" type=\"application\/pdf\" style=\"width:100%;height:600px\" aria-label=\"Embed of Boletin-informativo-Vol-No-1-2024-I-1.\"><\/object><a id=\"wp-block-file--media-9b81e92c-f9b4-463f-8f12-5ca66a8d74a2\" href=\"https:\/\/cider.ufpso.edu.co\/wp-content\/uploads\/2024\/05\/Boletin-informativo-Vol-No-1-2024-I-1.pdf\">Boletin-informativo-Vol-No-1-2024-I-1<\/a><a href=\"https:\/\/cider.ufpso.edu.co\/wp-content\/uploads\/2024\/05\/Boletin-informativo-Vol-No-1-2024-I-1.pdf\" class=\"wp-block-file__button wp-element-button\" download aria-describedby=\"wp-block-file--media-9b81e92c-f9b4-463f-8f12-5ca66a8d74a2\">Descarga<\/a><\/div>\n\n\n\n<hr class=\"wp-block-separator has-alpha-channel-opacity\"\/>\n\n\n\n<h2 class=\"wp-block-heading has-text-align-center\">2023<\/h2>\n\n\n\n<hr class=\"wp-block-separator has-alpha-channel-opacity\"\/>\n\n\n\n<div class=\"wp-block-columns is-layout-flex wp-container-core-columns-is-layout-1 wp-block-columns-is-layout-flex\">\n<div class=\"wp-block-column is-layout-flow wp-block-column-is-layout-flow\"><div class=\"wp-block-image\">\n<figure class=\"aligncenter size-large is-resized\"><img loading=\"lazy\" decoding=\"async\" width=\"1024\" height=\"1024\" src=\"https:\/\/cider.ufpso.edu.co\/wp-content\/uploads\/2023\/11\/WhatsApp-Image-2023-11-22-at-10.29.00-1-1024x1024.jpeg\" alt=\"\" class=\"wp-image-6396\" style=\"width:528px;height:auto\" srcset=\"https:\/\/cider.ufpso.edu.co\/wp-content\/uploads\/2023\/11\/WhatsApp-Image-2023-11-22-at-10.29.00-1-1024x1024.jpeg 1024w, https:\/\/cider.ufpso.edu.co\/wp-content\/uploads\/2023\/11\/WhatsApp-Image-2023-11-22-at-10.29.00-1-300x300.jpeg 300w, https:\/\/cider.ufpso.edu.co\/wp-content\/uploads\/2023\/11\/WhatsApp-Image-2023-11-22-at-10.29.00-1-150x150.jpeg 150w, https:\/\/cider.ufpso.edu.co\/wp-content\/uploads\/2023\/11\/WhatsApp-Image-2023-11-22-at-10.29.00-1-768x768.jpeg 768w, https:\/\/cider.ufpso.edu.co\/wp-content\/uploads\/2023\/11\/WhatsApp-Image-2023-11-22-at-10.29.00-1.jpeg 1080w\" sizes=\"auto, (max-width: 1024px) 100vw, 1024px\" \/><\/figure><\/div><\/div>\n\n\n\n<div class=\"wp-block-column is-layout-flow wp-block-column-is-layout-flow\"><div class=\"wp-block-image\">\n<figure class=\"aligncenter size-large is-resized\"><img loading=\"lazy\" decoding=\"async\" width=\"842\" height=\"1024\" src=\"https:\/\/cider.ufpso.edu.co\/wp-content\/uploads\/2023\/11\/WhatsApp-Image-2023-11-16-at-14.39.05-842x1024.jpeg\" alt=\"\" class=\"wp-image-6395\" style=\"width:423px;height:auto\" srcset=\"https:\/\/cider.ufpso.edu.co\/wp-content\/uploads\/2023\/11\/WhatsApp-Image-2023-11-16-at-14.39.05-842x1024.jpeg 842w, https:\/\/cider.ufpso.edu.co\/wp-content\/uploads\/2023\/11\/WhatsApp-Image-2023-11-16-at-14.39.05-247x300.jpeg 247w, https:\/\/cider.ufpso.edu.co\/wp-content\/uploads\/2023\/11\/WhatsApp-Image-2023-11-16-at-14.39.05-768x934.jpeg 768w, https:\/\/cider.ufpso.edu.co\/wp-content\/uploads\/2023\/11\/WhatsApp-Image-2023-11-16-at-14.39.05-1263x1536.jpeg 1263w, https:\/\/cider.ufpso.edu.co\/wp-content\/uploads\/2023\/11\/WhatsApp-Image-2023-11-16-at-14.39.05-1684x2048.jpeg 1684w\" sizes=\"auto, (max-width: 842px) 100vw, 842px\" \/><\/figure><\/div><\/div>\n<\/div>\n\n\n\n<hr class=\"wp-block-separator has-alpha-channel-opacity\"\/>\n\n\n\n<div class=\"wp-block-columns is-layout-flex wp-container-core-columns-is-layout-2 wp-block-columns-is-layout-flex\">\n<div class=\"wp-block-column is-layout-flow wp-block-column-is-layout-flow\"><div class=\"wp-block-image\">\n<figure class=\"aligncenter size-large is-resized\"><img loading=\"lazy\" decoding=\"async\" width=\"1024\" height=\"1024\" src=\"https:\/\/cider.ufpso.edu.co\/wp-content\/uploads\/2023\/11\/WhatsApp-Image-2023-11-22-at-10.34.54-1024x1024.jpeg\" alt=\"\" class=\"wp-image-6398\" style=\"width:480px;height:auto\" srcset=\"https:\/\/cider.ufpso.edu.co\/wp-content\/uploads\/2023\/11\/WhatsApp-Image-2023-11-22-at-10.34.54-1024x1024.jpeg 1024w, https:\/\/cider.ufpso.edu.co\/wp-content\/uploads\/2023\/11\/WhatsApp-Image-2023-11-22-at-10.34.54-300x300.jpeg 300w, https:\/\/cider.ufpso.edu.co\/wp-content\/uploads\/2023\/11\/WhatsApp-Image-2023-11-22-at-10.34.54-150x150.jpeg 150w, https:\/\/cider.ufpso.edu.co\/wp-content\/uploads\/2023\/11\/WhatsApp-Image-2023-11-22-at-10.34.54-768x768.jpeg 768w, https:\/\/cider.ufpso.edu.co\/wp-content\/uploads\/2023\/11\/WhatsApp-Image-2023-11-22-at-10.34.54.jpeg 1080w\" sizes=\"auto, (max-width: 1024px) 100vw, 1024px\" \/><\/figure><\/div><\/div>\n\n\n\n<div class=\"wp-block-column is-layout-flow wp-block-column-is-layout-flow\"><div class=\"wp-block-image\">\n<figure class=\"aligncenter size-large is-resized\"><img loading=\"lazy\" decoding=\"async\" width=\"1024\" height=\"1024\" src=\"https:\/\/cider.ufpso.edu.co\/wp-content\/uploads\/2023\/11\/WhatsApp-Image-2023-11-22-at-10.29.00-1024x1024.jpeg\" alt=\"\" class=\"wp-image-6397\" style=\"width:474px;height:auto\" srcset=\"https:\/\/cider.ufpso.edu.co\/wp-content\/uploads\/2023\/11\/WhatsApp-Image-2023-11-22-at-10.29.00-1024x1024.jpeg 1024w, https:\/\/cider.ufpso.edu.co\/wp-content\/uploads\/2023\/11\/WhatsApp-Image-2023-11-22-at-10.29.00-300x300.jpeg 300w, https:\/\/cider.ufpso.edu.co\/wp-content\/uploads\/2023\/11\/WhatsApp-Image-2023-11-22-at-10.29.00-150x150.jpeg 150w, https:\/\/cider.ufpso.edu.co\/wp-content\/uploads\/2023\/11\/WhatsApp-Image-2023-11-22-at-10.29.00-768x768.jpeg 768w, https:\/\/cider.ufpso.edu.co\/wp-content\/uploads\/2023\/11\/WhatsApp-Image-2023-11-22-at-10.29.00.jpeg 1080w\" sizes=\"auto, (max-width: 1024px) 100vw, 1024px\" \/><\/figure><\/div><\/div>\n<\/div>\n\n\n\n<hr class=\"wp-block-separator has-alpha-channel-opacity\"\/>\n\n\n\n<p class=\"has-text-align-center\"><\/p>\n\n\n\n<div class=\"wp-block-columns is-layout-flex wp-container-core-columns-is-layout-3 wp-block-columns-is-layout-flex\">\n<div class=\"wp-block-column is-layout-flow wp-block-column-is-layout-flow\">\n<figure class=\"wp-block-video\"><video controls src=\"https:\/\/cider.ufpso.edu.co\/wp-content\/uploads\/2023\/04\/NOTA-INFORMATIVA-OSS.mp4\"><\/video><\/figure>\n<\/div>\n\n\n\n<div class=\"wp-block-column is-layout-flow wp-block-column-is-layout-flow\">\n<p class=\"has-text-align-center has-large-font-size\"><strong>Conoce las responsabilidades de las organizaciones solidarias. #paralacienciayenlaciencia<\/strong><\/p>\n<\/div>\n<\/div>\n\n\n\n<hr class=\"wp-block-separator has-alpha-channel-opacity\"\/>\n\n\n\n<h2 class=\"wp-block-heading has-text-align-center\"><em>Infograf\u00edas<\/em> <\/h2>\n\n\n\n<h2 class=\"wp-block-heading\">2023<\/h2>\n\n\n<div class=\"wp-block-image\">\n<figure class=\"aligncenter size-full is-resized\"><img loading=\"lazy\" decoding=\"async\" width=\"960\" height=\"720\" src=\"https:\/\/cider.ufpso.edu.co\/wp-content\/uploads\/2023\/12\/005.Empleo-y-asociados-OES-Ocana.png\" alt=\"\" class=\"wp-image-6448\" style=\"width:854px;height:auto\" srcset=\"https:\/\/cider.ufpso.edu.co\/wp-content\/uploads\/2023\/12\/005.Empleo-y-asociados-OES-Ocana.png 960w, https:\/\/cider.ufpso.edu.co\/wp-content\/uploads\/2023\/12\/005.Empleo-y-asociados-OES-Ocana-300x225.png 300w, https:\/\/cider.ufpso.edu.co\/wp-content\/uploads\/2023\/12\/005.Empleo-y-asociados-OES-Ocana-768x576.png 768w\" sizes=\"auto, (max-width: 960px) 100vw, 960px\" \/><\/figure><\/div>\n\n\n<div class=\"wp-block-columns is-layout-flex wp-container-core-columns-is-layout-4 wp-block-columns-is-layout-flex\">\n<div class=\"wp-block-column is-layout-flow wp-block-column-is-layout-flow\"><div class=\"wp-block-image\">\n<figure class=\"aligncenter size-full\"><img loading=\"lazy\" decoding=\"async\" width=\"960\" height=\"720\" src=\"https:\/\/cider.ufpso.edu.co\/wp-content\/uploads\/2023\/10\/Infografia-Entidades-Soidarias-Activas.jpg\" alt=\"\" class=\"wp-image-6353\" srcset=\"https:\/\/cider.ufpso.edu.co\/wp-content\/uploads\/2023\/10\/Infografia-Entidades-Soidarias-Activas.jpg 960w, https:\/\/cider.ufpso.edu.co\/wp-content\/uploads\/2023\/10\/Infografia-Entidades-Soidarias-Activas-300x225.jpg 300w, https:\/\/cider.ufpso.edu.co\/wp-content\/uploads\/2023\/10\/Infografia-Entidades-Soidarias-Activas-768x576.jpg 768w\" sizes=\"auto, (max-width: 960px) 100vw, 960px\" \/><\/figure><\/div>\n\n\n<p><\/p>\n\n\n<div class=\"wp-block-image\">\n<figure class=\"aligncenter size-large\"><img loading=\"lazy\" decoding=\"async\" width=\"1024\" height=\"768\" src=\"https:\/\/cider.ufpso.edu.co\/wp-content\/uploads\/2023\/04\/002.-Sondeo-sobre-Economia-Social-Solidaria-Pupular-y-Comunitaria-Definitivo_page-0001-1024x768.jpg\" alt=\"\" class=\"wp-image-6169\" srcset=\"https:\/\/cider.ufpso.edu.co\/wp-content\/uploads\/2023\/04\/002.-Sondeo-sobre-Economia-Social-Solidaria-Pupular-y-Comunitaria-Definitivo_page-0001-1024x768.jpg 1024w, https:\/\/cider.ufpso.edu.co\/wp-content\/uploads\/2023\/04\/002.-Sondeo-sobre-Economia-Social-Solidaria-Pupular-y-Comunitaria-Definitivo_page-0001-300x225.jpg 300w, https:\/\/cider.ufpso.edu.co\/wp-content\/uploads\/2023\/04\/002.-Sondeo-sobre-Economia-Social-Solidaria-Pupular-y-Comunitaria-Definitivo_page-0001-768x576.jpg 768w, https:\/\/cider.ufpso.edu.co\/wp-content\/uploads\/2023\/04\/002.-Sondeo-sobre-Economia-Social-Solidaria-Pupular-y-Comunitaria-Definitivo_page-0001-1536x1152.jpg 1536w, https:\/\/cider.ufpso.edu.co\/wp-content\/uploads\/2023\/04\/002.-Sondeo-sobre-Economia-Social-Solidaria-Pupular-y-Comunitaria-Definitivo_page-0001-2048x1536.jpg 2048w\" sizes=\"auto, (max-width: 1024px) 100vw, 1024px\" \/><\/figure><\/div>\n\n\n<h2 class=\"wp-block-heading\">2022<\/h2>\n\n\n\n<p><\/p>\n\n\n<div class=\"wp-block-image\">\n<figure class=\"aligncenter size-full\"><img loading=\"lazy\" decoding=\"async\" width=\"612\" height=\"792\" src=\"https:\/\/cider.ufpso.edu.co\/wp-content\/uploads\/2022\/06\/Edicion-001-1.png\" alt=\"\" class=\"wp-image-5661\" srcset=\"https:\/\/cider.ufpso.edu.co\/wp-content\/uploads\/2022\/06\/Edicion-001-1.png 612w, https:\/\/cider.ufpso.edu.co\/wp-content\/uploads\/2022\/06\/Edicion-001-1-232x300.png 232w\" sizes=\"auto, (max-width: 612px) 100vw, 612px\" \/><\/figure><\/div><\/div>\n<\/div>\n\n\n\n<hr class=\"wp-block-separator has-alpha-channel-opacity\"\/>\n\n\n\n<h2 class=\"wp-block-heading has-text-align-center\"><em>Boletines e Informes <\/em><\/h2>\n\n\n\n<h2 class=\"wp-block-heading\">2023<\/h2>\n\n\n\n<ul class=\"wp-block-list\">\n<li><a href=\"https:\/\/cider.ufpso.edu.co\/wp-content\/uploads\/2023\/08\/CONDICIONES-SOCIOECONOMICAS-DE-LA-REGION.pdf\" data-type=\"link\" data-id=\"https:\/\/cider.ufpso.edu.co\/wp-content\/uploads\/2023\/08\/CONDICIONES-SOCIOECONOMICAS-DE-LA-REGION.pdf\">Condiciones Socioecon\u00f3micas en la Regi\u00f3n del Catatumbo<\/a><\/li>\n\n\n\n<li><a href=\"https:\/\/cider.ufpso.edu.co\/wp-content\/uploads\/2023\/04\/Estadisticas-organizaciones-solidarias-NS.pdf\">Estad\u00edsticas de Organizaciones del Sector Solidario en Norte de Santande<\/a>r<\/li>\n\n\n\n<li>Eq<a href=\"https:\/\/cider.ufpso.edu.co\/wp-content\/uploads\/2023\/11\/003-EQUIDAD-DE-GENERO-SECTOR-COOPERATIVO.pdf\" data-type=\"link\" data-id=\"https:\/\/cider.ufpso.edu.co\/wp-content\/uploads\/2023\/11\/003-EQUIDAD-DE-GENERO-SECTOR-COOPERATIVO.pdf\">uidad de g\u00e9nero en el sector Cooperativo <\/a><\/li>\n<\/ul>\n\n\n\n<h2 class=\"wp-block-heading\">2021<\/h2>\n\n\n\n<ul class=\"wp-block-list\">\n<li><a href=\"https:\/\/cider.ufpso.edu.co\/wp-content\/uploads\/2023\/03\/Impacto-del-COVID-19-en-la-estructura-socioeconomica-y-laboral.pdf\" data-type=\"link\" data-id=\"https:\/\/cider.ufpso.edu.co\/wp-content\/uploads\/2023\/03\/Impacto-del-COVID-19-en-la-estructura-socioeconomica-y-laboral.pdf\">Impacto del COVID 19 en la estructura socioecon\u00f3mica y laboral en el municipio de Oca\u00f1a <\/a><\/li>\n<\/ul>\n\n\n\n<h2 class=\"wp-block-heading\">2020<\/h2>\n\n\n\n<ul class=\"wp-block-list\">\n<li><a href=\"https:\/\/cider.ufpso.edu.co\/wp-content\/uploads\/2023\/03\/INFORME-ASI-ESTAMOS-OCANA-2020.pdf\" data-type=\"link\" data-id=\"https:\/\/cider.ufpso.edu.co\/wp-content\/uploads\/2023\/03\/INFORME-ASI-ESTAMOS-OCANA-2020.pdf\">Din\u00e1mica econ\u00f3mica, laboral y del sector solidario en el municipio de Oca\u00f1a <\/a><\/li>\n<\/ul>\n\n\n\n<h2 class=\"wp-block-heading\">2019<\/h2>\n\n\n\n<ul class=\"wp-block-list\">\n<li><a href=\"https:\/\/cider.ufpso.edu.co\/wp-content\/uploads\/2023\/03\/PORTAL-TRANSACCIONAL-DE-LA-COOPERATIVA-CREDISERVIR.pdf\">Portal transaccional de la Cooperativa Crediservir: Impacto en regi\u00f3n  <\/a>  <\/li>\n\n\n\n<li><a href=\"https:\/\/cider.ufpso.edu.co\/wp-content\/uploads\/2023\/03\/Boletin-estadistico-proyecto-Asi-estamos-Ocana.pdf\" data-type=\"link\" data-id=\"https:\/\/cider.ufpso.edu.co\/wp-content\/uploads\/2023\/03\/Boletin-estadistico-proyecto-Asi-estamos-Ocana.pdf\">Bolet\u00edn Estad\u00edstico As\u00ed Estamos Oca\u00f1a <\/a><\/li>\n<\/ul>\n\n\n\n<h2 class=\"wp-block-heading\">2017-2018<\/h2>\n\n\n\n<ul class=\"wp-block-list\">\n<li><a href=\"https:\/\/cider.ufpso.edu.co\/wp-content\/uploads\/2023\/03\/INFORME-PERSONAS-CAPACITADAS-EN-ECONOMIA-SOLIDARIA.pdf\">Personas capacitadas en econom\u00eda solidaria en el segundo semestre de 2017<\/a><\/li>\n\n\n\n<li><a href=\"https:\/\/cider.ufpso.edu.co\/wp-content\/uploads\/2023\/03\/LAS-ORGANIZACIONES-DEL-SECTOR-SOLIDARIO-ACTIVO-EN-EL-SECTOR-URBANO-DE-OCANA-CON-ACTIVIDADES-DE-TRANSPORTE-PUBLICO-Y-FONDOS-DE-EMPLEADOS.pdf\">Las organizaciones del sector solidario activo en el sector urbano de Oca\u00f1a con actividades de transporte p\u00fablico y fondos de empleados<\/a><\/li>\n\n\n\n<li><a href=\"https:\/\/cider.ufpso.edu.co\/wp-content\/uploads\/2023\/03\/FONDO-DE-EMPLEADOS-FACECOLFA.pdf\">Fondo de empleados FACECOLFA<\/a><\/li>\n\n\n\n<li><a href=\"https:\/\/cider.ufpso.edu.co\/wp-content\/uploads\/2023\/03\/ANALISIS-DE-LAS-UNIDADES-ACREDITAS-PARA-IMPARTIR-FORMACION-EN-ECONOMIA-SOLIDARIA-EN-OCANA-NORTE-DE-SANTANDER.pdf\">An\u00e1lisis de las unidades acreditadas para impartir formaci\u00f3n en econom\u00eda solidaria en Oca\u00f1a, Norte de Santander<\/a> <\/li>\n\n\n\n<li><a href=\"https:\/\/cider.ufpso.edu.co\/wp-content\/uploads\/2023\/03\/MIRADA-AL-SECTOR-SOLIDARIO-LOCAL-POR-HABITANTES-DEL-MUNICIPIO-DE-OCANA.pdf\">Mirada al sector solidario local por habitantes del municipio de Oca\u00f1a<\/a><\/li>\n\n\n\n<li><a href=\"https:\/\/cider.ufpso.edu.co\/wp-content\/uploads\/2023\/03\/IMPACTO-DE-LA-FORMACION-EN-ECONOMIA-SOLIDARIA-IMPARTIDA-EN-POR-EL-OBSERVATORIO-SOLIDARIO-DURANTE-EL-ANO-2018.pdf\">Impacto de la formaci\u00f3n en econom\u00eda solidaria impartida por el observatorio solidario durante el a\u00f1o 2018<\/a><\/li>\n\n\n\n<li><a href=\"https:\/\/cider.ufpso.edu.co\/wp-content\/uploads\/2023\/03\/DINAMICA-DEL-SECTOR-SOLIDARIO-EN-EL-MUNICIPIO-DE-OCANA.pdf\">Din\u00e1mica del sector solidario en el municipio de Oca\u00f1a<\/a><\/li>\n\n\n\n<li><a href=\"https:\/\/cider.ufpso.edu.co\/wp-content\/uploads\/2023\/03\/ANALISIS-DE-LAS-UNIDADES-ACREDITAS-PARA-IMPARTIR-FORMACION-EN-ECONOMIA-SOLIDARIA-EN-OCANA-NORTE-DE-SANTANDER.pdf\">Organizaciones del tercer sector: Participaci\u00f3n nacional y departamental<\/a><\/li>\n<\/ul>\n\n\n\n<p class=\"has-text-align-center has-nv-text-dark-bg-color has-text-color has-background has-small-font-size\" style=\"background:linear-gradient(135deg,rgb(82,30,62) 0%,rgb(116,60,154) 47%,rgb(79,61,118) 100%)\"><strong>INSTITUCI\u00d3N DE EDUCACI\u00d3N SUPERIOR SUJETA A INSPECCI\u00d3N Y VIGILANCIA POR EL MINISTERIO DE EDUCACI\u00d3N NACIONAL UNIVERSIDAD FRANCISCO DE PAULA SANTANDER OCA\u00d1A \u2013 COLOMBIA V\u00cdA ACOLSURE, SEDE EL ALGODONAL OCA\u00d1A NORTE DE SANTANDER \u2013 C\u00d3DIGO POSTAL: 546552 HORARIO DE ATENCI\u00d3N: LUNES A VIERNES 7:00 A.M. A 12:00 M. Y DE 2:00 P.M A 5:00 P.M. PBX: (+57) (7) 5690088, FUERA DE OCA\u00d1A: 01-8000-12102<\/strong><\/p>\n","protected":false},"excerpt":{"rendered":"<p>Notas informativas 2025 II SEMESTRE VOL N\u00ba6 I SEMESTRE VOL N\u00ba5 2024 II SEMESTRE VOL N\u00ba4 II SEMESTRE VOL N\u00ba3 I SEMESTRE VOL N\u00ba2 I SEMETRE VOL N\u00ba1 2023 Conoce las responsabilidades de las organizaciones solidarias. #paralacienciayenlaciencia Infograf\u00edas 2023 2022 Boletines e Informes 2023 2021 2020 2019 2017-2018 INSTITUCI\u00d3N DE EDUCACI\u00d3N SUPERIOR SUJETA A INSPECCI\u00d3N&hellip;&nbsp;<a href=\"https:\/\/cider.ufpso.edu.co\/?page_id=6159\" class=\"\" rel=\"bookmark\">Leer m\u00e1s &raquo;<span class=\"screen-reader-text\">FOMENTO Y PROMOCI\u00d3N DE LA ECONOM\u00cdA SOLIDARIA OSS<\/span><\/a><\/p>\n","protected":false},"author":1,"featured_media":0,"parent":0,"menu_order":0,"comment_status":"closed","ping_status":"closed","template":"","meta":{"neve_meta_sidebar":"full-width","neve_meta_container":"","neve_meta_enable_content_width":"on","neve_meta_content_width":100,"neve_meta_title_alignment":"","neve_meta_author_avatar":"","neve_post_elements_order":"","neve_meta_disable_header":"","neve_meta_disable_footer":"","neve_meta_disable_title":"","footnotes":""},"class_list":["post-6159","page","type-page","status-publish","hentry"],"_links":{"self":[{"href":"https:\/\/cider.ufpso.edu.co\/index.php?rest_route=\/wp\/v2\/pages\/6159","targetHints":{"allow":["GET"]}}],"collection":[{"href":"https:\/\/cider.ufpso.edu.co\/index.php?rest_route=\/wp\/v2\/pages"}],"about":[{"href":"https:\/\/cider.ufpso.edu.co\/index.php?rest_route=\/wp\/v2\/types\/page"}],"author":[{"embeddable":true,"href":"https:\/\/cider.ufpso.edu.co\/index.php?rest_route=\/wp\/v2\/users\/1"}],"replies":[{"embeddable":true,"href":"https:\/\/cider.ufpso.edu.co\/index.php?rest_route=%2Fwp%2Fv2%2Fcomments&post=6159"}],"version-history":[{"count":23,"href":"https:\/\/cider.ufpso.edu.co\/index.php?rest_route=\/wp\/v2\/pages\/6159\/revisions"}],"predecessor-version":[{"id":7189,"href":"https:\/\/cider.ufpso.edu.co\/index.php?rest_route=\/wp\/v2\/pages\/6159\/revisions\/7189"}],"wp:attachment":[{"href":"https:\/\/cider.ufpso.edu.co\/index.php?rest_route=%2Fwp%2Fv2%2Fmedia&parent=6159"}],"curies":[{"name":"wp","href":"https:\/\/api.w.org\/{rel}","templated":true}]}}