{"id":5954,"date":"2023-03-16T16:53:28","date_gmt":"2023-03-16T16:53:28","guid":{"rendered":"https:\/\/cider.ufpso.edu.co\/?page_id=5954"},"modified":"2026-03-04T14:43:14","modified_gmt":"2026-03-04T14:43:14","slug":"observatorio-laboral-y-economico","status":"publish","type":"page","link":"https:\/\/cider.ufpso.edu.co\/?page_id=5954","title":{"rendered":"Observatorio Laboral y Econ\u00f3mico"},"content":{"rendered":"<div class=\"wp-block-image\">\n<figure class=\"aligncenter size-full is-resized\"><img loading=\"lazy\" decoding=\"async\" width=\"930\" height=\"768\" src=\"https:\/\/cider.ufpso.edu.co\/wp-content\/uploads\/2024\/05\/LOGO-OLE-1.png\" alt=\"\" class=\"wp-image-6635\" style=\"width:557px;height:auto\" srcset=\"https:\/\/cider.ufpso.edu.co\/wp-content\/uploads\/2024\/05\/LOGO-OLE-1.png 930w, https:\/\/cider.ufpso.edu.co\/wp-content\/uploads\/2024\/05\/LOGO-OLE-1-300x248.png 300w, https:\/\/cider.ufpso.edu.co\/wp-content\/uploads\/2024\/05\/LOGO-OLE-1-768x634.png 768w\" sizes=\"auto, (max-width: 930px) 100vw, 930px\" \/><\/figure><\/div>\n\n\n<hr class=\"wp-block-separator has-alpha-channel-opacity\"\/>\n\n\n\n<p>El Observatorio Laboral y Econ\u00f3mico OLE, es una unidad del Centro de Investigaci\u00f3n para el Desarrollo Regional adscrito a la Facultad de Ciencias Administrativas y Econ\u00f3micas, que busca dar respuesta a la necesidad de contar con informaci\u00f3n confiable y oportuna sobre problem\u00e1ticas del mercado laboral y la situaci\u00f3n socio econ\u00f3mica de Oca\u00f1a y la Regi\u00f3n con el fin de orientar la pertinencia de las decisiones de los actores del territorio en el departamento de Norte de Santander.<\/p>\n\n\n\n<p>Con la capacidad de identificar sinergias entre sus integrantes, se busca fundamentalmente generar insumos que garanticen calidad acad\u00e9mica y procesos viables de investigaci\u00f3n, lo que permitir\u00e1 el afianzamiento de los programas de la Facultad de Ciencias Administrativas y Econ\u00f3micas dentro de los conceptos de pertinencia y calidad, cumpliendo con las expectativas y demandas tanto locales, regionales, nacionales e internacionales.<\/p>\n\n\n\n<p class=\"has-medium-font-size\"><strong>MISI\u00d3N<\/strong><\/p>\n\n\n\n<p>El observatorio Laboral y Econ\u00f3mico genera informaci\u00f3n relevante de la situaci\u00f3n socio econ\u00f3mica y laboral de Oca\u00f1a y la Provincia, mediante la recopilaci\u00f3n de datos estad\u00edsticos y proyectos de investigaci\u00f3n.<\/p>\n\n\n\n<p class=\"has-medium-font-size\"><strong>VISI\u00d3N<\/strong><\/p>\n\n\n\n<p>El OLE se proyecta como la principal fuente de informaci\u00f3n m\u00e1s importante y confiable en relaci\u00f3n a tem\u00e1ticas laborales y socio econ\u00f3micos de la Subregi\u00f3n de Oca\u00f1a.<\/p>\n\n\n\n<p class=\"has-medium-font-size\"><strong>OBJETIVOS<\/strong><\/p>\n\n\n\n<p class=\"has-medium-font-size\"><strong>Objetivo general.<\/strong><\/p>\n\n\n\n<p>Presentar boletines t\u00e9cnicos de manera peri\u00f3dica sobre la situaci\u00f3n del mercado laboral y socio econ\u00f3mica de la subregi\u00f3n de Oca\u00f1a.<\/p>\n\n\n\n<p class=\"has-medium-font-size\"><strong>Objetivos espec\u00edficos.<\/strong><\/p>\n\n\n\n<ul class=\"wp-block-list\">\n<li>Analizar datos cuantitativos y cualitativos para consolidar informaci\u00f3n sobre el comportamiento y las tendencias del mercado laboral y la situaci\u00f3n socio econ\u00f3mica de Oca\u00f1a.<\/li>\n\n\n\n<li>Generar proyectos de investigaci\u00f3n para la generaci\u00f3n de conocimientos y de informaci\u00f3n con relaci\u00f3n al mercado laboral y a la situaci\u00f3n socioecon\u00f3mica de la subregi\u00f3n de Oca\u00f1a.<\/li>\n\n\n\n<li>Desarrollar proyectos de investigaci\u00f3n y extensi\u00f3n articulados con los grupos de investigaci\u00f3n, la Facultad de Ciencias Administrativas y Econ\u00f3micas, la Divisi\u00f3n de Investigaci\u00f3n de la Universidad Francisco de Paula Santander Oca\u00f1a y entidades p\u00fablicas o privadas orientadas al estudio de temas de inter\u00e9s para el observatorio.<\/li>\n\n\n\n<li>Promocionar la informaci\u00f3n objeto del observatorio en los diferentes medios de comunicaci\u00f3n, revistas y editoriales nacionales e internacionales.<\/li>\n<\/ul>\n\n\n\n<hr class=\"wp-block-separator has-alpha-channel-opacity\"\/>\n\n\n\n<p class=\"has-text-align-center\"><strong>Luis Fernando Morales Martinez<\/strong><br>Coordinadora del Observatorio Laboral y Econ\u00f3mico<br><strong>Correo de la Dependencia: ole@ufpso.edu.co<\/strong><\/p>\n\n\n\n<p class=\"has-text-align-center\"><strong>Google Scholar Observatorio: <\/strong><a href=\"https:\/\/scholar.google.com\/citations?view_op=list_works&amp;hl=es&amp;hl=es&amp;user=34_ZnZAAAAAJ\" data-type=\"link\" data-id=\"https:\/\/scholar.google.com\/citations?view_op=list_works&amp;hl=es&amp;hl=es&amp;user=34_ZnZAAAAAJ\">https:\/\/scholar.google.com\/citations?view_op=list_works&amp;hl=es&amp;hl=es&amp;user=34_ZnZAAAAAJ<\/a><\/p>\n\n\n\n<hr class=\"wp-block-separator has-alpha-channel-opacity\"\/>\n\n\n\n<p class=\"has-text-align-center has-nv-site-bg-color has-text-color has-background has-small-font-size\" style=\"background:linear-gradient(135deg,rgb(255,203,112) 0%,rgb(82,30,62) 0%,rgb(116,60,154) 53%,rgb(79,61,118) 91%)\"><strong>INSTITUCI\u00d3N DE EDUCACI\u00d3N SUPERIOR SUJETA A INSPECCI\u00d3N Y VIGILANCIA POR EL MINISTERIO DE EDUCACI\u00d3N NACIONAL UNIVERSIDAD FRANCISCO DE PAULA SANTANDER OCA\u00d1A \u2013 COLOMBIA V\u00cdA ACOLSURE, SEDE EL ALGODONAL OCA\u00d1A NORTE DE SANTANDER \u2013 C\u00d3DIGO POSTAL: 546552 HORARIO DE ATENCI\u00d3N: LUNES A VIERNES 7:00 A.M. A 12:00 M. Y DE 2:00 P.M A 5:00 P.M. PBX: (+57) (7) 5690088, FUERA DE OCA\u00d1A: 01-8000-12102<\/strong><\/p>\n","protected":false},"excerpt":{"rendered":"<p>El Observatorio Laboral y Econ\u00f3mico OLE, es una unidad del Centro de Investigaci\u00f3n para el Desarrollo Regional adscrito a la Facultad de Ciencias Administrativas y Econ\u00f3micas, que busca dar respuesta a la necesidad de contar con informaci\u00f3n confiable y oportuna sobre problem\u00e1ticas del mercado laboral y la situaci\u00f3n socio econ\u00f3mica de Oca\u00f1a y la Regi\u00f3n&hellip;&nbsp;<a href=\"https:\/\/cider.ufpso.edu.co\/?page_id=5954\" class=\"\" rel=\"bookmark\">Leer m\u00e1s &raquo;<span class=\"screen-reader-text\">Observatorio Laboral y Econ\u00f3mico<\/span><\/a><\/p>\n","protected":false},"author":1,"featured_media":5956,"parent":3951,"menu_order":14,"comment_status":"closed","ping_status":"closed","template":"","meta":{"neve_meta_sidebar":"full-width","neve_meta_container":"","neve_meta_enable_content_width":"on","neve_meta_content_width":100,"neve_meta_title_alignment":"","neve_meta_author_avatar":"","neve_post_elements_order":"","neve_meta_disable_header":"off","neve_meta_disable_footer":"","neve_meta_disable_title":"on","footnotes":""},"class_list":["post-5954","page","type-page","status-publish","has-post-thumbnail","hentry"],"_links":{"self":[{"href":"https:\/\/cider.ufpso.edu.co\/index.php?rest_route=\/wp\/v2\/pages\/5954","targetHints":{"allow":["GET"]}}],"collection":[{"href":"https:\/\/cider.ufpso.edu.co\/index.php?rest_route=\/wp\/v2\/pages"}],"about":[{"href":"https:\/\/cider.ufpso.edu.co\/index.php?rest_route=\/wp\/v2\/types\/page"}],"author":[{"embeddable":true,"href":"https:\/\/cider.ufpso.edu.co\/index.php?rest_route=\/wp\/v2\/users\/1"}],"replies":[{"embeddable":true,"href":"https:\/\/cider.ufpso.edu.co\/index.php?rest_route=%2Fwp%2Fv2%2Fcomments&post=5954"}],"version-history":[{"count":57,"href":"https:\/\/cider.ufpso.edu.co\/index.php?rest_route=\/wp\/v2\/pages\/5954\/revisions"}],"predecessor-version":[{"id":7204,"href":"https:\/\/cider.ufpso.edu.co\/index.php?rest_route=\/wp\/v2\/pages\/5954\/revisions\/7204"}],"up":[{"embeddable":true,"href":"https:\/\/cider.ufpso.edu.co\/index.php?rest_route=\/wp\/v2\/pages\/3951"}],"wp:featuredmedia":[{"embeddable":true,"href":"https:\/\/cider.ufpso.edu.co\/index.php?rest_route=\/wp\/v2\/media\/5956"}],"wp:attachment":[{"href":"https:\/\/cider.ufpso.edu.co\/index.php?rest_route=%2Fwp%2Fv2%2Fmedia&parent=5954"}],"curies":[{"name":"wp","href":"https:\/\/api.w.org\/{rel}","templated":true}]}}