{"id":5829,"date":"2022-08-30T16:30:54","date_gmt":"2022-08-30T16:30:54","guid":{"rendered":"https:\/\/cider.ufpso.edu.co\/?page_id=5829"},"modified":"2025-09-24T15:05:55","modified_gmt":"2025-09-24T15:05:55","slug":"agenda-2","status":"publish","type":"page","link":"https:\/\/cider.ufpso.edu.co\/?page_id=5829","title":{"rendered":"Agenda Congreso Dossier"},"content":{"rendered":"\n<hr class=\"wp-block-separator has-alpha-channel-opacity\"\/>\n\n\n\n<h2 class=\"wp-block-heading\">Agenda Congreso Dossier 2025<\/h2>\n\n\n\n<hr class=\"wp-block-separator has-alpha-channel-opacity\"\/>\n\n\n\n<div data-wp-interactive=\"core\/file\" class=\"wp-block-file\"><object data-wp-bind--hidden=\"!state.hasPdfPreview\" hidden class=\"wp-block-file__embed\" data=\"https:\/\/cider.ufpso.edu.co\/wp-content\/uploads\/2025\/09\/Agenda-XI-Congreso-Internacional-Dossier-2025-Ponencias-1.pdf\" type=\"application\/pdf\" style=\"width:100%;height:600px\" aria-label=\"Embed of Agenda XI Congreso Internacional Dossier 2025 Ponencias (1).\"><\/object><a id=\"wp-block-file--media-877aad57-4e27-4ba5-b63f-2a0ec1c2158a\" href=\"https:\/\/cider.ufpso.edu.co\/wp-content\/uploads\/2025\/09\/Agenda-XI-Congreso-Internacional-Dossier-2025-Ponencias-1.pdf\">Agenda XI Congreso Internacional Dossier 2025 Ponencias (1)<\/a><a href=\"https:\/\/cider.ufpso.edu.co\/wp-content\/uploads\/2025\/09\/Agenda-XI-Congreso-Internacional-Dossier-2025-Ponencias-1.pdf\" class=\"wp-block-file__button wp-element-button\" download aria-describedby=\"wp-block-file--media-877aad57-4e27-4ba5-b63f-2a0ec1c2158a\">Descarga<\/a><\/div>\n\n\n\n<hr class=\"wp-block-separator has-alpha-channel-opacity\"\/>\n\n\n\n<h2 class=\"wp-block-heading\">Agenda Congreso Dossier 2024<\/h2>\n\n\n\n<hr class=\"wp-block-separator has-alpha-channel-opacity\"\/>\n\n\n\n<div data-wp-interactive=\"core\/file\" class=\"wp-block-file\"><object data-wp-bind--hidden=\"!state.hasPdfPreview\" hidden class=\"wp-block-file__embed\" data=\"https:\/\/cider.ufpso.edu.co\/wp-content\/uploads\/2024\/05\/AGENDA-CONGRESO-DOSSIER-Completo.pdf\" type=\"application\/pdf\" style=\"width:100%;height:600px\" aria-label=\"Embed of AGENDA-CONGRESO-DOSSIER-Completo.\"><\/object><a id=\"wp-block-file--media-a9559e73-6dda-4c94-9486-54530298c756\" href=\"https:\/\/cider.ufpso.edu.co\/wp-content\/uploads\/2024\/05\/AGENDA-CONGRESO-DOSSIER-Completo.pdf\">AGENDA-CONGRESO-DOSSIER-Completo<\/a><a href=\"https:\/\/cider.ufpso.edu.co\/wp-content\/uploads\/2024\/05\/AGENDA-CONGRESO-DOSSIER-Completo.pdf\" class=\"wp-block-file__button wp-element-button\" download aria-describedby=\"wp-block-file--media-a9559e73-6dda-4c94-9486-54530298c756\">Descarga<\/a><\/div>\n\n\n\n<hr class=\"wp-block-separator has-alpha-channel-opacity\"\/>\n\n\n\n<div class=\"wp-block-buttons alignfull is-content-justification-center is-layout-flex wp-container-core-buttons-is-layout-1 wp-block-buttons-is-layout-flex\">\n<div class=\"wp-block-button\"><a class=\"wp-block-button__link has-background wp-element-button\" style=\"background:linear-gradient(135deg,rgb(82,30,62) 0%,rgb(116,60,154) 44%,rgb(79,61,118) 100%)\"><strong>Instituci\u00f3n de Educaci\u00f3n Superior sujeta a inspecci\u00f3n y vigilancia por el Ministerio de Educaci\u00f3n Nacional Universidad Francisco de Paula Santander Oca\u00f1a \u2013 Colombia V\u00eda Acolsure, Sede el Algodonal Oca\u00f1a Norte de Santander \u2013 C\u00f3digo Postal: 546552 Horario de atenci\u00f3n: Lunes a Viernes 7:00 a.m. a 12:00 m. y de 2:00 p.m a 5:00 p.m. PBX: (+57) (7) 5690088, Fuera de Oca\u00f1a: 01-8000-12102<\/strong><\/a><\/div>\n<\/div>\n","protected":false},"excerpt":{"rendered":"<p>Agenda Congreso Dossier 2025 Agenda Congreso Dossier 2024<\/p>\n","protected":false},"author":1,"featured_media":0,"parent":0,"menu_order":0,"comment_status":"closed","ping_status":"closed","template":"","meta":{"neve_meta_sidebar":"full-width","neve_meta_container":"","neve_meta_enable_content_width":"on","neve_meta_content_width":100,"neve_meta_title_alignment":"","neve_meta_author_avatar":"","neve_post_elements_order":"","neve_meta_disable_header":"","neve_meta_disable_footer":"","neve_meta_disable_title":"","footnotes":""},"class_list":["post-5829","page","type-page","status-publish","hentry"],"_links":{"self":[{"href":"https:\/\/cider.ufpso.edu.co\/index.php?rest_route=\/wp\/v2\/pages\/5829","targetHints":{"allow":["GET"]}}],"collection":[{"href":"https:\/\/cider.ufpso.edu.co\/index.php?rest_route=\/wp\/v2\/pages"}],"about":[{"href":"https:\/\/cider.ufpso.edu.co\/index.php?rest_route=\/wp\/v2\/types\/page"}],"author":[{"embeddable":true,"href":"https:\/\/cider.ufpso.edu.co\/index.php?rest_route=\/wp\/v2\/users\/1"}],"replies":[{"embeddable":true,"href":"https:\/\/cider.ufpso.edu.co\/index.php?rest_route=%2Fwp%2Fv2%2Fcomments&post=5829"}],"version-history":[{"count":19,"href":"https:\/\/cider.ufpso.edu.co\/index.php?rest_route=\/wp\/v2\/pages\/5829\/revisions"}],"predecessor-version":[{"id":7159,"href":"https:\/\/cider.ufpso.edu.co\/index.php?rest_route=\/wp\/v2\/pages\/5829\/revisions\/7159"}],"wp:attachment":[{"href":"https:\/\/cider.ufpso.edu.co\/index.php?rest_route=%2Fwp%2Fv2%2Fmedia&parent=5829"}],"curies":[{"name":"wp","href":"https:\/\/api.w.org\/{rel}","templated":true}]}}