{"id":5799,"date":"2022-08-30T16:08:28","date_gmt":"2022-08-30T16:08:28","guid":{"rendered":"https:\/\/cider.ufpso.edu.co\/?page_id=5799"},"modified":"2024-05-28T16:41:34","modified_gmt":"2024-05-28T16:41:34","slug":"congreso-internacional-dossier-2","status":"publish","type":"page","link":"https:\/\/cider.ufpso.edu.co\/?page_id=5799","title":{"rendered":"Congreso Internacional Dossier"},"content":{"rendered":"\n<h1 class=\"wp-block-heading alignwide has-text-align-center\">X Congreso Internacional Dossier<\/h1>\n\n\n\n<h1 class=\"wp-block-heading alignwide has-text-align-center\">III Coloquio de Investigaci\u00f3n<\/h1>\n\n\n\n<hr class=\"wp-block-separator has-alpha-channel-opacity\"\/>\n\n\n\n<figure class=\"wp-block-video\"><video controls src=\"https:\/\/cider.ufpso.edu.co\/wp-content\/uploads\/2024\/05\/WhatsApp-Video-2024-05-27-at-4.04.20-PM.mp4\"><\/video><\/figure>\n\n\n\n<hr class=\"wp-block-separator has-alpha-channel-opacity\"\/>\n\n\n\n<p class=\"has-text-align-center has-x-large-font-size\"><strong><em>Instructivo inscripciones <\/em><\/strong><\/p>\n\n\n\n<hr class=\"wp-block-separator has-alpha-channel-opacity\"\/>\n\n\n\n<div data-wp-interactive=\"core\/file\" class=\"wp-block-file\"><object data-wp-bind--hidden=\"!state.hasPdfPreview\" hidden class=\"wp-block-file__embed\" data=\"https:\/\/cider.ufpso.edu.co\/wp-content\/uploads\/2024\/05\/INSTRUCTIVO-PREINCRIPCION-E-INSCRIPCION-2.pdf\" type=\"application\/pdf\" style=\"width:100%;height:600px\" aria-label=\"Embed of INSTRUCTIVO-PREINCRIPCION-E-INSCRIPCION-2.\"><\/object><a id=\"wp-block-file--media-957d2c83-583f-4c20-a3af-135536a58d97\" href=\"https:\/\/cider.ufpso.edu.co\/wp-content\/uploads\/2024\/05\/INSTRUCTIVO-PREINCRIPCION-E-INSCRIPCION-2.pdf\">INSTRUCTIVO-PREINCRIPCION-E-INSCRIPCION-2<\/a><a href=\"https:\/\/cider.ufpso.edu.co\/wp-content\/uploads\/2024\/05\/INSTRUCTIVO-PREINCRIPCION-E-INSCRIPCION-2.pdf\" class=\"wp-block-file__button wp-element-button\" download aria-describedby=\"wp-block-file--media-957d2c83-583f-4c20-a3af-135536a58d97\">Descarga<\/a><\/div>\n\n\n\n<hr class=\"wp-block-separator has-alpha-channel-opacity\"\/>\n\n\n<div class=\"wp-block-image\">\n<figure class=\"aligncenter size-large is-resized\"><img loading=\"lazy\" decoding=\"async\" width=\"842\" height=\"1024\" src=\"https:\/\/cider.ufpso.edu.co\/wp-content\/uploads\/2024\/04\/WhatsApp-Image-2024-04-05-at-3.22.42-PM-2-842x1024.jpeg\" alt=\"\" class=\"wp-image-6560\" style=\"width:676px;height:auto\" srcset=\"https:\/\/cider.ufpso.edu.co\/wp-content\/uploads\/2024\/04\/WhatsApp-Image-2024-04-05-at-3.22.42-PM-2-842x1024.jpeg 842w, https:\/\/cider.ufpso.edu.co\/wp-content\/uploads\/2024\/04\/WhatsApp-Image-2024-04-05-at-3.22.42-PM-2-247x300.jpeg 247w, https:\/\/cider.ufpso.edu.co\/wp-content\/uploads\/2024\/04\/WhatsApp-Image-2024-04-05-at-3.22.42-PM-2-768x934.jpeg 768w, https:\/\/cider.ufpso.edu.co\/wp-content\/uploads\/2024\/04\/WhatsApp-Image-2024-04-05-at-3.22.42-PM-2-1263x1536.jpeg 1263w, https:\/\/cider.ufpso.edu.co\/wp-content\/uploads\/2024\/04\/WhatsApp-Image-2024-04-05-at-3.22.42-PM-2-1684x2048.jpeg 1684w\" sizes=\"auto, (max-width: 842px) 100vw, 842px\" \/><\/figure><\/div>\n\n\n<hr class=\"wp-block-separator has-alpha-channel-opacity\"\/>\n\n\n\n<p class=\"has-text-align-center has-x-large-font-size\"><strong><em>Convocatoria <\/em><\/strong><\/p>\n\n\n\n<hr class=\"wp-block-separator has-alpha-channel-opacity\"\/>\n\n\n\n<div data-wp-interactive=\"core\/file\" class=\"wp-block-file\"><object data-wp-bind--hidden=\"!state.hasPdfPreview\" hidden class=\"wp-block-file__embed\" data=\"https:\/\/cider.ufpso.edu.co\/wp-content\/uploads\/2024\/04\/CONVOCATORIA-X-CONGRESO-INTERNACIONAL-DOSSIER-2024.pdf\" type=\"application\/pdf\" style=\"width:100%;height:600px\" aria-label=\"Embed of CONVOCATORIA-X-CONGRESO-INTERNACIONAL-DOSSIER-2024.\"><\/object><a id=\"wp-block-file--media-3515903c-a988-45b9-8339-1e9a96437044\" href=\"https:\/\/cider.ufpso.edu.co\/wp-content\/uploads\/2024\/04\/CONVOCATORIA-X-CONGRESO-INTERNACIONAL-DOSSIER-2024.pdf\">CONVOCATORIA-X-CONGRESO-INTERNACIONAL-DOSSIER-2024<\/a><a href=\"https:\/\/cider.ufpso.edu.co\/wp-content\/uploads\/2024\/04\/CONVOCATORIA-X-CONGRESO-INTERNACIONAL-DOSSIER-2024.pdf\" class=\"wp-block-file__button wp-element-button\" download aria-describedby=\"wp-block-file--media-3515903c-a988-45b9-8339-1e9a96437044\">Descarga<\/a><\/div>\n\n\n\n<hr class=\"wp-block-separator has-alpha-channel-opacity\"\/>\n\n\n\n<p class=\"has-text-align-center has-x-large-font-size\"><strong><em>Estructura de Ponencia <\/em><\/strong><\/p>\n\n\n\n<hr class=\"wp-block-separator has-alpha-channel-opacity\"\/>\n\n\n\n<div data-wp-interactive=\"core\/file\" class=\"wp-block-file\"><object data-wp-bind--hidden=\"!state.hasPdfPreview\" hidden class=\"wp-block-file__embed\" data=\"https:\/\/cider.ufpso.edu.co\/wp-content\/uploads\/2024\/04\/Formato-Resumen-Ponencia.pdf\" type=\"application\/pdf\" style=\"width:100%;height:600px\" aria-label=\"Embed of Formato-Resumen-Ponencia.\"><\/object><a id=\"wp-block-file--media-53f0ebb0-b5bc-482d-9634-47601cf33edd\" href=\"https:\/\/cider.ufpso.edu.co\/wp-content\/uploads\/2024\/04\/Formato-Resumen-Ponencia.pdf\">Formato-Resumen-Ponencia<\/a><a href=\"https:\/\/cider.ufpso.edu.co\/wp-content\/uploads\/2024\/04\/Formato-Resumen-Ponencia.pdf\" class=\"wp-block-file__button wp-element-button\" download aria-describedby=\"wp-block-file--media-53f0ebb0-b5bc-482d-9634-47601cf33edd\">Descarga<\/a><\/div>\n\n\n\n<hr class=\"wp-block-separator has-alpha-channel-opacity\"\/>\n\n\n\n<div class=\"wp-block-buttons alignfull is-layout-flex wp-block-buttons-is-layout-flex\">\n<div class=\"wp-block-button\"><a class=\"wp-block-button__link has-background wp-element-button\" href=\"https:\/\/ufpso.edu.co\/fcae\/cider\" style=\"background:linear-gradient(135deg,rgb(82,30,62) 1%,rgb(116,60,154) 41%,rgb(79,61,118) 100%)\"><strong>Instituci\u00f3n de Educaci\u00f3n Superior sujeta a inspecci\u00f3n y vigilancia por el Ministerio de Educaci\u00f3n Nacional Universidad Francisco de Paula Santander Oca\u00f1a \u2013 Colombia V\u00eda Acolsure, Sede el Algodonal Oca\u00f1a Norte de Santander \u2013 C\u00f3digo Postal: 546552 Horario de atenci\u00f3n: Lunes a Viernes 7:00 a.m. a 12:00 m. y de 2:00 p.m a 5:00 p.m. PBX: (+57) (7) 5690088, Fuera de Oca\u00f1a: 01-8000-12102<\/strong><\/a><\/div>\n<\/div>\n","protected":false},"excerpt":{"rendered":"<p>X Congreso Internacional Dossier III Coloquio de Investigaci\u00f3n Instructivo inscripciones Convocatoria Estructura de Ponencia<\/p>\n","protected":false},"author":1,"featured_media":0,"parent":0,"menu_order":0,"comment_status":"closed","ping_status":"closed","template":"","meta":{"neve_meta_sidebar":"full-width","neve_meta_container":"","neve_meta_enable_content_width":"on","neve_meta_content_width":100,"neve_meta_title_alignment":"center","neve_meta_author_avatar":"","neve_post_elements_order":"","neve_meta_disable_header":"","neve_meta_disable_footer":"","neve_meta_disable_title":"on","footnotes":""},"class_list":["post-5799","page","type-page","status-publish","hentry"],"_links":{"self":[{"href":"https:\/\/cider.ufpso.edu.co\/index.php?rest_route=\/wp\/v2\/pages\/5799","targetHints":{"allow":["GET"]}}],"collection":[{"href":"https:\/\/cider.ufpso.edu.co\/index.php?rest_route=\/wp\/v2\/pages"}],"about":[{"href":"https:\/\/cider.ufpso.edu.co\/index.php?rest_route=\/wp\/v2\/types\/page"}],"author":[{"embeddable":true,"href":"https:\/\/cider.ufpso.edu.co\/index.php?rest_route=\/wp\/v2\/users\/1"}],"replies":[{"embeddable":true,"href":"https:\/\/cider.ufpso.edu.co\/index.php?rest_route=%2Fwp%2Fv2%2Fcomments&post=5799"}],"version-history":[{"count":23,"href":"https:\/\/cider.ufpso.edu.co\/index.php?rest_route=\/wp\/v2\/pages\/5799\/revisions"}],"predecessor-version":[{"id":6697,"href":"https:\/\/cider.ufpso.edu.co\/index.php?rest_route=\/wp\/v2\/pages\/5799\/revisions\/6697"}],"wp:attachment":[{"href":"https:\/\/cider.ufpso.edu.co\/index.php?rest_route=%2Fwp%2Fv2%2Fmedia&parent=5799"}],"curies":[{"name":"wp","href":"https:\/\/api.w.org\/{rel}","templated":true}]}}