{"id":5210,"date":"2022-03-29T16:18:33","date_gmt":"2022-03-29T16:18:33","guid":{"rendered":"https:\/\/cider.ufpso.edu.co\/?page_id=5210"},"modified":"2026-03-04T16:20:38","modified_gmt":"2026-03-04T16:20:38","slug":"personal","status":"publish","type":"page","link":"https:\/\/cider.ufpso.edu.co\/?page_id=5210","title":{"rendered":"Personal"},"content":{"rendered":"\n<h2 class=\"wp-block-heading alignfull has-text-align-center has-nv-light-bg-background-color has-background\"><strong>Personal Administrativo del Centro de Investigaci\u00f3n para el Desarrollo Regional <\/strong>&#8220;CIDER&#8221;<\/h2>\n\n\n\n<hr class=\"wp-block-separator has-css-opacity\"\/>\n\n\n<div class=\"wp-block-image\">\n<figure class=\"aligncenter size-full is-resized\"><img loading=\"lazy\" decoding=\"async\" width=\"288\" height=\"288\" src=\"https:\/\/cider.ufpso.edu.co\/wp-content\/uploads\/2024\/08\/CIDER-BLANCO.png\" alt=\"\" class=\"wp-image-6761\" style=\"width:194px;height:auto\" srcset=\"https:\/\/cider.ufpso.edu.co\/wp-content\/uploads\/2024\/08\/CIDER-BLANCO.png 288w, https:\/\/cider.ufpso.edu.co\/wp-content\/uploads\/2024\/08\/CIDER-BLANCO-150x150.png 150w\" sizes=\"auto, (max-width: 288px) 100vw, 288px\" \/><\/figure><\/div>\n\n\n<div class=\"wp-block-columns is-layout-flex wp-container-core-columns-is-layout-1 wp-block-columns-is-layout-flex\">\n<div class=\"wp-block-column is-layout-flow wp-block-column-is-layout-flow\">\n<p class=\"has-text-align-center\" style=\"font-size:15px\"><strong>Mgtr. Doralba Coronel Coronel<\/strong><br>Coordinadora del Centro de Investigaci\u00f3n para el desarrollo Regional CIDER <br>Correo: dcoronelc@ufpso.edu.co<br>Tel: 5690088 Ext: 501<\/p>\n<\/div>\n<\/div>\n\n\n\n<p class=\"has-text-align-center has-nv-light-bg-background-color has-background\"><strong>GRUPOS DE INVESTIGACI\u00d3N <\/strong><\/p>\n\n\n\n<div class=\"wp-block-columns is-layout-flex wp-container-core-columns-is-layout-2 wp-block-columns-is-layout-flex\">\n<div class=\"wp-block-column is-layout-flow wp-block-column-is-layout-flow\">\n<p class=\"has-text-align-center\" style=\"font-size:15px\"><strong>GIDSE<\/strong><br>Correo: gidse@ufpso.edu.co<\/p>\n\n\n<div class=\"wp-block-image wp-duotone-00000003-ffffff-1\">\n<figure class=\"aligncenter size-full is-resized\"><img loading=\"lazy\" decoding=\"async\" width=\"350\" height=\"143\" src=\"https:\/\/cider.ufpso.edu.co\/wp-content\/uploads\/2022\/03\/GIDSE.png\" alt=\"\" class=\"wp-image-4193\" style=\"aspect-ratio:2.44311377245509;width:344px;height:auto\" srcset=\"https:\/\/cider.ufpso.edu.co\/wp-content\/uploads\/2022\/03\/GIDSE.png 350w, https:\/\/cider.ufpso.edu.co\/wp-content\/uploads\/2022\/03\/GIDSE-300x123.png 300w\" sizes=\"auto, (max-width: 350px) 100vw, 350px\" \/><\/figure><\/div>\n\n\n<p class=\"has-text-align-center\" style=\"font-size:15px\"><strong>Genny Torcoroma Navarro Claro<\/strong><br>Directora grupo de investigaci\u00f3n Gidse<br>Correo: gtnavarroc@ufpso.edu.co<\/p>\n<\/div>\n\n\n\n<div class=\"wp-block-column is-layout-flow wp-block-column-is-layout-flow\">\n<p class=\"has-text-align-center\" style=\"font-size:15px\"><strong>ROT<\/strong>\u00c3<br>Correo: rota@ufpso.edu.co<\/p>\n\n\n<div class=\"wp-block-image wp-duotone-rgba000001-ffffff-2\">\n<figure class=\"aligncenter size-full is-resized\"><img loading=\"lazy\" decoding=\"async\" width=\"497\" height=\"280\" src=\"https:\/\/cider.ufpso.edu.co\/wp-content\/uploads\/2022\/03\/ROTA-edited.jpg\" alt=\"\" class=\"wp-image-4811\" style=\"aspect-ratio:1.7734806629834254;width:247px;height:auto\" srcset=\"https:\/\/cider.ufpso.edu.co\/wp-content\/uploads\/2022\/03\/ROTA-edited.jpg 497w, https:\/\/cider.ufpso.edu.co\/wp-content\/uploads\/2022\/03\/ROTA-edited-300x169.jpg 300w\" sizes=\"auto, (max-width: 497px) 100vw, 497px\" \/><\/figure><\/div>\n\n\n<p class=\"has-text-align-center\" style=\"font-size:15px\"><strong>Leidy Torcoroma Guerrero Prado<\/strong><br>Directora grupo de investigaci\u00f3n Rot\u00e3<br>Correo: ltguerrerop@ufpso.edu.co<\/p>\n<\/div>\n\n\n\n<div class=\"wp-block-column is-layout-flow wp-block-column-is-layout-flow\">\n<p class=\"has-text-align-center\" style=\"font-size:15px\"><strong>GICAE<\/strong><br>Correo: gicae@ufpso.edu.co<\/p>\n\n\n<div class=\"wp-block-image wp-duotone-rgba000001-ffffff-3\">\n<figure class=\"aligncenter size-full is-resized\"><img loading=\"lazy\" decoding=\"async\" width=\"1280\" height=\"719\" src=\"https:\/\/cider.ufpso.edu.co\/wp-content\/uploads\/2024\/02\/WhatsApp-Image-2023-10-24-at-11.03.02-AM.jpg\" alt=\"\" class=\"wp-image-6464\" style=\"width:260px;height:auto\" srcset=\"https:\/\/cider.ufpso.edu.co\/wp-content\/uploads\/2024\/02\/WhatsApp-Image-2023-10-24-at-11.03.02-AM.jpg 1280w, https:\/\/cider.ufpso.edu.co\/wp-content\/uploads\/2024\/02\/WhatsApp-Image-2023-10-24-at-11.03.02-AM-300x169.jpg 300w, https:\/\/cider.ufpso.edu.co\/wp-content\/uploads\/2024\/02\/WhatsApp-Image-2023-10-24-at-11.03.02-AM-1024x575.jpg 1024w, https:\/\/cider.ufpso.edu.co\/wp-content\/uploads\/2024\/02\/WhatsApp-Image-2023-10-24-at-11.03.02-AM-768x431.jpg 768w\" sizes=\"auto, (max-width: 1280px) 100vw, 1280px\" \/><\/figure><\/div>\n\n\n<p class=\"has-text-align-center\" style=\"font-size:15px\"><strong>Jos\u00e9 Gregorio Ar\u00e9valo Ascanio<\/strong><br>Director grupo de investigaci\u00f3n Gicae<br>Correo: ltguerrerop@ufpso.edu.co<\/p>\n<\/div>\n<\/div>\n\n\n\n<p class=\"has-text-align-center\" style=\"font-size:15px\"><strong>Luz Mery Dur\u00e1n Alvernia <\/strong><br>Profesional de Apoyo a grupos de investigaci\u00f3n <br>Correo: investigacionfcae@ufpso.edu.co<br>Ext. 523<\/p>\n\n\n\n<p class=\"has-text-align-center has-nv-light-bg-background-color has-background\"><strong>OBSERVATORIOS<\/strong><\/p>\n\n\n\n<div class=\"wp-block-columns is-layout-flex wp-container-core-columns-is-layout-3 wp-block-columns-is-layout-flex\">\n<div class=\"wp-block-column is-layout-flow wp-block-column-is-layout-flow\">\n<p class=\"has-text-align-center\" style=\"font-size:15px\"><strong>OBSERVATORIO LABORAL Y ECON\u00d3MICO<\/strong><br>Correo: ole@ufpso.edu.co<\/p>\n\n\n<div class=\"wp-block-image wp-duotone-00000003-ffffff-4\">\n<figure class=\"aligncenter size-full is-resized\"><img loading=\"lazy\" decoding=\"async\" width=\"258\" height=\"224\" src=\"https:\/\/cider.ufpso.edu.co\/wp-content\/uploads\/2023\/03\/LOGO-OLE.png\" alt=\"\" class=\"wp-image-5982\" style=\"aspect-ratio:1.1510204081632653;width:231px;height:auto\"\/><\/figure><\/div>\n\n\n<div class=\"wp-block-group alignfull is-vertical is-content-justification-stretch is-layout-flex wp-container-core-group-is-layout-1 wp-block-group-is-layout-flex\">\n<p class=\"has-text-align-center\" style=\"font-size:15px\"><strong>Jorge Adid Parra Alvernia<\/strong><br>Coordinador del Observatorio Laboral y Econ\u00f3mico<br>Correo: ole@ufpso.edu.co<br>Ext: 523<\/p>\n<\/div>\n<\/div>\n\n\n\n<div class=\"wp-block-column is-layout-flow wp-block-column-is-layout-flow\">\n<p class=\"has-text-align-center\" style=\"font-size:15px\"><strong>OBSERVATORIO DEL SECTOR SOLIDARIO<\/strong><br>Correo: observatoriosolidario@ufpso.edu.co<\/p>\n\n\n<div class=\"wp-block-image is-style-rounded wp-duotone-00000003-ffffff-5\">\n<figure class=\"aligncenter size-large is-resized\"><img loading=\"lazy\" decoding=\"async\" width=\"1024\" height=\"1003\" src=\"https:\/\/cider.ufpso.edu.co\/wp-content\/uploads\/2023\/03\/OBSERVATORIOSS-1024x1003.jpg\" alt=\"\" class=\"wp-image-6013\" style=\"aspect-ratio:1.0221238938053097;width:225px;height:auto\" srcset=\"https:\/\/cider.ufpso.edu.co\/wp-content\/uploads\/2023\/03\/OBSERVATORIOSS-1024x1003.jpg 1024w, https:\/\/cider.ufpso.edu.co\/wp-content\/uploads\/2023\/03\/OBSERVATORIOSS-300x294.jpg 300w, https:\/\/cider.ufpso.edu.co\/wp-content\/uploads\/2023\/03\/OBSERVATORIOSS-768x752.jpg 768w, https:\/\/cider.ufpso.edu.co\/wp-content\/uploads\/2023\/03\/OBSERVATORIOSS-1536x1504.jpg 1536w, https:\/\/cider.ufpso.edu.co\/wp-content\/uploads\/2023\/03\/OBSERVATORIOSS-2048x2005.jpg 2048w\" sizes=\"auto, (max-width: 1024px) 100vw, 1024px\" \/><\/figure><\/div>\n\n\n<p class=\"has-text-align-center\" style=\"font-size:15px\"><strong>Luis Fernando Morales Martinez<\/strong><br>Coordinadora del Observatorio del Sector Solidario<br>Correo: observatoriosolidario@ufpso.edu.co<br>Ext: 523<\/p>\n<\/div>\n<\/div>\n\n\n\n<p class=\"has-text-align-center has-nv-light-bg-background-color has-background\"><strong>\u00c1REA DE ESTAD\u00cdSTICA<\/strong><\/p>\n\n\n<div class=\"wp-block-image wp-duotone-00000003-ffffff-6\">\n<figure class=\"aligncenter size-large is-resized\"><img loading=\"lazy\" decoding=\"async\" width=\"1024\" height=\"280\" src=\"https:\/\/cider.ufpso.edu.co\/wp-content\/uploads\/2023\/09\/FCAE_Logo_sinfondo-1024x280.png\" alt=\"\" class=\"wp-image-6332\" style=\"aspect-ratio:3.0508474576271185;width:250px;height:auto\" srcset=\"https:\/\/cider.ufpso.edu.co\/wp-content\/uploads\/2023\/09\/FCAE_Logo_sinfondo-1024x280.png 1024w, https:\/\/cider.ufpso.edu.co\/wp-content\/uploads\/2023\/09\/FCAE_Logo_sinfondo-300x82.png 300w, https:\/\/cider.ufpso.edu.co\/wp-content\/uploads\/2023\/09\/FCAE_Logo_sinfondo-768x210.png 768w, https:\/\/cider.ufpso.edu.co\/wp-content\/uploads\/2023\/09\/FCAE_Logo_sinfondo-1536x420.png 1536w, https:\/\/cider.ufpso.edu.co\/wp-content\/uploads\/2023\/09\/FCAE_Logo_sinfondo-2048x560.png 2048w\" sizes=\"auto, (max-width: 1024px) 100vw, 1024px\" \/><\/figure><\/div>\n\n\n<p class=\"has-text-align-center\" style=\"font-size:15px\"><strong>Yesid Castro Chinchilla <\/strong><br>Coordinador de \u00c1rea de Estad\u00edstica y An\u00e1lisis de Datos<br>Correo: estadisticacider@ufpso.edu.co<\/p>\n\n\n\n<p class=\"has-text-align-center has-nv-light-bg-background-color has-background\"><strong>REVISTA CIENT\u00cdFICA PROFUNDIDAD<\/strong><\/p>\n\n\n\n<div class=\"wp-block-columns is-layout-flex wp-container-core-columns-is-layout-4 wp-block-columns-is-layout-flex\">\n<div class=\"wp-block-column is-layout-flow wp-block-column-is-layout-flow\"><div class=\"wp-block-image wp-duotone-rgba00003-ffffff-7\">\n<figure class=\"aligncenter size-full is-resized\"><img loading=\"lazy\" decoding=\"async\" width=\"889\" height=\"397\" src=\"https:\/\/cider.ufpso.edu.co\/wp-content\/uploads\/2022\/03\/Imagen1-4.png\" alt=\"\" class=\"wp-image-5172\" style=\"width:293px;height:130px\" srcset=\"https:\/\/cider.ufpso.edu.co\/wp-content\/uploads\/2022\/03\/Imagen1-4.png 889w, https:\/\/cider.ufpso.edu.co\/wp-content\/uploads\/2022\/03\/Imagen1-4-300x134.png 300w, https:\/\/cider.ufpso.edu.co\/wp-content\/uploads\/2022\/03\/Imagen1-4-768x343.png 768w\" sizes=\"auto, (max-width: 889px) 100vw, 889px\" \/><\/figure><\/div>\n\n\n<p class=\"has-text-align-center\" style=\"font-size:15px\"><strong>Marta Milena Pe\u00f1aranda Pe\u00f1aranda <\/strong><br>Editora de la Revista Cient\u00edfica Profundidad<br>Correo: mmpe\u00f1arandap@ufpso.edu.co<\/p>\n<\/div>\n\n\n\n<div class=\"wp-block-column is-layout-flow wp-block-column-is-layout-flow\"><div class=\"wp-block-image wp-duotone-rgba000029-ffffff-8\">\n<figure class=\"aligncenter size-full is-resized\"><img loading=\"lazy\" decoding=\"async\" width=\"889\" height=\"397\" src=\"https:\/\/cider.ufpso.edu.co\/wp-content\/uploads\/2022\/03\/Imagen1-4.png\" alt=\"\" class=\"wp-image-5172\" style=\"width:293px;height:130px\" srcset=\"https:\/\/cider.ufpso.edu.co\/wp-content\/uploads\/2022\/03\/Imagen1-4.png 889w, https:\/\/cider.ufpso.edu.co\/wp-content\/uploads\/2022\/03\/Imagen1-4-300x134.png 300w, https:\/\/cider.ufpso.edu.co\/wp-content\/uploads\/2022\/03\/Imagen1-4-768x343.png 768w\" sizes=\"auto, (max-width: 889px) 100vw, 889px\" \/><\/figure><\/div>\n\n\n<p class=\"has-text-align-center\" style=\"font-size:15px\"><strong>Liseth Paola Claro Ascanio<\/strong><br>Coeditora de la Revista Cient\u00edfica Profundidad<br>Correo: lpclaroa@ufpso.edu.co<\/p>\n<\/div>\n<\/div>\n\n\n\n<hr class=\"wp-block-separator has-css-opacity\"\/>\n\n\n\n<footer class=\"wp-block-cover alignwide is-light has-custom-content-position is-position-top-left has-large-font-size\" style=\"min-height:100vh;aspect-ratio:unset;\"><span aria-hidden=\"true\" class=\"wp-block-cover__background has-background-dim-0 has-background-dim\" style=\"background-color:#999392\"><\/span><img loading=\"lazy\" decoding=\"async\" width=\"1600\" height=\"1066\" class=\"wp-block-cover__image-background wp-image-7138\" alt=\"\" src=\"https:\/\/cider.ufpso.edu.co\/wp-content\/uploads\/2025\/06\/WhatsApp-Image-2025-06-11-at-9.36.50-AM.jpeg\" data-object-fit=\"cover\" srcset=\"https:\/\/cider.ufpso.edu.co\/wp-content\/uploads\/2025\/06\/WhatsApp-Image-2025-06-11-at-9.36.50-AM.jpeg 1600w, https:\/\/cider.ufpso.edu.co\/wp-content\/uploads\/2025\/06\/WhatsApp-Image-2025-06-11-at-9.36.50-AM-300x200.jpeg 300w, https:\/\/cider.ufpso.edu.co\/wp-content\/uploads\/2025\/06\/WhatsApp-Image-2025-06-11-at-9.36.50-AM-1024x682.jpeg 1024w, https:\/\/cider.ufpso.edu.co\/wp-content\/uploads\/2025\/06\/WhatsApp-Image-2025-06-11-at-9.36.50-AM-768x512.jpeg 768w, https:\/\/cider.ufpso.edu.co\/wp-content\/uploads\/2025\/06\/WhatsApp-Image-2025-06-11-at-9.36.50-AM-1536x1023.jpeg 1536w, https:\/\/cider.ufpso.edu.co\/wp-content\/uploads\/2025\/06\/WhatsApp-Image-2025-06-11-at-9.36.50-AM-930x620.jpeg 930w\" sizes=\"auto, (max-width: 1600px) 100vw, 1600px\" \/><div class=\"wp-block-cover__inner-container is-layout-flow wp-block-cover-is-layout-flow\">\n<p class=\"has-text-align-center has-large-font-size\"><\/p>\n<\/div><\/footer>\n\n\n\n<div class=\"wp-block-buttons alignfull is-content-justification-center is-layout-flex wp-container-core-buttons-is-layout-1 wp-block-buttons-is-layout-flex\">\n<div class=\"wp-block-button\"><a class=\"wp-block-button__link has-background wp-element-button\" style=\"background:linear-gradient(135deg,rgb(82,30,62) 0%,rgb(116,60,154) 49%,rgb(79,61,118) 100%)\"><strong>Instituci\u00f3n de Educaci\u00f3n Superior sujeta a inspecci\u00f3n y vigilancia por el Ministerio de Educaci\u00f3n Nacional Universidad Francisco de Paula Santander Oca\u00f1a \u2013 Colombia V\u00eda Acolsure, Sede el Algodonal Oca\u00f1a Norte de Santander \u2013 C\u00f3digo Postal: 546552 Horario de atenci\u00f3n: Lunes a Viernes 7:00 a.m. a 12:00 m. y de 2:00 p.m a 5:00 p.m. PBX: (+57) (7) 5690088, Fuera de Oca\u00f1a: 01-8000-12102<\/strong><\/a><\/div>\n<\/div>\n\n\n\n<p><\/p>\n","protected":false},"excerpt":{"rendered":"<p>Personal Administrativo del Centro de Investigaci\u00f3n para el Desarrollo Regional &#8220;CIDER&#8221; Mgtr. Doralba Coronel CoronelCoordinadora del Centro de Investigaci\u00f3n para el desarrollo Regional CIDER Correo: dcoronelc@ufpso.edu.coTel: 5690088 Ext: 501 GRUPOS DE INVESTIGACI\u00d3N GIDSECorreo: gidse@ufpso.edu.co Genny Torcoroma Navarro ClaroDirectora grupo de investigaci\u00f3n GidseCorreo: gtnavarroc@ufpso.edu.co ROT\u00c3Correo: rota@ufpso.edu.co Leidy Torcoroma Guerrero PradoDirectora grupo de investigaci\u00f3n Rot\u00e3Correo: ltguerrerop@ufpso.edu.co GICAECorreo:&hellip;&nbsp;<a href=\"https:\/\/cider.ufpso.edu.co\/?page_id=5210\" class=\"\" rel=\"bookmark\">Leer m\u00e1s &raquo;<span class=\"screen-reader-text\">Personal<\/span><\/a><\/p>\n","protected":false},"author":1,"featured_media":0,"parent":0,"menu_order":0,"comment_status":"closed","ping_status":"closed","template":"","meta":{"neve_meta_sidebar":"full-width","neve_meta_container":"","neve_meta_enable_content_width":"on","neve_meta_content_width":100,"neve_meta_title_alignment":"","neve_meta_author_avatar":"","neve_post_elements_order":"","neve_meta_disable_header":"","neve_meta_disable_footer":"","neve_meta_disable_title":"on","footnotes":""},"class_list":["post-5210","page","type-page","status-publish","hentry"],"_links":{"self":[{"href":"https:\/\/cider.ufpso.edu.co\/index.php?rest_route=\/wp\/v2\/pages\/5210","targetHints":{"allow":["GET"]}}],"collection":[{"href":"https:\/\/cider.ufpso.edu.co\/index.php?rest_route=\/wp\/v2\/pages"}],"about":[{"href":"https:\/\/cider.ufpso.edu.co\/index.php?rest_route=\/wp\/v2\/types\/page"}],"author":[{"embeddable":true,"href":"https:\/\/cider.ufpso.edu.co\/index.php?rest_route=\/wp\/v2\/users\/1"}],"replies":[{"embeddable":true,"href":"https:\/\/cider.ufpso.edu.co\/index.php?rest_route=%2Fwp%2Fv2%2Fcomments&post=5210"}],"version-history":[{"count":78,"href":"https:\/\/cider.ufpso.edu.co\/index.php?rest_route=\/wp\/v2\/pages\/5210\/revisions"}],"predecessor-version":[{"id":7208,"href":"https:\/\/cider.ufpso.edu.co\/index.php?rest_route=\/wp\/v2\/pages\/5210\/revisions\/7208"}],"wp:attachment":[{"href":"https:\/\/cider.ufpso.edu.co\/index.php?rest_route=%2Fwp%2Fv2%2Fmedia&parent=5210"}],"curies":[{"name":"wp","href":"https:\/\/api.w.org\/{rel}","templated":true}]}}