{"id":4531,"date":"2022-03-22T23:46:12","date_gmt":"2022-03-22T23:46:12","guid":{"rendered":"https:\/\/cider.ufpso.edu.co\/?page_id=4531"},"modified":"2024-09-02T16:55:06","modified_gmt":"2024-09-02T16:55:06","slug":"rota","status":"publish","type":"page","link":"https:\/\/cider.ufpso.edu.co\/?page_id=4531","title":{"rendered":"Grupo de Investigaci\u00f3n Rot\u00e3"},"content":{"rendered":"\n<div class=\"wp-block-columns is-layout-flex wp-container-core-columns-is-layout-1 wp-block-columns-is-layout-flex\">\n<div class=\"wp-block-column is-layout-flow wp-block-column-is-layout-flow\"><div class=\"wp-block-image\">\n<figure class=\"aligncenter size-medium\"><img loading=\"lazy\" decoding=\"async\" width=\"300\" height=\"232\" src=\"https:\/\/cider.ufpso.edu.co\/wp-content\/uploads\/2022\/03\/ROTA-300x232.jpg\" alt=\"\" class=\"wp-image-4745\" srcset=\"https:\/\/cider.ufpso.edu.co\/wp-content\/uploads\/2022\/03\/ROTA-300x232.jpg 300w, https:\/\/cider.ufpso.edu.co\/wp-content\/uploads\/2022\/03\/ROTA.jpg 497w\" sizes=\"auto, (max-width: 300px) 100vw, 300px\" \/><\/figure><\/div><\/div>\n<\/div>\n\n\n\n<hr class=\"wp-block-separator has-css-opacity\"\/>\n\n\n\n<p style=\"text-align: justify;\">El Grupo de Investigaci\u00f3n Rot\u00e3, est\u00e1 conformado por profesionales con perfiles interdisciplinarios en las diferentes \u00e1reas de gesti\u00f3n del conocimiento, con el prop\u00f3sito de generar espacios de discusi\u00f3n, concertaci\u00f3n y an\u00e1lisis de propuestas que conlleven a la transformaci\u00f3n del entorno en la b\u00fasqueda de la calidad acad\u00e9mica y a la vez coadyuve al posicionamiento y liderazgo de la Universidad Francisco de Paula Santander Oca\u00f1a en la regi\u00f3n y el pa\u00eds.<\/p>\n\n\n\n<p style=\"text-align: justify;\">Con la capacidad de identificar sinergias entre sus integrantes, se busca fundamentalmente generar insumos que garanticen calidad acad\u00e9mica y procesos viables de investigaci\u00f3n, que permitir\u00e1n el afianzamiento de los programas de la Facultad de Ciencias Administrativas y Econ\u00f3micas dentro de los conceptos de pertinencia y calidad, cumpliendo con las expectativas y demandas tanto locales, regionales, nacionales e internacionales.<\/p>\n\n\n\n<hr class=\"wp-block-separator has-css-opacity\"\/>\n\n\n\n<p class=\"has-text-align-left has-large-font-size\"><strong><em>El Grupo sustenta la investigaci\u00f3n en las siguientes l\u00edneas<\/em><\/strong><\/p>\n\n\n\n<ul class=\"wp-block-list\">\n<li>Gesti\u00f3n Empresarial.<\/li>\n\n\n\n<li>Desarrollo Regional, Social y Sostenible (DRSS)<\/li>\n\n\n\n<li>Emprendimiento de base tecnol\u00f3gica<\/li>\n<\/ul>\n\n\n\n<hr class=\"wp-block-separator has-css-opacity\"\/>\n\n\n\n<div class=\"wp-block-columns is-layout-flex wp-container-core-columns-is-layout-2 wp-block-columns-is-layout-flex\">\n<div class=\"wp-block-column is-layout-flow wp-block-column-is-layout-flow\">\n<p class=\"has-text-align-left has-large-font-size\"><strong><em>Semilleros de Investigaci\u00f3n<\/em><\/strong><\/p>\n<\/div>\n<\/div>\n\n\n\n<hr class=\"wp-block-separator has-css-opacity\"\/>\n\n\n\n<div class=\"wp-block-columns is-layout-flex wp-container-core-columns-is-layout-5 wp-block-columns-is-layout-flex\">\n<div class=\"wp-block-column is-layout-flow wp-block-column-is-layout-flow\">\n<div class=\"wp-block-columns is-layout-flex wp-container-core-columns-is-layout-3 wp-block-columns-is-layout-flex\">\n<div class=\"wp-block-column is-layout-flow wp-block-column-is-layout-flow\">\n<figure class=\"wp-block-image size-full\"><img loading=\"lazy\" decoding=\"async\" width=\"390\" height=\"123\" src=\"https:\/\/cider.ufpso.edu.co\/wp-content\/uploads\/2022\/03\/SICECAF.jpg\" alt=\"\" class=\"wp-image-4646\" srcset=\"https:\/\/cider.ufpso.edu.co\/wp-content\/uploads\/2022\/03\/SICECAF.jpg 390w, https:\/\/cider.ufpso.edu.co\/wp-content\/uploads\/2022\/03\/SICECAF-300x95.jpg 300w\" sizes=\"auto, (max-width: 390px) 100vw, 390px\" \/><\/figure>\n<\/div>\n\n\n\n<div class=\"wp-block-column is-layout-flow wp-block-column-is-layout-flow\">\n<p class=\"has-small-font-size\"><strong>Semillero de Investigaci\u00f3n en Contadur\u00eda, Econom\u00eda y Ciencias a Fines (SICECAF)<\/strong><\/p>\n\n\n\n<p class=\"has-small-font-size\"><strong>Objetivo:<\/strong>&nbsp;Promover e incentivar a los estudiantes de la Facultad de Ciencias Administrativas y Econ\u00f3micas a la investigaci\u00f3n como parte integral de su formaci\u00f3n profesional.<\/p>\n<\/div>\n<\/div>\n<\/div>\n\n\n\n<div class=\"wp-block-column is-layout-flow wp-block-column-is-layout-flow\">\n<div class=\"wp-block-columns is-layout-flex wp-container-core-columns-is-layout-4 wp-block-columns-is-layout-flex\">\n<div class=\"wp-block-column is-layout-flow wp-block-column-is-layout-flow\">\n<figure class=\"wp-block-image size-full\"><img loading=\"lazy\" decoding=\"async\" width=\"350\" height=\"123\" src=\"https:\/\/cider.ufpso.edu.co\/wp-content\/uploads\/2022\/03\/siebt-min.jpg\" alt=\"\" class=\"wp-image-4647\" srcset=\"https:\/\/cider.ufpso.edu.co\/wp-content\/uploads\/2022\/03\/siebt-min.jpg 350w, https:\/\/cider.ufpso.edu.co\/wp-content\/uploads\/2022\/03\/siebt-min-300x105.jpg 300w\" sizes=\"auto, (max-width: 350px) 100vw, 350px\" \/><\/figure>\n<\/div>\n\n\n\n<div class=\"wp-block-column is-layout-flow wp-block-column-is-layout-flow\">\n<p class=\"has-small-font-size\"><strong>Semillero en Emprendimiento de Base Tecnol\u00f3gica (EBT)<\/strong><\/p>\n\n\n\n<p class=\"has-small-font-size\"><strong>Objetivo:<\/strong>&nbsp;Desarrollar competencias investigativas en los estudiantes y la generaci\u00f3n de proyectos de emprendimiento de base tecnol\u00f3gica, que contribuyan a su formaci\u00f3n integral, a trav\u00e9s de la realizaci\u00f3n de actividades formativas en investigaci\u00f3n, el estudio en temas particulares, y el intercambio de experiencias acad\u00e9micas.<\/p>\n<\/div>\n<\/div>\n<\/div>\n<\/div>\n\n\n\n<div class=\"wp-block-columns is-layout-flex wp-container-core-columns-is-layout-8 wp-block-columns-is-layout-flex\">\n<div class=\"wp-block-column is-layout-flow wp-block-column-is-layout-flow\">\n<div class=\"wp-block-columns is-layout-flex wp-container-core-columns-is-layout-6 wp-block-columns-is-layout-flex\">\n<div class=\"wp-block-column is-layout-flow wp-block-column-is-layout-flow\">\n<figure class=\"wp-block-image size-full\"><img loading=\"lazy\" decoding=\"async\" width=\"290\" height=\"94\" src=\"https:\/\/cider.ufpso.edu.co\/wp-content\/uploads\/2022\/03\/innove.png\" alt=\"\" class=\"wp-image-4648\"\/><\/figure>\n<\/div>\n\n\n\n<div class=\"wp-block-column is-layout-flow wp-block-column-is-layout-flow\">\n<p class=\"has-small-font-size\"><strong>Semillero de investigaci\u00f3n (INNOVE)<\/strong><\/p>\n\n\n\n<p class=\"has-small-font-size\"><strong>Objetivo:<\/strong>&nbsp;Fomentar en los estudiantes el desarrollo de la investigaci\u00f3n bajo las \u00e1reas de estudio y problemas de investigaci\u00f3n tratados en la l\u00ednea promoviendo el desarrollo regional y social de la provincia de Oca\u00f1a.<\/p>\n<\/div>\n<\/div>\n<\/div>\n\n\n\n<div class=\"wp-block-column is-layout-flow wp-block-column-is-layout-flow\">\n<div class=\"wp-block-columns is-layout-flex wp-container-core-columns-is-layout-7 wp-block-columns-is-layout-flex\">\n<div class=\"wp-block-column is-layout-flow wp-block-column-is-layout-flow\"><\/div>\n\n\n\n<div class=\"wp-block-column is-layout-flow wp-block-column-is-layout-flow\"><\/div>\n<\/div>\n<\/div>\n<\/div>\n\n\n\n<hr class=\"wp-block-separator has-css-opacity\"\/>\n\n\n\n<div class=\"wp-block-buttons alignwide is-content-justification-center is-layout-flex wp-container-core-buttons-is-layout-1 wp-block-buttons-is-layout-flex\">\n<div class=\"wp-block-button has-custom-font-size\" style=\"font-size:25px\"><a class=\"wp-block-button__link has-background wp-element-button\" href=\"https:\/\/docs.google.com\/forms\/d\/13XPxGG73RwnHzx0Q8IY9sglg2TJ3uO5A9ief2mhNG9g\/edit\" style=\"border-radius:12px;background:linear-gradient(135deg,rgb(195,66,57) 0%,rgb(224,2,2) 50%,rgb(190,20,14) 100%)\">inscr\u00edbete ahora en nuestros semilleros de investigaci\u00f3n <\/a><\/div>\n<\/div>\n\n\n<div class=\"wp-block-image\">\n<figure class=\"aligncenter size-full is-resized\"><img loading=\"lazy\" decoding=\"async\" width=\"920\" height=\"879\" src=\"https:\/\/cider.ufpso.edu.co\/wp-content\/uploads\/2022\/04\/Imagen2-2.png\" alt=\"\" class=\"wp-image-5452\" style=\"width:90px;height:86px\" srcset=\"https:\/\/cider.ufpso.edu.co\/wp-content\/uploads\/2022\/04\/Imagen2-2.png 920w, https:\/\/cider.ufpso.edu.co\/wp-content\/uploads\/2022\/04\/Imagen2-2-300x287.png 300w, https:\/\/cider.ufpso.edu.co\/wp-content\/uploads\/2022\/04\/Imagen2-2-768x734.png 768w\" sizes=\"auto, (max-width: 920px) 100vw, 920px\" \/><\/figure><\/div>\n\n\n<hr class=\"wp-block-separator has-css-opacity\"\/>\n\n\n\n<div class=\"wp-block-columns is-layout-flex wp-container-core-columns-is-layout-9 wp-block-columns-is-layout-flex\">\n<div class=\"wp-block-column is-layout-flow wp-block-column-is-layout-flow\">\n<p class=\"has-text-align-center\"><strong>Leidy Torcoroma Guerrero Prado <\/strong><\/p>\n\n\n\n<p class=\"has-text-align-center\">Director del Grupo de Investigaci\u00f3n Rot\u00e3<\/p>\n<\/div>\n<\/div>\n\n\n\n<p class=\"has-text-align-center\"><strong>Correo de la Dependencia: rota@ufpso.edu.co<\/strong><\/p>\n\n\n\n<hr class=\"wp-block-separator has-css-opacity\"\/>\n\n\n\n<div class=\"wp-block-buttons alignfull is-layout-flex wp-block-buttons-is-layout-flex\">\n<div class=\"wp-block-button\"><a class=\"wp-block-button__link has-background wp-element-button\" href=\"https:\/\/ufpso.edu.co\/fcae\/grupo-ROTA\" style=\"background:linear-gradient(135deg,rgb(82,30,62) 0%,rgb(116,60,154) 50%,rgb(79,61,118) 100%)\"><strong><strong>INSTITUCI\u00d3N DE EDUCACI\u00d3N SUPERIOR SUJETA A INSPECCI\u00d3N Y VIGILANCIA POR EL MINISTERIO DE EDUCACI\u00d3N NACIONAL UNIVERSIDAD FRANCISCO DE PAULA SANTANDER OCA\u00d1A \u2013 COLOMBIA V\u00cdA ACOLSURE, SEDE EL ALGODONAL OCA\u00d1A NORTE DE SANTANDER \u2013 C\u00d3DIGO POSTAL: 546552 HORARIO DE ATENCI\u00d3N: LUNES A VIERNES 7:00 A.M. A 12:00 M. Y DE 2:00 P.M A 5:00 P.M. PBX: (+57) (7) 5690088, FUERA DE OCA\u00d1A: 01-8000-12102<\/strong><\/strong><\/a><\/div>\n<\/div>\n","protected":false},"excerpt":{"rendered":"<p>El Grupo de Investigaci\u00f3n Rot\u00e3, est\u00e1 conformado por profesionales con perfiles interdisciplinarios en las diferentes \u00e1reas de gesti\u00f3n del conocimiento, con el prop\u00f3sito de generar espacios de discusi\u00f3n, concertaci\u00f3n y an\u00e1lisis de propuestas que conlleven a la transformaci\u00f3n del entorno en la b\u00fasqueda de la calidad acad\u00e9mica y a la vez coadyuve al posicionamiento y&hellip;&nbsp;<a href=\"https:\/\/cider.ufpso.edu.co\/?page_id=4531\" class=\"\" rel=\"bookmark\">Leer m\u00e1s &raquo;<span class=\"screen-reader-text\">Grupo de Investigaci\u00f3n Rot\u00e3<\/span><\/a><\/p>\n","protected":false},"author":1,"featured_media":0,"parent":0,"menu_order":0,"comment_status":"closed","ping_status":"closed","template":"","meta":{"neve_meta_sidebar":"full-width","neve_meta_container":"","neve_meta_enable_content_width":"on","neve_meta_content_width":100,"neve_meta_title_alignment":"left","neve_meta_author_avatar":"","neve_post_elements_order":"","neve_meta_disable_header":"","neve_meta_disable_footer":"","neve_meta_disable_title":"on","footnotes":""},"class_list":["post-4531","page","type-page","status-publish","hentry"],"_links":{"self":[{"href":"https:\/\/cider.ufpso.edu.co\/index.php?rest_route=\/wp\/v2\/pages\/4531","targetHints":{"allow":["GET"]}}],"collection":[{"href":"https:\/\/cider.ufpso.edu.co\/index.php?rest_route=\/wp\/v2\/pages"}],"about":[{"href":"https:\/\/cider.ufpso.edu.co\/index.php?rest_route=\/wp\/v2\/types\/page"}],"author":[{"embeddable":true,"href":"https:\/\/cider.ufpso.edu.co\/index.php?rest_route=\/wp\/v2\/users\/1"}],"replies":[{"embeddable":true,"href":"https:\/\/cider.ufpso.edu.co\/index.php?rest_route=%2Fwp%2Fv2%2Fcomments&post=4531"}],"version-history":[{"count":89,"href":"https:\/\/cider.ufpso.edu.co\/index.php?rest_route=\/wp\/v2\/pages\/4531\/revisions"}],"predecessor-version":[{"id":6932,"href":"https:\/\/cider.ufpso.edu.co\/index.php?rest_route=\/wp\/v2\/pages\/4531\/revisions\/6932"}],"wp:attachment":[{"href":"https:\/\/cider.ufpso.edu.co\/index.php?rest_route=%2Fwp%2Fv2%2Fmedia&parent=4531"}],"curies":[{"name":"wp","href":"https:\/\/api.w.org\/{rel}","templated":true}]}}