{"id":4529,"date":"2022-03-22T16:15:56","date_gmt":"2022-03-22T16:15:56","guid":{"rendered":"https:\/\/cider.ufpso.edu.co\/?page_id=4529"},"modified":"2024-11-05T16:58:34","modified_gmt":"2024-11-05T16:58:34","slug":"gidse","status":"publish","type":"page","link":"https:\/\/cider.ufpso.edu.co\/?page_id=4529","title":{"rendered":"Grupo de Investigaci\u00f3n GIDSE"},"content":{"rendered":"\n<div class=\"wp-block-columns is-layout-flex wp-container-core-columns-is-layout-1 wp-block-columns-is-layout-flex\">\n<div class=\"wp-block-column is-layout-flow wp-block-column-is-layout-flow\"><div class=\"wp-block-image\">\n<figure class=\"aligncenter size-full\"><a href=\"ufpso.edu.co\/fcae\/grupo-GIDSE\"><img loading=\"lazy\" decoding=\"async\" width=\"350\" height=\"143\" src=\"https:\/\/cider.ufpso.edu.co\/wp-content\/uploads\/2022\/03\/GIDSE.png\" alt=\"\" class=\"wp-image-4193\" srcset=\"https:\/\/cider.ufpso.edu.co\/wp-content\/uploads\/2022\/03\/GIDSE.png 350w, https:\/\/cider.ufpso.edu.co\/wp-content\/uploads\/2022\/03\/GIDSE-300x123.png 300w\" sizes=\"auto, (max-width: 350px) 100vw, 350px\" \/><\/a><\/figure><\/div><\/div>\n<\/div>\n\n\n\n<hr class=\"wp-block-separator has-css-opacity\"\/>\n\n\n\n<p><p style=\"text-align: justify;\">El Grupo de Investigaci\u00f3n en Desarrollo Socio Empresarial GIDSE se crea en el a\u00f1o 2009 en la Universidad Francisco de Paula Santander Oca\u00f1a, por un grupo de profesionales de la Facultad de Ciencias Administrativas y Econ\u00f3micas interesados en la realizaci\u00f3n, promoci\u00f3n y difusi\u00f3n de la investigaci\u00f3n.<\/p>\n\n\n\n<p><p style=\"text-align: justify;\">As\u00ed mismo el grupo pretende asumir la descripci\u00f3n y el an\u00e1lisis de la situaci\u00f3n local y regional en los diversos aspectos que de alguna manera afectan a las organizaciones, con el prop\u00f3sito de determinar la problem\u00e1tica en las distintas variables del entorno e interpretar las causas de dichas problem\u00e1ticas y sus efectos, en la perspectiva de configurar soluciones en el horizonte del desarrollo integral y sostenible.<\/p>\n\n\n\n<hr class=\"wp-block-separator has-css-opacity\"\/>\n\n\n\n<p class=\"has-text-align-left has-large-font-size\"><strong><em>El Grupo sustenta la investigaci\u00f3n en las siguientes l\u00edneas<\/em><\/strong><\/p>\n\n\n\n<ul class=\"wp-block-list\">\n<li>Desarrollo local y regional<\/li>\n\n\n\n<li>Pedagog\u00eda empresarial<\/li>\n\n\n\n<li>Emprendimiento<\/li>\n\n\n\n<li>Gesti\u00f3n Financiera<\/li>\n<\/ul>\n\n\n\n<hr class=\"wp-block-separator has-css-opacity\"\/>\n\n\n\n<p class=\"has-text-align-center has-large-font-size\"><strong><em>Semilleros &nbsp;de Investigaci\u00f3n<\/em><\/strong><\/p>\n\n\n\n<hr class=\"wp-block-separator has-css-opacity\"\/>\n\n\n\n<div class=\"wp-block-columns is-layout-flex wp-container-core-columns-is-layout-4 wp-block-columns-is-layout-flex\">\n<div class=\"wp-block-column is-layout-flow wp-block-column-is-layout-flow\">\n<div class=\"wp-block-columns is-layout-flex wp-container-core-columns-is-layout-2 wp-block-columns-is-layout-flex\">\n<div class=\"wp-block-column is-layout-flow wp-block-column-is-layout-flow\"><div class=\"wp-block-image\">\n<figure class=\"aligncenter size-large is-resized\"><img loading=\"lazy\" decoding=\"async\" width=\"1024\" height=\"576\" src=\"https:\/\/cider.ufpso.edu.co\/wp-content\/uploads\/2022\/03\/CREATID-1024x576.jpg\" alt=\"\" class=\"wp-image-4635\" style=\"width:250px;height:144px\" srcset=\"https:\/\/cider.ufpso.edu.co\/wp-content\/uploads\/2022\/03\/CREATID-1024x576.jpg 1024w, https:\/\/cider.ufpso.edu.co\/wp-content\/uploads\/2022\/03\/CREATID-300x169.jpg 300w, https:\/\/cider.ufpso.edu.co\/wp-content\/uploads\/2022\/03\/CREATID-768x432.jpg 768w, https:\/\/cider.ufpso.edu.co\/wp-content\/uploads\/2022\/03\/CREATID-1536x864.jpg 1536w, https:\/\/cider.ufpso.edu.co\/wp-content\/uploads\/2022\/03\/CREATID-2048x1151.jpg 2048w\" sizes=\"auto, (max-width: 1024px) 100vw, 1024px\" \/><\/figure><\/div><\/div>\n\n\n\n<div class=\"wp-block-column is-layout-flow wp-block-column-is-layout-flow\">\n<p class=\"has-small-font-size\"><strong>Creatividad Emprendimiento apoyado en Tecnolog\u00edas, Investigaci\u00f3n y Desarrollo \u201cCREATID\u201d<\/strong><\/p>\n\n\n\n<p class=\"has-small-font-size\"><strong>Objetivo General:<\/strong>&nbsp;El objetivo del semillero es promover la investigaci\u00f3n, el an\u00e1lisis y la discusi\u00f3n en temas relacionados con la creatividad, la innovaci\u00f3n, el emprendimiento, la investigaci\u00f3n y desarrollo cuyo resorte y apoyo sea el uso de las TIC.<\/p>\n<\/div>\n<\/div>\n<\/div>\n\n\n\n<div class=\"wp-block-column is-layout-flow wp-block-column-is-layout-flow\">\n<div class=\"wp-block-columns is-layout-flex wp-container-core-columns-is-layout-3 wp-block-columns-is-layout-flex\">\n<div class=\"wp-block-column is-layout-flow wp-block-column-is-layout-flow\"><div class=\"wp-block-image\">\n<figure class=\"aligncenter size-full is-resized\"><img loading=\"lazy\" decoding=\"async\" width=\"350\" height=\"124\" src=\"https:\/\/cider.ufpso.edu.co\/wp-content\/uploads\/2022\/03\/management.png\" alt=\"\" class=\"wp-image-4626\" style=\"width:200px\" srcset=\"https:\/\/cider.ufpso.edu.co\/wp-content\/uploads\/2022\/03\/management.png 350w, https:\/\/cider.ufpso.edu.co\/wp-content\/uploads\/2022\/03\/management-300x106.png 300w\" sizes=\"auto, (max-width: 350px) 100vw, 350px\" \/><\/figure><\/div><\/div>\n\n\n\n<div class=\"wp-block-column is-layout-flow wp-block-column-is-layout-flow\">\n<p class=\"has-small-font-size\"><strong>Semillero \u201cMANAGEMENT\u201d<\/strong><\/p>\n\n\n\n<p class=\"has-small-font-size\"><strong>Objetivo General:<\/strong>&nbsp;El objetivo del semillero es promover la investigaci\u00f3n, el an\u00e1lisis y la discusi\u00f3n en temas relacionados con Management y las pr\u00e1cticas administrativas..<\/p>\n<\/div>\n<\/div>\n<\/div>\n<\/div>\n\n\n\n<div class=\"wp-block-columns is-layout-flex wp-container-core-columns-is-layout-7 wp-block-columns-is-layout-flex\">\n<div class=\"wp-block-column is-layout-flow wp-block-column-is-layout-flow\">\n<div class=\"wp-block-columns is-layout-flex wp-container-core-columns-is-layout-5 wp-block-columns-is-layout-flex\">\n<div class=\"wp-block-column is-layout-flow wp-block-column-is-layout-flow\"><div class=\"wp-block-image\">\n<figure class=\"aligncenter size-large is-resized\"><img loading=\"lazy\" decoding=\"async\" width=\"1024\" height=\"576\" src=\"https:\/\/cider.ufpso.edu.co\/wp-content\/uploads\/2022\/03\/SICF-01-1-1024x576.jpg\" alt=\"\" class=\"wp-image-4633\" style=\"width:300px\" srcset=\"https:\/\/cider.ufpso.edu.co\/wp-content\/uploads\/2022\/03\/SICF-01-1-1024x576.jpg 1024w, https:\/\/cider.ufpso.edu.co\/wp-content\/uploads\/2022\/03\/SICF-01-1-300x169.jpg 300w, https:\/\/cider.ufpso.edu.co\/wp-content\/uploads\/2022\/03\/SICF-01-1-768x432.jpg 768w, https:\/\/cider.ufpso.edu.co\/wp-content\/uploads\/2022\/03\/SICF-01-1-1536x864.jpg 1536w, https:\/\/cider.ufpso.edu.co\/wp-content\/uploads\/2022\/03\/SICF-01-1-2048x1151.jpg 2048w\" sizes=\"auto, (max-width: 1024px) 100vw, 1024px\" \/><\/figure><\/div><\/div>\n\n\n\n<div class=\"wp-block-column is-layout-flow wp-block-column-is-layout-flow\">\n<p class=\"has-small-font-size\"><strong>Semillero de Investigaci\u00f3n en Contabilidad y Finanzas &#8220;SICF&#8221;<\/strong><\/p>\n\n\n\n<p class=\"has-small-font-size\"><strong>Objetivo General:<\/strong>&nbsp;El objetivo del semillero de investigaci\u00f3n en Contabilidad y Finanzas \u201cSICF\u201d, es desarrollar la investigaci\u00f3n, an\u00e1lisis y la discusi\u00f3n en temas relacionados con contabilidad y finanzas.<\/p>\n<\/div>\n<\/div>\n<\/div>\n\n\n\n<div class=\"wp-block-column is-layout-flow wp-block-column-is-layout-flow\">\n<div class=\"wp-block-columns is-layout-flex wp-container-core-columns-is-layout-6 wp-block-columns-is-layout-flex\">\n<div class=\"wp-block-column is-layout-flow wp-block-column-is-layout-flow\"><div class=\"wp-block-image\">\n<figure class=\"aligncenter size-full is-resized\"><img loading=\"lazy\" decoding=\"async\" width=\"350\" height=\"160\" src=\"https:\/\/cider.ufpso.edu.co\/wp-content\/uploads\/2022\/03\/sipae-min.jpg\" alt=\"\" class=\"wp-image-4636\" style=\"width:250px\" srcset=\"https:\/\/cider.ufpso.edu.co\/wp-content\/uploads\/2022\/03\/sipae-min.jpg 350w, https:\/\/cider.ufpso.edu.co\/wp-content\/uploads\/2022\/03\/sipae-min-300x137.jpg 300w\" sizes=\"auto, (max-width: 350px) 100vw, 350px\" \/><\/figure><\/div><\/div>\n\n\n\n<div class=\"wp-block-column is-layout-flow wp-block-column-is-layout-flow\">\n<p class=\"has-small-font-size\"><strong>Semillero de Investigaci\u00f3n del Programa de Administraci\u00f3n de Empresas<\/strong><\/p>\n\n\n\n<p class=\"has-small-font-size\"><strong>Objetivo General:<\/strong>&nbsp;Generar procesos de investigaci\u00f3n en estudiantes del programa de Administraci\u00f3n de Empresas que busquen satisfacer las necesidades de las organizaciones.<\/p>\n<\/div>\n<\/div>\n<\/div>\n<\/div>\n\n\n\n<div class=\"wp-block-columns is-layout-flex wp-container-core-columns-is-layout-10 wp-block-columns-is-layout-flex\">\n<div class=\"wp-block-column is-layout-flow wp-block-column-is-layout-flow\">\n<div class=\"wp-block-columns is-layout-flex wp-container-core-columns-is-layout-8 wp-block-columns-is-layout-flex\">\n<div class=\"wp-block-column is-layout-flow wp-block-column-is-layout-flow\"><div class=\"wp-block-image\">\n<figure class=\"aligncenter size-full is-resized\"><img loading=\"lazy\" decoding=\"async\" width=\"479\" height=\"116\" src=\"https:\/\/cider.ufpso.edu.co\/wp-content\/uploads\/2022\/03\/siee-min-1.jpg\" alt=\"\" class=\"wp-image-4630\" style=\"width:200px;height:58px\" srcset=\"https:\/\/cider.ufpso.edu.co\/wp-content\/uploads\/2022\/03\/siee-min-1.jpg 479w, https:\/\/cider.ufpso.edu.co\/wp-content\/uploads\/2022\/03\/siee-min-1-300x73.jpg 300w\" sizes=\"auto, (max-width: 479px) 100vw, 479px\" \/><\/figure><\/div><\/div>\n\n\n\n<div class=\"wp-block-column is-layout-flow wp-block-column-is-layout-flow\">\n<p class=\"has-small-font-size\"><strong>Semillero de Investigaci\u00f3n en Emprendimiento Empresarial \u201cSINEM\u201d<\/strong><\/p>\n\n\n\n<p class=\"has-small-font-size\"><strong>Objetivo General:&nbsp;<\/strong>Formar j\u00f3venes investigadores, con capacidad de reconocer las realidades de su entorno desarrollando propuestas de transformaci\u00f3n que promueve la cultura del emprendimiento empresarial, generando desarrollo socioecon\u00f3mico local y regional.<\/p>\n<\/div>\n<\/div>\n<\/div>\n\n\n\n<div class=\"wp-block-column is-layout-flow wp-block-column-is-layout-flow\">\n<div class=\"wp-block-columns is-layout-flex wp-container-core-columns-is-layout-9 wp-block-columns-is-layout-flex\">\n<div class=\"wp-block-column is-layout-flow wp-block-column-is-layout-flow\"><div class=\"wp-block-image\">\n<figure class=\"aligncenter size-full is-resized\"><img loading=\"lazy\" decoding=\"async\" width=\"350\" height=\"119\" src=\"https:\/\/cider.ufpso.edu.co\/wp-content\/uploads\/2022\/03\/siempre.png\" alt=\"\" class=\"wp-image-4627\" style=\"width:250px\" srcset=\"https:\/\/cider.ufpso.edu.co\/wp-content\/uploads\/2022\/03\/siempre.png 350w, https:\/\/cider.ufpso.edu.co\/wp-content\/uploads\/2022\/03\/siempre-300x102.png 300w\" sizes=\"auto, (max-width: 350px) 100vw, 350px\" \/><\/figure><\/div><\/div>\n\n\n\n<div class=\"wp-block-column is-layout-flow wp-block-column-is-layout-flow\">\n<p class=\"has-small-font-size\"><strong>Semillero de Investigaci\u00f3n Emprendimiento y Gesti\u00f3n Empresarial \u201cSIEMPRE\u201d<\/strong><\/p>\n\n\n\n<p class=\"has-small-font-size\"><strong>Objetivo General:<\/strong>&nbsp;Formar j\u00f3venes investigadores, con capacidades cr\u00edticas, creativas, de argumentaci\u00f3n y habilidades en el desarrollo de propuestas que promuevan la cultura del emprendimiento, la generaci\u00f3n de empresa y el desarrollo socioecon\u00f3mico regional..<\/p>\n<\/div>\n<\/div>\n<\/div>\n<\/div>\n\n\n\n<div class=\"wp-block-columns is-layout-flex wp-container-core-columns-is-layout-13 wp-block-columns-is-layout-flex\">\n<div class=\"wp-block-column is-layout-flow wp-block-column-is-layout-flow\">\n<div class=\"wp-block-columns is-layout-flex wp-container-core-columns-is-layout-11 wp-block-columns-is-layout-flex\">\n<div class=\"wp-block-column is-layout-flow wp-block-column-is-layout-flow\"><div class=\"wp-block-image\">\n<figure class=\"aligncenter size-full is-resized\"><img loading=\"lazy\" decoding=\"async\" width=\"326\" height=\"266\" src=\"https:\/\/cider.ufpso.edu.co\/wp-content\/uploads\/2022\/03\/sisee-min.jpg\" alt=\"\" class=\"wp-image-4623\" style=\"width:200px;height:157px\" srcset=\"https:\/\/cider.ufpso.edu.co\/wp-content\/uploads\/2022\/03\/sisee-min.jpg 326w, https:\/\/cider.ufpso.edu.co\/wp-content\/uploads\/2022\/03\/sisee-min-300x245.jpg 300w\" sizes=\"auto, (max-width: 326px) 100vw, 326px\" \/><\/figure><\/div><\/div>\n\n\n\n<div class=\"wp-block-column is-layout-flow wp-block-column-is-layout-flow\">\n<p class=\"has-small-font-size\"><strong>Semillero de Investigaci\u00f3n social, econ\u00f3mica y empresarial \u201cISSE\u201d<\/strong><\/p>\n\n\n\n<p class=\"has-small-font-size\"><strong>Objetivo General:<\/strong>&nbsp;Conformar un grupo de estudiantes que participen activamente en el desarrollo de investigaciones, que contribuya a la soluci\u00f3n de problem\u00e1ticas sociales, econ\u00f3micas y empresariales propuestas en el semillero.<\/p>\n<\/div>\n<\/div>\n<\/div>\n\n\n\n<div class=\"wp-block-column is-layout-flow wp-block-column-is-layout-flow\">\n<div class=\"wp-block-columns is-layout-flex wp-container-core-columns-is-layout-12 wp-block-columns-is-layout-flex\">\n<div class=\"wp-block-column is-layout-flow wp-block-column-is-layout-flow\"><div class=\"wp-block-image\">\n<figure class=\"aligncenter size-full is-resized\"><img loading=\"lazy\" decoding=\"async\" width=\"350\" height=\"304\" src=\"https:\/\/cider.ufpso.edu.co\/wp-content\/uploads\/2022\/03\/sidem.png\" alt=\"\" class=\"wp-image-4624\" style=\"width:200px;height:144px\" srcset=\"https:\/\/cider.ufpso.edu.co\/wp-content\/uploads\/2022\/03\/sidem.png 350w, https:\/\/cider.ufpso.edu.co\/wp-content\/uploads\/2022\/03\/sidem-300x261.png 300w\" sizes=\"auto, (max-width: 350px) 100vw, 350px\" \/><\/figure><\/div><\/div>\n\n\n\n<div class=\"wp-block-column is-layout-flow wp-block-column-is-layout-flow\">\n<p class=\"has-small-font-size\"><strong>Semillero de Investigaci\u00f3n en Desarrollo Empresarial \u201cSIDEM\u201d<\/strong><\/p>\n\n\n\n<p class=\"has-small-font-size\"><strong>Objetivo General:<\/strong>&nbsp;Motivar y desarrollar las actitudes investigativas en docentes y estudiantes de la facultad de Ciencias Administrativas y Econ\u00f3micas, as\u00ed como crear espacios de discusi\u00f3n, cr\u00edtica y an\u00e1lisis tem\u00e1ticos, enfocados en las \u00e1reas de inter\u00e9s planteadas..<\/p>\n<\/div>\n<\/div>\n<\/div>\n<\/div>\n\n\n\n<div class=\"wp-block-columns is-layout-flex wp-container-core-columns-is-layout-16 wp-block-columns-is-layout-flex\">\n<div class=\"wp-block-column is-layout-flow wp-block-column-is-layout-flow\">\n<div class=\"wp-block-columns is-layout-flex wp-container-core-columns-is-layout-14 wp-block-columns-is-layout-flex\">\n<div class=\"wp-block-column is-layout-flow wp-block-column-is-layout-flow\">\n<figure class=\"wp-block-image size-large is-resized\"><img loading=\"lazy\" decoding=\"async\" width=\"1024\" height=\"1024\" src=\"https:\/\/cider.ufpso.edu.co\/wp-content\/uploads\/2024\/11\/Logo-SIMA_Mesa-de-trabajo-1-1-1024x1024.jpg\" alt=\"\" class=\"wp-image-7026\" style=\"width:132px;height:auto\" srcset=\"https:\/\/cider.ufpso.edu.co\/wp-content\/uploads\/2024\/11\/Logo-SIMA_Mesa-de-trabajo-1-1-1024x1024.jpg 1024w, https:\/\/cider.ufpso.edu.co\/wp-content\/uploads\/2024\/11\/Logo-SIMA_Mesa-de-trabajo-1-1-300x300.jpg 300w, https:\/\/cider.ufpso.edu.co\/wp-content\/uploads\/2024\/11\/Logo-SIMA_Mesa-de-trabajo-1-1-150x150.jpg 150w, https:\/\/cider.ufpso.edu.co\/wp-content\/uploads\/2024\/11\/Logo-SIMA_Mesa-de-trabajo-1-1-768x768.jpg 768w, https:\/\/cider.ufpso.edu.co\/wp-content\/uploads\/2024\/11\/Logo-SIMA_Mesa-de-trabajo-1-1-1536x1536.jpg 1536w, https:\/\/cider.ufpso.edu.co\/wp-content\/uploads\/2024\/11\/Logo-SIMA_Mesa-de-trabajo-1-1.jpg 1875w\" sizes=\"auto, (max-width: 1024px) 100vw, 1024px\" \/><\/figure>\n<\/div>\n\n\n\n<div class=\"wp-block-column is-layout-flow wp-block-column-is-layout-flow\">\n<p class=\"has-small-font-size\"><strong>Semillero de Investigaci\u00f3n  la Maestr\u00eda en Administraci\u00f3n<\/strong> <strong>SIMA<\/strong><\/p>\n\n\n\n<p class=\"has-small-font-size\"><strong>Objetivo General<\/strong>: Fomentar la cultura investigativa en los estudiantes de la Maestr\u00eda en Administraci\u00f3n mediante la creaci\u00f3n y la participaci\u00f3n en escenarios acad\u00e9micos y cient\u00edficos.<\/p>\n<\/div>\n<\/div>\n<\/div>\n\n\n\n<div class=\"wp-block-column is-layout-flow wp-block-column-is-layout-flow\">\n<div class=\"wp-block-columns is-layout-flex wp-container-core-columns-is-layout-15 wp-block-columns-is-layout-flex\">\n<div class=\"wp-block-column is-layout-flow wp-block-column-is-layout-flow\">\n<figure class=\"wp-block-image size-large is-resized\"><img loading=\"lazy\" decoding=\"async\" width=\"1024\" height=\"1024\" src=\"https:\/\/cider.ufpso.edu.co\/wp-content\/uploads\/2024\/11\/Logo-TGCOFI-_Mesa-de-trabajo-1-1-1024x1024.jpg\" alt=\"\" class=\"wp-image-7027\" style=\"width:119px;height:auto\" srcset=\"https:\/\/cider.ufpso.edu.co\/wp-content\/uploads\/2024\/11\/Logo-TGCOFI-_Mesa-de-trabajo-1-1-1024x1024.jpg 1024w, https:\/\/cider.ufpso.edu.co\/wp-content\/uploads\/2024\/11\/Logo-TGCOFI-_Mesa-de-trabajo-1-1-300x300.jpg 300w, https:\/\/cider.ufpso.edu.co\/wp-content\/uploads\/2024\/11\/Logo-TGCOFI-_Mesa-de-trabajo-1-1-150x150.jpg 150w, https:\/\/cider.ufpso.edu.co\/wp-content\/uploads\/2024\/11\/Logo-TGCOFI-_Mesa-de-trabajo-1-1-768x768.jpg 768w, https:\/\/cider.ufpso.edu.co\/wp-content\/uploads\/2024\/11\/Logo-TGCOFI-_Mesa-de-trabajo-1-1-1536x1536.jpg 1536w, https:\/\/cider.ufpso.edu.co\/wp-content\/uploads\/2024\/11\/Logo-TGCOFI-_Mesa-de-trabajo-1-1.jpg 1875w\" sizes=\"auto, (max-width: 1024px) 100vw, 1024px\" \/><\/figure>\n<\/div>\n\n\n\n<div class=\"wp-block-column is-layout-flow wp-block-column-is-layout-flow\">\n<p class=\"has-small-font-size\"><strong>Semillero de Investigaci\u00f3n de Tecnolog\u00eda en Gesti\u00f3n Comercial y Financiera. TGCOFI<\/strong><\/p>\n\n\n\n<p class=\"has-small-font-size\"><strong>Objetivo General: <\/strong>Formar profesionales de distintas \u00e1reas de conocimiento, investigadores con esp\u00edritu cr\u00edtico, \u00e9tico e \u00edntegros, con la capacidad de coadyuvar a la soluci\u00f3n de necesidades sociales, ambientales y econ\u00f3micas en el contexto local y regional.<\/p>\n<\/div>\n<\/div>\n<\/div>\n<\/div>\n\n\n\n<hr class=\"wp-block-separator has-css-opacity\"\/>\n\n\n\n<div class=\"wp-block-buttons alignwide is-content-justification-center is-layout-flex wp-container-core-buttons-is-layout-1 wp-block-buttons-is-layout-flex\">\n<div class=\"wp-block-button has-custom-font-size is-style-secondary\" style=\"font-size:25px\"><a class=\"wp-block-button__link has-background wp-element-button\" href=\"https:\/\/docs.google.com\/forms\/d\/13XPxGG73RwnHzx0Q8IY9sglg2TJ3uO5A9ief2mhNG9g\/edit\" style=\"border-radius:12px;background:linear-gradient(135deg,rgb(197,34,34) 0%,rgb(223,27,27) 50%,rgb(177,36,36) 100%)\">INSCR\u00cdBETE AHORA EN NUESTROS SEMILLEROS de investigaci\u00f3n<\/a><\/div>\n<\/div>\n\n\n<div class=\"wp-block-image\">\n<figure class=\"aligncenter size-full is-resized\"><img loading=\"lazy\" decoding=\"async\" width=\"920\" height=\"879\" src=\"https:\/\/cider.ufpso.edu.co\/wp-content\/uploads\/2022\/04\/Imagen2-2.png\" alt=\"\" class=\"wp-image-5452\" style=\"width:81px;height:78px\" srcset=\"https:\/\/cider.ufpso.edu.co\/wp-content\/uploads\/2022\/04\/Imagen2-2.png 920w, https:\/\/cider.ufpso.edu.co\/wp-content\/uploads\/2022\/04\/Imagen2-2-300x287.png 300w, https:\/\/cider.ufpso.edu.co\/wp-content\/uploads\/2022\/04\/Imagen2-2-768x734.png 768w\" sizes=\"auto, (max-width: 920px) 100vw, 920px\" \/><\/figure><\/div>\n\n\n<hr class=\"wp-block-separator has-alpha-channel-opacity\"\/>\n\n\n\n<hr class=\"wp-block-separator has-css-opacity\"\/>\n\n\n\n<p class=\"has-text-align-center\"><strong>Genny Torcoroma Navarro Claro<\/strong><\/p>\n\n\n\n<p class=\"has-text-align-center\">Directora del Grupo de Investigaci\u00f3n GIDSE<\/p>\n\n\n\n<p class=\"has-text-align-center\"><strong>Correo de la Dependencia: gidse@ufpso.edu.co<\/strong><\/p>\n\n\n\n<hr class=\"wp-block-separator has-css-opacity\"\/>\n\n\n\n<div class=\"wp-block-buttons alignfull is-layout-flex wp-block-buttons-is-layout-flex\">\n<div class=\"wp-block-button is-style-secondary\"><a class=\"wp-block-button__link has-background wp-element-button\" href=\"https:\/\/ufpso.edu.co\/fcae\/grupo-GIDSE\" style=\"background:linear-gradient(135deg,rgb(82,30,62) 0%,rgb(116,60,154) 46%,rgb(79,61,118) 100%)\"><strong>Instituci\u00f3n de Educaci\u00f3n Superior sujeta a inspecci\u00f3n y vigilancia por el Ministerio de Educaci\u00f3n Nacional Universidad Francisco de Paula Santander Oca\u00f1a \u2013 Colombia V\u00eda Acolsure, Sede el Algodonal Oca\u00f1a Norte de Santander \u2013 C\u00f3digo Postal: 546552 Horario de atenci\u00f3n: Lunes a Viernes 7:00 a.m. a 12:00 m. y de 2:00 p.m a 5:00 p.m. PBX: (+57) (7) 5690088, Fuera de Oca\u00f1a: 01-8000-12102<\/strong><\/a><\/div>\n<\/div>\n","protected":false},"excerpt":{"rendered":"<p>El Grupo de Investigaci\u00f3n en Desarrollo Socio Empresarial GIDSE se crea en el a\u00f1o 2009 en la Universidad Francisco de Paula Santander Oca\u00f1a, por un grupo de profesionales de la Facultad de Ciencias Administrativas y Econ\u00f3micas interesados en la realizaci\u00f3n, promoci\u00f3n y difusi\u00f3n de la investigaci\u00f3n. As\u00ed mismo el grupo pretende asumir la descripci\u00f3n y&hellip;&nbsp;<a href=\"https:\/\/cider.ufpso.edu.co\/?page_id=4529\" class=\"\" rel=\"bookmark\">Leer m\u00e1s &raquo;<span class=\"screen-reader-text\">Grupo de Investigaci\u00f3n GIDSE<\/span><\/a><\/p>\n","protected":false},"author":1,"featured_media":0,"parent":0,"menu_order":0,"comment_status":"closed","ping_status":"closed","template":"","meta":{"neve_meta_sidebar":"full-width","neve_meta_container":"","neve_meta_enable_content_width":"on","neve_meta_content_width":100,"neve_meta_title_alignment":"","neve_meta_author_avatar":"","neve_post_elements_order":"","neve_meta_disable_header":"","neve_meta_disable_footer":"","neve_meta_disable_title":"on","footnotes":""},"class_list":["post-4529","page","type-page","status-publish","hentry"],"_links":{"self":[{"href":"https:\/\/cider.ufpso.edu.co\/index.php?rest_route=\/wp\/v2\/pages\/4529","targetHints":{"allow":["GET"]}}],"collection":[{"href":"https:\/\/cider.ufpso.edu.co\/index.php?rest_route=\/wp\/v2\/pages"}],"about":[{"href":"https:\/\/cider.ufpso.edu.co\/index.php?rest_route=\/wp\/v2\/types\/page"}],"author":[{"embeddable":true,"href":"https:\/\/cider.ufpso.edu.co\/index.php?rest_route=\/wp\/v2\/users\/1"}],"replies":[{"embeddable":true,"href":"https:\/\/cider.ufpso.edu.co\/index.php?rest_route=%2Fwp%2Fv2%2Fcomments&post=4529"}],"version-history":[{"count":59,"href":"https:\/\/cider.ufpso.edu.co\/index.php?rest_route=\/wp\/v2\/pages\/4529\/revisions"}],"predecessor-version":[{"id":7030,"href":"https:\/\/cider.ufpso.edu.co\/index.php?rest_route=\/wp\/v2\/pages\/4529\/revisions\/7030"}],"wp:attachment":[{"href":"https:\/\/cider.ufpso.edu.co\/index.php?rest_route=%2Fwp%2Fv2%2Fmedia&parent=4529"}],"curies":[{"name":"wp","href":"https:\/\/api.w.org\/{rel}","templated":true}]}}