{"id":4042,"date":"2022-03-16T18:46:33","date_gmt":"2022-03-16T18:46:33","guid":{"rendered":"https:\/\/cider.ufpso.edu.co\/?page_id=4042"},"modified":"2022-08-30T16:07:52","modified_gmt":"2022-08-30T16:07:52","slug":"eventos","status":"publish","type":"page","link":"https:\/\/cider.ufpso.edu.co\/?page_id=4042","title":{"rendered":"Memorias de Eventos"},"content":{"rendered":"\n<p class=\"has-text-align-left\"><p style=\"text-align: justify;\">Su objetivo principal es lograr la participaci\u00f3n de investigadores y Semilleros a nivel Nacional e Internacional en los ejes centrales del evento y adicionalmente dar a conocer los trabajos de aula realizados por los estudiantes de los programas de la Facultad de Ciencias Administrativas y Econ\u00f3micas donde confluyen nuevos modelos pedag\u00f3gicos impartidos en el sal\u00f3n de clase, siendo un espacio de reflexi\u00f3n sobre los procesos investigativos orientados por los docentes de las diferentes asignaturas.<\/p>\n\n\n\n<p class=\"has-text-align-center\" style=\"font-size:25px\"><strong><em>Para mayor informaci\u00f3n: <\/em><\/strong><\/p>\n\n\n<div class=\"wp-block-image\">\n<figure class=\"aligncenter size-full is-resized\"><img loading=\"lazy\" decoding=\"async\" src=\"https:\/\/cider.ufpso.edu.co\/wp-content\/uploads\/2022\/08\/istockphoto-1182692465-170667a.jpg\" alt=\"\" class=\"wp-image-5770\" width=\"115\" height=\"115\" srcset=\"https:\/\/cider.ufpso.edu.co\/wp-content\/uploads\/2022\/08\/istockphoto-1182692465-170667a.jpg 416w, https:\/\/cider.ufpso.edu.co\/wp-content\/uploads\/2022\/08\/istockphoto-1182692465-170667a-300x300.jpg 300w, https:\/\/cider.ufpso.edu.co\/wp-content\/uploads\/2022\/08\/istockphoto-1182692465-170667a-150x150.jpg 150w\" sizes=\"auto, (max-width: 115px) 100vw, 115px\" \/><\/figure><\/div>\n\n\n<p class=\"has-text-align-center\"><strong>Correos: <\/strong>encuentroinvestigacionempresarial@ufpso.edu.co &#8211;  congresodossier@ufpso.edu.co<\/p>\n\n\n\n<div class=\"wp-block-columns is-layout-flex wp-container-core-columns-is-layout-1 wp-block-columns-is-layout-flex\">\n<div class=\"wp-block-column is-layout-flow wp-block-column-is-layout-flow\">\n<figure class=\"wp-block-image size-large is-resized\"><img loading=\"lazy\" decoding=\"async\" src=\"https:\/\/cider.ufpso.edu.co\/wp-content\/uploads\/2022\/03\/3183_094036-1024x313.jpg\" alt=\"\" class=\"wp-image-4120\" width=\"569\" height=\"173\" srcset=\"https:\/\/cider.ufpso.edu.co\/wp-content\/uploads\/2022\/03\/3183_094036-1024x313.jpg 1024w, https:\/\/cider.ufpso.edu.co\/wp-content\/uploads\/2022\/03\/3183_094036-300x92.jpg 300w, https:\/\/cider.ufpso.edu.co\/wp-content\/uploads\/2022\/03\/3183_094036-768x235.jpg 768w, https:\/\/cider.ufpso.edu.co\/wp-content\/uploads\/2022\/03\/3183_094036.jpg 1160w\" sizes=\"auto, (max-width: 569px) 100vw, 569px\" \/><\/figure>\n<\/div>\n\n\n\n<div class=\"wp-block-column is-layout-flow wp-block-column-is-layout-flow\">\n<figure class=\"wp-block-image size-large\"><img loading=\"lazy\" decoding=\"async\" width=\"1024\" height=\"313\" src=\"https:\/\/cider.ufpso.edu.co\/wp-content\/uploads\/2022\/03\/2823_020604-1024x313.jpg\" alt=\"\" class=\"wp-image-4123\" srcset=\"https:\/\/cider.ufpso.edu.co\/wp-content\/uploads\/2022\/03\/2823_020604-1024x313.jpg 1024w, https:\/\/cider.ufpso.edu.co\/wp-content\/uploads\/2022\/03\/2823_020604-300x92.jpg 300w, https:\/\/cider.ufpso.edu.co\/wp-content\/uploads\/2022\/03\/2823_020604-768x235.jpg 768w, https:\/\/cider.ufpso.edu.co\/wp-content\/uploads\/2022\/03\/2823_020604.jpg 1160w\" sizes=\"auto, (max-width: 1024px) 100vw, 1024px\" \/><\/figure>\n<\/div>\n<\/div>\n\n\n\n<div class=\"wp-block-buttons alignfull is-layout-flex wp-block-buttons-is-layout-flex\">\n<div class=\"wp-block-button has-custom-width wp-block-button__width-100\"><a class=\"wp-block-button__link has-background\" href=\"https:\/\/ufpso.edu.co\/fcae\/Documentos\" style=\"background:linear-gradient(135deg,rgb(82,30,62) 0%,rgb(116,60,154) 49%,rgb(79,61,118) 100%)\"><strong>Instituci\u00f3n de Educaci\u00f3n Superior sujeta a inspecci\u00f3n y vigilancia por el Ministerio de Educaci\u00f3n Nacional Universidad Francisco de Paula Santander Oca\u00f1a \u2013 Colombia V\u00eda Acolsure, Sede el Algodonal Oca\u00f1a Norte de Santander \u2013 C\u00f3digo Postal: 546552 Horario de atenci\u00f3n: Lunes a Viernes 7:00 a.m. a 12:00 m. y de 2:00 p.m a 5:00 p.m. PBX: (+57) (7) 5690088, Fuera de Oca\u00f1a: 01-8000-12102<\/strong><\/a><\/div>\n<\/div>\n","protected":false},"excerpt":{"rendered":"<p>Su objetivo principal es lograr la participaci\u00f3n de investigadores y Semilleros a nivel Nacional e Internacional en los ejes centrales del evento y adicionalmente dar a conocer los trabajos de aula realizados por los estudiantes de los programas de la Facultad de Ciencias Administrativas y Econ\u00f3micas donde confluyen nuevos modelos pedag\u00f3gicos impartidos en el sal\u00f3n&hellip;&nbsp;<a href=\"https:\/\/cider.ufpso.edu.co\/?page_id=4042\" class=\"\" rel=\"bookmark\">Leer m\u00e1s &raquo;<span class=\"screen-reader-text\">Memorias de Eventos<\/span><\/a><\/p>\n","protected":false},"author":1,"featured_media":0,"parent":0,"menu_order":0,"comment_status":"closed","ping_status":"closed","template":"","meta":{"neve_meta_sidebar":"full-width","neve_meta_container":"","neve_meta_enable_content_width":"on","neve_meta_content_width":100,"neve_meta_title_alignment":"","neve_meta_author_avatar":"","neve_post_elements_order":"","neve_meta_disable_header":"","neve_meta_disable_footer":"","neve_meta_disable_title":"","footnotes":""},"class_list":["post-4042","page","type-page","status-publish","hentry"],"_links":{"self":[{"href":"https:\/\/cider.ufpso.edu.co\/index.php?rest_route=\/wp\/v2\/pages\/4042","targetHints":{"allow":["GET"]}}],"collection":[{"href":"https:\/\/cider.ufpso.edu.co\/index.php?rest_route=\/wp\/v2\/pages"}],"about":[{"href":"https:\/\/cider.ufpso.edu.co\/index.php?rest_route=\/wp\/v2\/types\/page"}],"author":[{"embeddable":true,"href":"https:\/\/cider.ufpso.edu.co\/index.php?rest_route=\/wp\/v2\/users\/1"}],"replies":[{"embeddable":true,"href":"https:\/\/cider.ufpso.edu.co\/index.php?rest_route=%2Fwp%2Fv2%2Fcomments&post=4042"}],"version-history":[{"count":12,"href":"https:\/\/cider.ufpso.edu.co\/index.php?rest_route=\/wp\/v2\/pages\/4042\/revisions"}],"predecessor-version":[{"id":5798,"href":"https:\/\/cider.ufpso.edu.co\/index.php?rest_route=\/wp\/v2\/pages\/4042\/revisions\/5798"}],"wp:attachment":[{"href":"https:\/\/cider.ufpso.edu.co\/index.php?rest_route=%2Fwp%2Fv2%2Fmedia&parent=4042"}],"curies":[{"name":"wp","href":"https:\/\/api.w.org\/{rel}","templated":true}]}}