{"id":4023,"date":"2022-03-16T16:42:05","date_gmt":"2022-03-16T16:42:05","guid":{"rendered":"https:\/\/cider.ufpso.edu.co\/?page_id=4023"},"modified":"2022-08-26T20:27:58","modified_gmt":"2022-08-26T20:27:58","slug":"publicidad","status":"publish","type":"page","link":"https:\/\/cider.ufpso.edu.co\/?page_id=4023","title":{"rendered":"Publicaciones"},"content":{"rendered":"\n<p class=\"has-text-align-center has-large-font-size\"><em>&#8220;La producci\u00f3n cient\u00edfica permite la circulaci\u00f3n de conocimiento, el cual se convierte en una fuente poderosa para el desarrollo social, econ\u00f3mico y cultural del pa\u00eds.&#8221;<\/em><\/p>\n\n\n<div class=\"wp-block-image\">\n<figure class=\"aligncenter size-large is-resized\"><img loading=\"lazy\" decoding=\"async\" src=\"https:\/\/cider.ufpso.edu.co\/wp-content\/uploads\/2022\/08\/open-science-1024x530.png\" alt=\"\" class=\"wp-image-5733\" width=\"290\" height=\"150\" srcset=\"https:\/\/cider.ufpso.edu.co\/wp-content\/uploads\/2022\/08\/open-science-1024x530.png 1024w, https:\/\/cider.ufpso.edu.co\/wp-content\/uploads\/2022\/08\/open-science-300x155.png 300w, https:\/\/cider.ufpso.edu.co\/wp-content\/uploads\/2022\/08\/open-science-768x398.png 768w, https:\/\/cider.ufpso.edu.co\/wp-content\/uploads\/2022\/08\/open-science.png 1402w\" sizes=\"auto, (max-width: 290px) 100vw, 290px\" \/><\/figure><\/div>\n\n\n<hr class=\"wp-block-separator has-alpha-channel-opacity\"\/>\n\n\n\n<div class=\"wp-block-buttons alignfull is-layout-flex wp-block-buttons-is-layout-flex\">\n<div class=\"wp-block-button has-custom-font-size has-small-font-size\"><a class=\"wp-block-button__link has-background\" href=\"https:\/\/ufpso.edu.co\/ftp\/pdf\/facultades\/fcae\/documentos\/Produccion%20cientifica%20actualizada.pdf\" style=\"background:linear-gradient(135deg,rgb(82,30,62) 0%,rgb(116,60,154) 44%,rgb(79,61,118) 100%)\"><strong>INSTITUCI\u00d3N DE EDUCACI\u00d3N SUPERIOR SUJETA A INSPECCI\u00d3N Y VIGILANCIA POR EL MINISTERIO DE EDUCACI\u00d3N NACIONAL UNIVERSIDAD FRANCISCO DE PAULA SANTANDER OCA\u00d1A \u2013 COLOMBIA V\u00cdA ACOLSURE, SEDE EL ALGODONAL OCA\u00d1A NORTE DE SANTANDER \u2013 C\u00d3DIGO POSTAL: 546552 HORARIO DE ATENCI\u00d3N: LUNES A VIERNES 7:00 A.M. A 12:00 M. Y DE 2:00 P.M A 5:00 P.M. PBX: (+57) (7) 5690088, FUERA DE OCA\u00d1A: 01-8000-12102<\/strong><\/a><\/div>\n<\/div>\n","protected":false},"excerpt":{"rendered":"<p>&#8220;La producci\u00f3n cient\u00edfica permite la circulaci\u00f3n de conocimiento, el cual se convierte en una fuente poderosa para el desarrollo social, econ\u00f3mico y cultural del pa\u00eds.&#8221;<\/p>\n","protected":false},"author":1,"featured_media":0,"parent":0,"menu_order":0,"comment_status":"closed","ping_status":"closed","template":"","meta":{"neve_meta_sidebar":"full-width","neve_meta_container":"","neve_meta_enable_content_width":"on","neve_meta_content_width":100,"neve_meta_title_alignment":"","neve_meta_author_avatar":"","neve_post_elements_order":"","neve_meta_disable_header":"","neve_meta_disable_footer":"","neve_meta_disable_title":"","footnotes":""},"class_list":["post-4023","page","type-page","status-publish","hentry"],"_links":{"self":[{"href":"https:\/\/cider.ufpso.edu.co\/index.php?rest_route=\/wp\/v2\/pages\/4023","targetHints":{"allow":["GET"]}}],"collection":[{"href":"https:\/\/cider.ufpso.edu.co\/index.php?rest_route=\/wp\/v2\/pages"}],"about":[{"href":"https:\/\/cider.ufpso.edu.co\/index.php?rest_route=\/wp\/v2\/types\/page"}],"author":[{"embeddable":true,"href":"https:\/\/cider.ufpso.edu.co\/index.php?rest_route=\/wp\/v2\/users\/1"}],"replies":[{"embeddable":true,"href":"https:\/\/cider.ufpso.edu.co\/index.php?rest_route=%2Fwp%2Fv2%2Fcomments&post=4023"}],"version-history":[{"count":7,"href":"https:\/\/cider.ufpso.edu.co\/index.php?rest_route=\/wp\/v2\/pages\/4023\/revisions"}],"predecessor-version":[{"id":5779,"href":"https:\/\/cider.ufpso.edu.co\/index.php?rest_route=\/wp\/v2\/pages\/4023\/revisions\/5779"}],"wp:attachment":[{"href":"https:\/\/cider.ufpso.edu.co\/index.php?rest_route=%2Fwp%2Fv2%2Fmedia&parent=4023"}],"curies":[{"name":"wp","href":"https:\/\/api.w.org\/{rel}","templated":true}]}}