{"id":3970,"date":"2022-03-15T21:39:14","date_gmt":"2022-03-15T21:39:14","guid":{"rendered":"https:\/\/cider.ufpso.edu.co\/?page_id=3970"},"modified":"2026-03-05T13:25:33","modified_gmt":"2026-03-05T13:25:33","slug":"inicio","status":"publish","type":"page","link":"https:\/\/cider.ufpso.edu.co\/","title":{"rendered":"Inicio"},"content":{"rendered":"<div class=\"wp-block-image\">\n<figure class=\"aligncenter size-large is-resized\"><a href=\"https:\/\/ufpso.edu.co\/fcae\/cider\"><img loading=\"lazy\" decoding=\"async\" width=\"1024\" height=\"511\" src=\"https:\/\/cider.ufpso.edu.co\/wp-content\/uploads\/2022\/03\/Logo-CIDER-2-01-3-1024x511.jpg\" alt=\"\" class=\"wp-image-4102\" style=\"width:692px;height:345px\" srcset=\"https:\/\/cider.ufpso.edu.co\/wp-content\/uploads\/2022\/03\/Logo-CIDER-2-01-3-1024x511.jpg 1024w, https:\/\/cider.ufpso.edu.co\/wp-content\/uploads\/2022\/03\/Logo-CIDER-2-01-3-300x150.jpg 300w, https:\/\/cider.ufpso.edu.co\/wp-content\/uploads\/2022\/03\/Logo-CIDER-2-01-3-768x383.jpg 768w, https:\/\/cider.ufpso.edu.co\/wp-content\/uploads\/2022\/03\/Logo-CIDER-2-01-3-1536x767.jpg 1536w, https:\/\/cider.ufpso.edu.co\/wp-content\/uploads\/2022\/03\/Logo-CIDER-2-01-3-2048x1022.jpg 2048w\" sizes=\"auto, (max-width: 1024px) 100vw, 1024px\" \/><\/a><\/figure><\/div>\n\n\n<hr class=\"wp-block-separator has-css-opacity\"\/>\n\n\n\n<div class=\"wp-block-columns is-layout-flex wp-container-core-columns-is-layout-1 wp-block-columns-is-layout-flex\">\n<div class=\"wp-block-column is-layout-flow wp-block-column-is-layout-flow\">\n<p class=\"has-x-large-font-size\"><strong><em>Quienes Somos?<\/em><\/strong><\/p>\n<\/div>\n<\/div>\n\n\n\n<div class=\"wp-block-columns is-layout-flex wp-container-core-columns-is-layout-2 wp-block-columns-is-layout-flex\">\n<div class=\"wp-block-column is-layout-flow wp-block-column-is-layout-flow\">\n<figure class=\"wp-block-image size-large\"><img loading=\"lazy\" decoding=\"async\" width=\"1024\" height=\"683\" src=\"https:\/\/cider.ufpso.edu.co\/wp-content\/uploads\/2021\/04\/casona-1-1024x683.jpg\" alt=\"\" class=\"wp-image-3923\" srcset=\"https:\/\/cider.ufpso.edu.co\/wp-content\/uploads\/2021\/04\/casona-1-1024x683.jpg 1024w, https:\/\/cider.ufpso.edu.co\/wp-content\/uploads\/2021\/04\/casona-1-300x200.jpg 300w, https:\/\/cider.ufpso.edu.co\/wp-content\/uploads\/2021\/04\/casona-1-768x513.jpg 768w, https:\/\/cider.ufpso.edu.co\/wp-content\/uploads\/2021\/04\/casona-1-1536x1025.jpg 1536w, https:\/\/cider.ufpso.edu.co\/wp-content\/uploads\/2021\/04\/casona-1-2048x1367.jpg 2048w, https:\/\/cider.ufpso.edu.co\/wp-content\/uploads\/2021\/04\/casona-1-930x620.jpg 930w\" sizes=\"auto, (max-width: 1024px) 100vw, 1024px\" \/><\/figure>\n<\/div>\n\n\n\n<div class=\"wp-block-column is-layout-flow wp-block-column-is-layout-flow\">\n<p class=\"has-text-align-center has-x-large-font-size\"><strong><em>Misi\u00f3n<\/em><\/strong><\/p>\n\n\n\nEl Centro de Investigaci\u00f3n para el Desarrollo Regional, impulsa y fortalece actividades de investigaci\u00f3n, as\u00ed como la creaci\u00f3n de propuestas y proyectos orientados a resolver los desaf\u00edos en Ciencias Administrativas, Econ\u00f3micas y Sociales de la regi\u00f3n, soportado en el capital humano comprometido con el cumplimiento del quehacer misional de la Universidad.\n<\/div>\n<\/div>\n\n\n\n<hr class=\"wp-block-separator has-css-opacity\"\/>\n\n\n\n<div class=\"wp-block-columns has-background is-layout-flex wp-container-core-columns-is-layout-4 wp-block-columns-is-layout-flex\" style=\"background:linear-gradient(135deg,rgb(238,238,238) 36%,rgb(169,184,195) 100%)\">\n<div class=\"wp-block-column is-layout-flow wp-block-column-is-layout-flow\">\n<div class=\"wp-block-columns is-layout-flex wp-container-core-columns-is-layout-3 wp-block-columns-is-layout-flex\">\n<div class=\"wp-block-column is-vertically-aligned-top is-layout-flow wp-block-column-is-layout-flow\">\n<p class=\"has-text-align-center has-x-large-font-size\"><strong><em>Visi\u00f3n<\/em><\/strong><\/p>\n\n\n\nSer un Centro de Investigaci\u00f3n l\u00edder en el campo de las Ciencias Administrativas, Econ\u00f3micas y Sociales, reconocido en la comunidad acad\u00e9mica por el fortalecimiento de las actividades de investigaci\u00f3n pertinentes, orientadas al desarrollo local y regional.\n<\/div>\n\n\n\n<div class=\"wp-block-column is-layout-flow wp-block-column-is-layout-flow\"><div class=\"wp-block-image\">\n<figure class=\"aligncenter size-large\"><img loading=\"lazy\" decoding=\"async\" width=\"1024\" height=\"683\" src=\"https:\/\/cider.ufpso.edu.co\/wp-content\/uploads\/2021\/04\/159381041_4177704878915182_449437066794620421_n-1024x683.jpg\" alt=\"\" class=\"wp-image-3922\" srcset=\"https:\/\/cider.ufpso.edu.co\/wp-content\/uploads\/2021\/04\/159381041_4177704878915182_449437066794620421_n-1024x683.jpg 1024w, https:\/\/cider.ufpso.edu.co\/wp-content\/uploads\/2021\/04\/159381041_4177704878915182_449437066794620421_n-300x200.jpg 300w, https:\/\/cider.ufpso.edu.co\/wp-content\/uploads\/2021\/04\/159381041_4177704878915182_449437066794620421_n-768x512.jpg 768w, https:\/\/cider.ufpso.edu.co\/wp-content\/uploads\/2021\/04\/159381041_4177704878915182_449437066794620421_n-930x620.jpg 930w, https:\/\/cider.ufpso.edu.co\/wp-content\/uploads\/2021\/04\/159381041_4177704878915182_449437066794620421_n.jpg 1280w\" sizes=\"auto, (max-width: 1024px) 100vw, 1024px\" \/><\/figure><\/div><\/div>\n<\/div>\n<\/div>\n<\/div>\n\n\n\n<hr class=\"wp-block-separator has-css-opacity\"\/>\n\n\n\n<div class=\"wp-block-columns is-layout-flex wp-container-core-columns-is-layout-5 wp-block-columns-is-layout-flex\">\n<div class=\"wp-block-column is-layout-flow wp-block-column-is-layout-flow\">\n<h3 class=\"wp-block-heading has-text-align-left has-text-align-center has-neve-text-color-color has-text-color has-x-large-font-size\"><em>Objetivos<\/em> <\/h3>\n\n\n\n<ul><li><p style=\"text-align: justify;\">Contribuir al fortalecimiento de la investigaci\u00f3n en la Facultad de Ciencias\nAdministrativas y Econ\u00f3micas, con el fin de generar espacios para el desarrollo de la\ninvestigaci\u00f3n orientada al an\u00e1lisis y a la generaci\u00f3n de propuestas de soluci\u00f3n sobre la\nproblem\u00e1tica y la situaci\u00f3n socio econ\u00f3mica de la regi\u00f3n.<\/li><li><p style=\"text-align: justify;\">Consolidar los grupos de investigaci\u00f3n de la Facultad de Ciencias Administrativas y Econ\u00f3micas, los semilleros y los observatorios sobre las condiciones administrativas, econ\u00f3micas y sociales, a nivel local, regional y nacional.<\/li><li>Difundir los resultados de investigaci\u00f3n en las instancias acad\u00e9micas y comunidad en general.<\/li><li><p style=\"text-align: justify;\">Fortalecer la formaci\u00f3n de investigadores, la relaci\u00f3n con la docencia y la investigaci\u00f3n\nformativa, a trav\u00e9s de la participaci\u00f3n en redes de investigaci\u00f3n, locales, nacionales e\ninternacionales.<\/li><\/ul>\n<\/div>\n<\/div>\n\n\n\n<hr class=\"wp-block-separator has-css-opacity\"\/>\n\n\n\n<div class=\"wp-block-columns is-layout-flex wp-container-core-columns-is-layout-6 wp-block-columns-is-layout-flex\">\n<div class=\"wp-block-column is-layout-flow wp-block-column-is-layout-flow\">\n<h3 class=\"wp-block-heading has-text-align-center\"><strong>Doralba Coronel Coronel<\/strong><\/h3>\n\n\n\n<p class=\"has-text-align-center\">Coordinadora del Centro de Investigaci\u00f3n para el Desarrollo Regional &#8220;CIDER&#8221;<\/p>\n\n\n\n<p class=\"has-text-align-center\">Universidad Francisco de Paula Santander Oca\u00f1a, v\u00eda Acolsure Sede el Algodonal<\/p>\n\n\n\n<p class=\"has-text-align-center\">Oficina CIDER<br>PBX:&nbsp;5690088 Ext. 501<br>Email:&nbsp;dcoronelc@ufpso.edu.co<\/p>\n<\/div>\n<\/div>\n\n\n\n<hr class=\"wp-block-separator has-css-opacity\"\/>\n\n\n\n<p class=\"has-text-align-center\"><strong><strong>Correo de la Dependencia: cider@ufpso.edu.co<\/strong><\/strong><\/p>\n\n\n\n<hr class=\"wp-block-separator has-css-opacity\"\/>\n\n\n\n<div class=\"wp-block-buttons alignfull is-layout-flex wp-block-buttons-is-layout-flex\">\n<div class=\"wp-block-button has-custom-width wp-block-button__width-100 is-style-secondary\"><a class=\"wp-block-button__link has-background wp-element-button\" href=\"https:\/\/ufpso.edu.co\/fcae\/cider\" style=\"background:linear-gradient(135deg,rgb(82,30,62) 0%,rgb(116,60,154) 48%,rgb(79,61,118) 100%)\"><strong>Instituci\u00f3n de Educaci\u00f3n Superior sujeta a inspecci\u00f3n y vigilancia por el Ministerio de Educaci\u00f3n Nacional Universidad Francisco de Paula Santander Oca\u00f1a \u2013 Colombia V\u00eda Acolsure, Sede el Algodonal Oca\u00f1a Norte de Santander \u2013 C\u00f3digo Postal: 546552 Horario de atenci\u00f3n: Lunes a Viernes 7:00 a.m. a 12:00 m. y de 2:00 p.m a 5:00 p.m. PBX: (+57) (7) 5690088, Fuera de Oca\u00f1a: 01-8000-12102<\/strong><\/a><\/div>\n<\/div>\n\n\n\n<p><\/p>\n","protected":false},"excerpt":{"rendered":"<p>Quienes Somos? Misi\u00f3n El Centro de Investigaci\u00f3n para el Desarrollo Regional, impulsa y fortalece actividades de investigaci\u00f3n, as\u00ed como la creaci\u00f3n de propuestas y proyectos orientados a resolver los desaf\u00edos en Ciencias Administrativas, Econ\u00f3micas y Sociales de la regi\u00f3n, soportado en el capital humano comprometido con el cumplimiento del quehacer misional de la Universidad. Visi\u00f3n&hellip;&nbsp;<a href=\"https:\/\/cider.ufpso.edu.co\/\" class=\"\" rel=\"bookmark\">Leer m\u00e1s &raquo;<span class=\"screen-reader-text\">Inicio<\/span><\/a><\/p>\n","protected":false},"author":1,"featured_media":0,"parent":0,"menu_order":0,"comment_status":"closed","ping_status":"closed","template":"","meta":{"neve_meta_sidebar":"left","neve_meta_container":"","neve_meta_enable_content_width":"on","neve_meta_content_width":100,"neve_meta_title_alignment":"","neve_meta_author_avatar":"","neve_post_elements_order":"","neve_meta_disable_header":"off","neve_meta_disable_footer":"","neve_meta_disable_title":"on","footnotes":""},"class_list":["post-3970","page","type-page","status-publish","hentry"],"_links":{"self":[{"href":"https:\/\/cider.ufpso.edu.co\/index.php?rest_route=\/wp\/v2\/pages\/3970","targetHints":{"allow":["GET"]}}],"collection":[{"href":"https:\/\/cider.ufpso.edu.co\/index.php?rest_route=\/wp\/v2\/pages"}],"about":[{"href":"https:\/\/cider.ufpso.edu.co\/index.php?rest_route=\/wp\/v2\/types\/page"}],"author":[{"embeddable":true,"href":"https:\/\/cider.ufpso.edu.co\/index.php?rest_route=\/wp\/v2\/users\/1"}],"replies":[{"embeddable":true,"href":"https:\/\/cider.ufpso.edu.co\/index.php?rest_route=%2Fwp%2Fv2%2Fcomments&post=3970"}],"version-history":[{"count":92,"href":"https:\/\/cider.ufpso.edu.co\/index.php?rest_route=\/wp\/v2\/pages\/3970\/revisions"}],"predecessor-version":[{"id":7225,"href":"https:\/\/cider.ufpso.edu.co\/index.php?rest_route=\/wp\/v2\/pages\/3970\/revisions\/7225"}],"wp:attachment":[{"href":"https:\/\/cider.ufpso.edu.co\/index.php?rest_route=%2Fwp%2Fv2%2Fmedia&parent=3970"}],"curies":[{"name":"wp","href":"https:\/\/api.w.org\/{rel}","templated":true}]}}