{"id":3902,"date":"2020-01-27T08:29:32","date_gmt":"2020-01-27T08:29:32","guid":{"rendered":"https:\/\/demosites.io\/web-agency-gb\/?page_id=75"},"modified":"2024-08-13T15:18:30","modified_gmt":"2024-08-13T15:18:30","slug":"15c42-web-agency-gb-contact-us","status":"publish","type":"page","link":"https:\/\/cider.ufpso.edu.co\/?page_id=3902","title":{"rendered":"Cont\u00e1ctanos"},"content":{"rendered":"\n<div class=\"wp-block-cover alignfull\" style=\"min-height:148px;aspect-ratio:unset;\"><span aria-hidden=\"true\" class=\"wp-block-cover__background has-nv-site-bg-background-color has-background-dim-100 has-background-dim\"><\/span><div class=\"wp-block-cover__inner-container is-layout-flow wp-block-cover-is-layout-flow\">\n<div class=\"wp-block-group\"><div class=\"wp-block-group__inner-container is-layout-flow wp-block-group-is-layout-flow\">\n<h1 class=\"wp-block-heading has-text-align-left has-neve-text-color-color has-text-color\">Cont\u00e1ctanos<\/h1>\n<\/div><\/div>\n<\/div><\/div>\n\n\n\n<hr class=\"wp-block-separator has-css-opacity\"\/>\n\n\n\n<div class=\"wp-block-group\"><div class=\"wp-block-group__inner-container is-layout-flow wp-block-group-is-layout-flow\">\n<div class=\"wp-block-cover alignfull\" style=\"min-height:533px;aspect-ratio:unset;\"><span aria-hidden=\"true\" class=\"wp-block-cover__background has-nv-site-bg-background-color has-background-dim-100 has-background-dim\"><\/span><div class=\"wp-block-cover__inner-container is-layout-flow wp-block-cover-is-layout-flow\">\n<div class=\"wp-block-media-text alignwide is-stacked-on-mobile is-style-default\" style=\"grid-template-columns:27% auto\"><figure class=\"wp-block-media-text__media\"><img loading=\"lazy\" decoding=\"async\" width=\"1024\" height=\"511\" src=\"https:\/\/cider.ufpso.edu.co\/wp-content\/uploads\/2022\/03\/Logo-CIDER-2-01-3-1024x511.jpg\" alt=\"\" class=\"wp-image-4102 size-full\" srcset=\"https:\/\/cider.ufpso.edu.co\/wp-content\/uploads\/2022\/03\/Logo-CIDER-2-01-3-1024x511.jpg 1024w, https:\/\/cider.ufpso.edu.co\/wp-content\/uploads\/2022\/03\/Logo-CIDER-2-01-3-300x150.jpg 300w, https:\/\/cider.ufpso.edu.co\/wp-content\/uploads\/2022\/03\/Logo-CIDER-2-01-3-768x383.jpg 768w, https:\/\/cider.ufpso.edu.co\/wp-content\/uploads\/2022\/03\/Logo-CIDER-2-01-3-1536x767.jpg 1536w, https:\/\/cider.ufpso.edu.co\/wp-content\/uploads\/2022\/03\/Logo-CIDER-2-01-3-2048x1022.jpg 2048w\" sizes=\"auto, (max-width: 1024px) 100vw, 1024px\" \/><\/figure><div class=\"wp-block-media-text__content\">\n<p class=\"has-text-align-center has-neve-link-color-color has-text-color has-x-large-font-size\"><strong>Centro de Investigaci\u00f3n para el Desarrollo Regional  <\/strong><\/p>\n<\/div><\/div>\n\n\n\n<hr class=\"wp-block-separator has-css-opacity\"\/>\n\n\n\n<div class=\"wp-block-columns is-layout-flex wp-container-core-columns-is-layout-1 wp-block-columns-is-layout-flex\">\n<div class=\"wp-block-column ticss-4ce656f1 is-layout-flow wp-block-column-is-layout-flow\"><div class=\"wp-block-image icon-style is-style-rounded wp-duotone-rgb255255255-rgb8718114-1\">\n<figure class=\"aligncenter size-large is-resized\"><img decoding=\"async\" src=\"https:\/\/s33834.pcdn.co\/wp-content\/uploads\/2020\/12\/phone-solid-1.svg\" alt=\"\" style=\"width:64px;height:64px\"\/><\/figure><\/div>\n\n\n<h3 class=\"wp-block-heading has-text-align-center has-neve-text-color-color has-text-color\">Ll\u00e1manos<\/h3>\n\n\n\n<p class=\"has-text-align-center has-neve-text-color-color has-text-color\" style=\"font-size:15px\">          5690088 Ext:523 | Lunes &#8211; Viernes            <\/p>\n\n\n\n<p class=\"has-text-align-center has-neve-text-color-color has-text-color\" style=\"font-size:15px\">7:00 am \u2013 12:00 pm | 2:00 pm -5:00pm<\/p>\n<\/div>\n\n\n\n<div class=\"wp-block-column ticss-f6fc7494 is-layout-flow wp-block-column-is-layout-flow\"><div class=\"wp-block-image icon-style is-style-rounded wp-duotone-rgb254254254-rgb8718114-2\">\n<figure class=\"aligncenter size-large is-resized\"><img decoding=\"async\" src=\"https:\/\/s33834.pcdn.co\/wp-content\/uploads\/2020\/12\/at-solid-1.svg\" alt=\"\" style=\"width:64px;height:64px\"\/><\/figure><\/div>\n\n\n<h3 class=\"wp-block-heading has-text-align-center has-neve-text-color-color has-text-color\">Email<\/h3>\n\n\n\n<p class=\"has-text-align-center has-neve-text-color-color has-text-color\" style=\"font-size:15px\">cider@ufpso.edu.co<\/p>\n<\/div>\n\n\n\n<div class=\"wp-block-column is-layout-flow wp-block-column-is-layout-flow\"><div class=\"wp-block-image icon-style is-style-rounded wp-duotone-rgb251251251-rgb8718114-3\">\n<figure class=\"aligncenter size-large is-resized\"><img decoding=\"async\" src=\"https:\/\/s33834.pcdn.co\/wp-content\/uploads\/2020\/12\/location.svg\" alt=\"\" style=\"width:64px;height:64px\"\/><\/figure><\/div>\n\n\n<h3 class=\"wp-block-heading has-text-align-center has-neve-text-color-color has-text-color\">Direcci\u00f3n<\/h3>\n\n\n\n<p class=\"has-text-align-center has-neve-text-color-color has-text-color\" style=\"font-size:15px\">Oca\u00f1a, v\u00eda algodonal-  Oficina CIDER<\/p>\n<\/div>\n<\/div>\n<\/div><\/div>\n\n\n\n<hr class=\"wp-block-separator has-css-opacity\"\/>\n\n\n\n<div class=\"wp-block-columns is-layout-flex wp-container-core-columns-is-layout-4 wp-block-columns-is-layout-flex\">\n<div class=\"wp-block-column is-layout-flow wp-block-column-is-layout-flow\">\n<div class=\"wp-block-columns is-layout-flex wp-container-core-columns-is-layout-2 wp-block-columns-is-layout-flex\">\n<div class=\"wp-block-column is-layout-flow wp-block-column-is-layout-flow\"><div class=\"wp-block-image\">\n<figure class=\"aligncenter size-large\"><img decoding=\"async\" src=\"https:\/\/cider.ufpso.edu.co\/wp-content\/uploads\/2023\/03\/OLE-2.png\" alt=\"\"\/><\/figure><\/div><\/div>\n\n\n\n<div class=\"wp-block-column is-layout-flow wp-block-column-is-layout-flow\">\n<h3 class=\"wp-block-heading has-text-align-center has-text-color\" style=\"color:#000000\">Observatorio Laboral y Econ\u00f3mico <\/h3>\n\n\n\n<p class=\"has-text-align-center\">ole@ufpso.edu.co<\/p>\n<\/div>\n<\/div>\n<\/div>\n\n\n\n<div class=\"wp-block-column is-layout-flow wp-block-column-is-layout-flow\">\n<div class=\"wp-block-columns is-layout-flex wp-container-core-columns-is-layout-3 wp-block-columns-is-layout-flex\">\n<div class=\"wp-block-column is-layout-flow wp-block-column-is-layout-flow\"><div class=\"wp-block-image\">\n<figure class=\"aligncenter size-large is-resized\"><img decoding=\"async\" src=\"https:\/\/cider.ufpso.edu.co\/wp-content\/uploads\/2023\/03\/OBSERVATORIOSS-scaled.jpg\" alt=\"\" style=\"width:180px;height:175px\"\/><\/figure><\/div><\/div>\n\n\n\n<div class=\"wp-block-column is-layout-flow wp-block-column-is-layout-flow\">\n<h3 class=\"wp-block-heading has-text-align-center has-text-color\" style=\"color:#000000\"><strong>Observatorio del Sector Solidario<\/strong><\/h3>\n\n\n\n<p class=\"has-text-align-center has-extra-small-font-size\">observatoriosolidario@ufpso.edu.co<\/p>\n<\/div>\n<\/div>\n<\/div>\n<\/div>\n\n\n\n<hr class=\"wp-block-separator has-css-opacity\"\/>\n\n\n\n<div class=\"wp-block-columns is-layout-flex wp-container-core-columns-is-layout-7 wp-block-columns-is-layout-flex\">\n<div class=\"wp-block-column is-layout-flow wp-block-column-is-layout-flow\">\n<div class=\"wp-block-columns is-layout-flex wp-container-core-columns-is-layout-5 wp-block-columns-is-layout-flex\">\n<div class=\"wp-block-column is-layout-flow wp-block-column-is-layout-flow\"><div class=\"wp-block-image\">\n<figure class=\"aligncenter size-full is-resized\"><img loading=\"lazy\" decoding=\"async\" width=\"278\" height=\"152\" src=\"https:\/\/cider.ufpso.edu.co\/wp-content\/uploads\/2022\/03\/rota.png\" alt=\"\" class=\"wp-image-4194\" style=\"width:200px;height:136px\"\/><\/figure><\/div><\/div>\n\n\n\n<div class=\"wp-block-column is-layout-flow wp-block-column-is-layout-flow\">\n<h3 class=\"wp-block-heading has-text-align-center has-text-color\" style=\"color:#000000\"><strong><strong>Grupo de Investigaci\u00f3n <\/strong><\/strong>Rota<\/h3>\n\n\n\n<p class=\"has-text-align-center has-extra-small-font-size\">rota@ufpso.edu.co<\/p>\n<\/div>\n<\/div>\n<\/div>\n\n\n\n<div class=\"wp-block-column is-layout-flow wp-block-column-is-layout-flow\">\n<div class=\"wp-block-columns is-layout-flex wp-container-core-columns-is-layout-6 wp-block-columns-is-layout-flex\">\n<div class=\"wp-block-column is-layout-flow wp-block-column-is-layout-flow\"><div class=\"wp-block-image\">\n<figure class=\"aligncenter size-full is-resized\"><img loading=\"lazy\" decoding=\"async\" width=\"350\" height=\"143\" src=\"https:\/\/cider.ufpso.edu.co\/wp-content\/uploads\/2022\/03\/GIDSE.png\" alt=\"\" class=\"wp-image-4193\" style=\"width:200px;height:130px\" srcset=\"https:\/\/cider.ufpso.edu.co\/wp-content\/uploads\/2022\/03\/GIDSE.png 350w, https:\/\/cider.ufpso.edu.co\/wp-content\/uploads\/2022\/03\/GIDSE-300x123.png 300w\" sizes=\"auto, (max-width: 350px) 100vw, 350px\" \/><\/figure><\/div><\/div>\n\n\n\n<div class=\"wp-block-column is-layout-flow wp-block-column-is-layout-flow\">\n<h3 class=\"wp-block-heading has-text-align-center has-text-color\" style=\"color:#000000\"><strong>Grupo de Investigaci\u00f3n GIDSE<\/strong><\/h3>\n\n\n\n<p class=\"has-text-align-center has-extra-small-font-size\">gidse@ufpso.edu.co <\/p>\n<\/div>\n<\/div>\n<\/div>\n<\/div>\n<\/div><\/div>\n\n\n\n<div class=\"wp-block-columns is-layout-flex wp-container-core-columns-is-layout-10 wp-block-columns-is-layout-flex\">\n<div class=\"wp-block-column is-layout-flow wp-block-column-is-layout-flow\">\n<div class=\"wp-block-columns is-layout-flex wp-container-core-columns-is-layout-9 wp-block-columns-is-layout-flex\">\n<div class=\"wp-block-column is-layout-flow wp-block-column-is-layout-flow\">\n<div class=\"wp-block-columns is-layout-flex wp-container-core-columns-is-layout-8 wp-block-columns-is-layout-flex\">\n<div class=\"wp-block-column is-layout-flow wp-block-column-is-layout-flow\">\n<figure class=\"wp-block-image size-large\"><img loading=\"lazy\" decoding=\"async\" width=\"1024\" height=\"553\" src=\"https:\/\/cider.ufpso.edu.co\/wp-content\/uploads\/2024\/08\/Logo-GICAE_Mesa-de-trabajo-1-1024x553.png\" alt=\"\" class=\"wp-image-6766\" srcset=\"https:\/\/cider.ufpso.edu.co\/wp-content\/uploads\/2024\/08\/Logo-GICAE_Mesa-de-trabajo-1-1024x553.png 1024w, https:\/\/cider.ufpso.edu.co\/wp-content\/uploads\/2024\/08\/Logo-GICAE_Mesa-de-trabajo-1-300x162.png 300w, https:\/\/cider.ufpso.edu.co\/wp-content\/uploads\/2024\/08\/Logo-GICAE_Mesa-de-trabajo-1-768x415.png 768w, https:\/\/cider.ufpso.edu.co\/wp-content\/uploads\/2024\/08\/Logo-GICAE_Mesa-de-trabajo-1-1536x829.png 1536w, https:\/\/cider.ufpso.edu.co\/wp-content\/uploads\/2024\/08\/Logo-GICAE_Mesa-de-trabajo-1-2048x1106.png 2048w\" sizes=\"auto, (max-width: 1024px) 100vw, 1024px\" \/><\/figure>\n<\/div>\n\n\n\n<div class=\"wp-block-column is-layout-flow wp-block-column-is-layout-flow\">\n<h3 class=\"wp-block-heading has-text-align-center has-text-color\" style=\"color:#000000\"><strong><strong>Grupo de Investigaci\u00f3n <\/strong><\/strong>GICAE<\/h3>\n\n\n\n<p class=\"has-text-align-center has-extra-small-font-size\">gicae@ufpso.edu.co<\/p>\n<\/div>\n<\/div>\n<\/div>\n\n\n\n<div class=\"wp-block-column is-layout-flow wp-block-column-is-layout-flow\"><\/div>\n<\/div>\n<\/div>\n<\/div>\n\n\n\n<hr class=\"wp-block-separator has-css-opacity\"\/>\n\n\n\n<div class=\"wp-block-cover alignfull\" style=\"min-height:142px;aspect-ratio:unset;\"><span aria-hidden=\"true\" class=\"wp-block-cover__background has-background-dim\"><\/span><img loading=\"lazy\" decoding=\"async\" width=\"1160\" height=\"355\" class=\"wp-block-cover__image-background wp-image-3912\" alt=\"\" src=\"https:\/\/cider.ufpso.edu.co\/wp-content\/uploads\/2021\/04\/3714_105909.jpg\" data-object-fit=\"cover\" srcset=\"https:\/\/cider.ufpso.edu.co\/wp-content\/uploads\/2021\/04\/3714_105909.jpg 1160w, https:\/\/cider.ufpso.edu.co\/wp-content\/uploads\/2021\/04\/3714_105909-300x92.jpg 300w, https:\/\/cider.ufpso.edu.co\/wp-content\/uploads\/2021\/04\/3714_105909-1024x313.jpg 1024w, https:\/\/cider.ufpso.edu.co\/wp-content\/uploads\/2021\/04\/3714_105909-768x235.jpg 768w\" sizes=\"auto, (max-width: 1160px) 100vw, 1160px\" \/><div class=\"wp-block-cover__inner-container is-layout-flow wp-block-cover-is-layout-flow\">\n<p class=\"has-text-align-center has-large-font-size\"><\/p>\n<\/div><\/div>\n\n\n\n<div class=\"wp-block-buttons alignfull is-layout-flex wp-block-buttons-is-layout-flex\">\n<div class=\"wp-block-button has-custom-width wp-block-button__width-100 is-style-secondary\"><a class=\"wp-block-button__link has-background wp-element-button\" href=\"https:\/\/ufpso.edu.co\/fcae\/cider\" style=\"background:linear-gradient(135deg,rgb(82,30,62) 0%,rgb(116,60,154) 49%,rgb(79,61,118) 100%)\"><strong>INSTITUCI\u00d3N DE EDUCACI\u00d3N SUPERIOR SUJETA A INSPECCI\u00d3N Y VIGILANCIA POR EL MINISTERIO DE EDUCACI\u00d3N NACIONAL UNIVERSIDAD FRANCISCO DE PAULA SANTANDER OCA\u00d1A \u2013 COLOMBIA V\u00cdA ACOLSURE, SEDE EL ALGODONAL OCA\u00d1A NORTE DE SANTANDER \u2013 C\u00d3DIGO POSTAL: 546552 HORARIO DE ATENCI\u00d3N: LUNES A VIERNES 7:00 A.M. A 12:00 M. Y DE 2:00 P.M A 5:00 P.M. PBX: (+57) (7) 5690088, FUERA DE OCA\u00d1A: 01-8000-12102<\/strong><\/a><\/div>\n<\/div>\n","protected":false},"excerpt":{"rendered":"<p>Observatorio Laboral y Econ\u00f3mico ole@ufpso.edu.co Observatorio del Sector Solidario observatoriosolidario@ufpso.edu.co Grupo de Investigaci\u00f3n Rota rota@ufpso.edu.co Grupo de Investigaci\u00f3n GIDSE gidse@ufpso.edu.co Grupo de Investigaci\u00f3n GICAE gicae@ufpso.edu.co<\/p>\n","protected":false},"author":1,"featured_media":0,"parent":0,"menu_order":0,"comment_status":"closed","ping_status":"closed","template":"","meta":{"neve_meta_sidebar":"default","neve_meta_container":"","neve_meta_enable_content_width":"on","neve_meta_content_width":100,"neve_meta_title_alignment":"","neve_meta_author_avatar":"","neve_post_elements_order":"","neve_meta_disable_header":"","neve_meta_disable_footer":"","neve_meta_disable_title":"on","footnotes":""},"class_list":["post-3902","page","type-page","status-publish","hentry"],"_links":{"self":[{"href":"https:\/\/cider.ufpso.edu.co\/index.php?rest_route=\/wp\/v2\/pages\/3902","targetHints":{"allow":["GET"]}}],"collection":[{"href":"https:\/\/cider.ufpso.edu.co\/index.php?rest_route=\/wp\/v2\/pages"}],"about":[{"href":"https:\/\/cider.ufpso.edu.co\/index.php?rest_route=\/wp\/v2\/types\/page"}],"author":[{"embeddable":true,"href":"https:\/\/cider.ufpso.edu.co\/index.php?rest_route=\/wp\/v2\/users\/1"}],"replies":[{"embeddable":true,"href":"https:\/\/cider.ufpso.edu.co\/index.php?rest_route=%2Fwp%2Fv2%2Fcomments&post=3902"}],"version-history":[{"count":71,"href":"https:\/\/cider.ufpso.edu.co\/index.php?rest_route=\/wp\/v2\/pages\/3902\/revisions"}],"predecessor-version":[{"id":6768,"href":"https:\/\/cider.ufpso.edu.co\/index.php?rest_route=\/wp\/v2\/pages\/3902\/revisions\/6768"}],"wp:attachment":[{"href":"https:\/\/cider.ufpso.edu.co\/index.php?rest_route=%2Fwp%2Fv2%2Fmedia&parent=3902"}],"curies":[{"name":"wp","href":"https:\/\/api.w.org\/{rel}","templated":true}]}}